{"id":1142,"date":"2015-02-13T00:00:00","date_gmt":"2015-02-12T23:00:00","guid":{"rendered":"http:\/\/www.grappa.no\/albums\/uncategorized\/kare-nybakk-passasjeren\/"},"modified":"2017-01-07T20:18:13","modified_gmt":"2017-01-07T19:18:13","slug":"kare-nybakk-passasjeren","status":"publish","type":"product","link":"https:\/\/grappa.no\/no\/albums\/grappa\/kare-nybakk-passasjeren\/","title":{"rendered":"K\u00e5re Nybakk: Passasjeren"},"content":{"rendered":"<p><\/p>\n<p>K\u00e5re Nybakk ser tilbake \u2013 og fremover<\/p>\n<p>K\u00e5re Nybakk har skrevet over 30 profesjonelle helaftens forestillinger i sjangre som stand-up, kabaret, fortellerteater, musikaler og forestillinger for barn. For blant annet Shabana Rehman, Jon Schau, Zahid Ali og jentene fra Tramteatret. I 2011 ga han ut platen: \u201cEn bl\u00e5 flanellograf\u201d<br \/>\nN\u00e5 gir han ut en ny plate; \u201dPassasjeren\u201d.<\/p>\n<p>Musikalsk ligger K\u00e5re Nybakks hjerte i det akustiske med linjer b\u00e5de til svensk og irsk visetradisjon. Med instrumenter som akustisk gitar, fiolin, kontrabass og piano.<\/p>\n<p>P\u00e5 albumet er temaet Virvelvinden \u2013 gutten som begynner p\u00e5 barneskolen p\u00e5 60-tallet. En skole med mange regler og der alle skal v\u00e6re like. Gradvis blir virvelvinden dempet ned. Helter og input bestemmes av en enhetsskole, og en tro som tolker Bibelen bokstavelig. Han f\u00e5r en f\u00f8lelse av \u00e5 v\u00e6re en passasjer i livet. I godt voksen alder kommer f\u00f8lelsen av \u00e5 v\u00e6re passasjer tilbake. Tiden g\u00e5r fortere og fortere, det er igjen vanskelig \u00e5 bestemme hvor toget skal g\u00e5.<\/p>\n<p><!--more--><\/p>\n<p>K\u00e5re Nybakk har skrevet over 30 profesjonelle helaftens forestillinger i sjangre som stand-up, kabaret, fortellerteater, musikaler og forestillinger for barn. For blant annet Shabana Rehman, Jon Schau, Zahid Ali og jentene fra Tramteatret. I 2011 ga han ut platen: \u201cEn bl\u00e5 flanellograf\u201d. N\u00e5 gir han ut en ny plate; \u201dPassasjeren\u201d.<\/p>\n<h4>Virvelvinden<\/h4>\n<p>Virvelvinden, gutten som begynner p\u00e5 barneskolen p\u00e5 60-tallet. Her m\u00f8ter han en skole med mange regler, der alle skal v\u00e6re like. Det er ikke lov \u00e5 skille seg ut, ikke v\u00e6re annerledes enn andre.<br \/>\nParallelt tar hans strengt kristne foreldre ham med p\u00e5 bedehuset. Enda flere og strengere regler.<br \/>\nGradvis blir Virvelvinden dempet ned\u2026 Helter og input bestemmes av en enhetsskole, og en tro som tolker Bibelen bokstavelig. Han f\u00e5r en f\u00f8lelse av \u00e5 v\u00e6re en passasjer i livet.<br \/>\nI godt voksen alder kommer f\u00f8lelsen av \u00e5 v\u00e6re passasjer tilbake. Tiden g\u00e5r fortere og fortere, det er igjen vanskelig \u00e5 bestemme hvor toget skal g\u00e5.<br \/>\n\u00abJeg st\u00e5r midt i livet, ser rundt meg, ser forover og ser tilbake. Rundt meg, ser jeg alt som skjer, alt som g\u00e5r fortere og fortere. F\u00f8lelsen av \u00e5 bare v\u00e6re passasjer i mitt eget liv.\u00bb <\/p>\n<p>Sangen Passasjeren viser f\u00f8lelsen av \u00e5 sitte p\u00e5 et tog som g\u00e5r fortere og fortere, uten \u00e5 kunne p\u00e5virke hvor toget reiser. \u00ab\u00c5 v\u00e6re midt i livet, medf\u00f8rer at jeg treffer potensielle partnere som er like redd for forpliktelser som meg selv.\u00bb K\u00e5re forteller videre at det blir viktigere \u00e5 ta vare p\u00e5 ting man har, enn \u00e5 velge kj\u00e6rligheten. Duetten Kyss meg f\u00f8r solen g\u00e5r ned formidler denne opplevelsen. Duettpartner er Kari Iveland.<\/p>\n<h4>Oppveksten<\/h4>\n<p>K\u00e5re Nybakk er f\u00f8dt og oppvokst p\u00e5 en liten g\u00e5rd p\u00e5 Sand i Nord-Odal i Hedmark.<\/p>\n<p>\u00abN\u00e5r jeg ser tilbake, ser jeg oppveksten i Odalen p\u00e5 60-tallet, som var preget av etterkrigstidens sosialdemokrati. Likhetstankegangen var r\u00e5dende. Sangen Virvelvind forteller om \u00e5rene p\u00e5 barneskolen: Torbj\u00f8rn Egners leseb\u00f8ker, \u201dHa takk O Gud for dagen\u201d, disiplin og pubertet. Differensiert undervisning fantes ikke. Det var ikke lov \u00e5 regne videre, hvis man var flink matte. N\u00e5r jeg ser forover, f\u00e5r jeg bilder av min fars d\u00f8d. Det setter ting i perspektiv, alt er forgjengelig. Sangen Livet tar tilbake viser hvordan alt vi har f\u00e5tt tas tilbake.\u00bb  <\/p>\n<p>Han vokste opp i et hjem fullt av kristen sang og musikk. Bedehuset var den f\u00f8rste scenen han sto p\u00e5.<br \/>\nHan l\u00e6rte seg tidlig \u00e5 spille gitar, og musikken ble fra da av en viktig del av hans liv.<br \/>\nI starten var nok sangutvalget noe preget av foreldrenes kristne p\u00e5virkning, men dette<br \/>\nskulle snart utvikle seg. I Nord-Odal startet han sitt f\u00f8rste band, et garasjeband som spilte egne l\u00e5ter skrevet av K\u00e5re Nybakk. Tekstene var da p\u00e5 engelsk. Gymnastid i Eidsvoll f\u00f8rte ham inn i visesangens verden, med hovedvekt p\u00e5 svensk visetradisjon, fra Bellman via Cornelis Vreeswijk til Ulf Lundell. I studentersamfunnet stod det ogs\u00e5 et piano, som han energisk kastet seg over. Hele sitt voksne liv har han bodd p\u00e5 Oslos \u00f8stkant, og livn\u00e6rt seg som kunstner.<\/p>\n<h4><\/h4>\n<\/p>\n<p><\/p>","protected":false},"excerpt":{"rendered":"<p>P\u00e5 albumet er temaet Virvelvinden \u2013 gutten som begynner p\u00e5 barneskolen p\u00e5 60-tallet.<\/p>\n","protected":false},"featured_media":27136,"comment_status":"closed","ping_status":"open","template":"","meta":[],"product_brand":[],"product_cat":[6],"product_tag":[],"class_list":{"0":"post-1142","1":"product","2":"type-product","3":"status-publish","4":"has-post-thumbnail","6":"product_cat-grappa","7":"product_shipping_class-cddvd-shipping","8":"uni_artist_tag-gunhild-mathea-olaussen","9":"uni_artist_tag-hanne-haugsand","10":"uni_artist_tag-kare-nybakk","11":"uni_artist_tag-kari-iveland","12":"uni_artist_tag-richard-johnsen","13":"uni_main_artist_tag-kare-nybakk","14":"uni_artist_genre-norwegian-text","15":"uni_artist_genre-singersongwriter","16":"uni_artist_genre-vise","18":"first","19":"instock","20":"taxable","21":"shipping-taxable","22":"purchasable","23":"product-type-simple"},"_links":{"self":[{"href":"https:\/\/grappa.no\/no\/wp-json\/wp\/v2\/product\/1142","targetHints":{"allow":["GET"]}}],"collection":[{"href":"https:\/\/grappa.no\/no\/wp-json\/wp\/v2\/product"}],"about":[{"href":"https:\/\/grappa.no\/no\/wp-json\/wp\/v2\/types\/product"}],"replies":[{"embeddable":true,"href":"https:\/\/grappa.no\/no\/wp-json\/wp\/v2\/comments?post=1142"}],"wp:featuredmedia":[{"embeddable":true,"href":"https:\/\/grappa.no\/no\/wp-json\/wp\/v2\/media\/27136"}],"wp:attachment":[{"href":"https:\/\/grappa.no\/no\/wp-json\/wp\/v2\/media?parent=1142"}],"wp:term":[{"taxonomy":"product_brand","embeddable":true,"href":"https:\/\/grappa.no\/no\/wp-json\/wp\/v2\/product_brand?post=1142"},{"taxonomy":"product_cat","embeddable":true,"href":"https:\/\/grappa.no\/no\/wp-json\/wp\/v2\/product_cat?post=1142"},{"taxonomy":"product_tag","embeddable":true,"href":"https:\/\/grappa.no\/no\/wp-json\/wp\/v2\/product_tag?post=1142"}],"curies":[{"name":"wp","href":"https:\/\/api.w.org\/{rel}","templated":true}]}}