{"id":1139,"date":"2015-01-09T00:00:00","date_gmt":"2015-01-08T23:00:00","guid":{"rendered":"http:\/\/www.grappa.no\/albums\/uncategorized\/det-kromatiske-minnet\/"},"modified":"2019-11-11T10:14:08","modified_gmt":"2019-11-11T09:14:08","slug":"det-kromatiske-minnet","status":"publish","type":"product","link":"https:\/\/grappa.no\/no\/albums\/grappa\/det-kromatiske-minnet\/","title":{"rendered":"Det Kromatiske Minnet"},"content":{"rendered":"<p><\/p>\n<p>Det Kromatiske Minnet <\/p>\n<p>Ole Henrik og Lars har jobbet sammen siden de m\u00f8tte hverandre gjennom prosjektet: \u00abDen akustiske skyggen\u00bb, skrevet til Jazzfestivalen i Molde 1993. Etter en formidabel suksess med framf\u00f8ringen der fikk de ny bestilling til Molde i 1998. Det ble til forestillingen \u00abSkrapjern og silke\u00bb, utgitt p\u00e5 Grappa i 1999. I 2000 ga Lars ut diktsamlingen \u00abMann for sin katt\u00bb. Ole Henrik skrev da musikk til flere av diktene med tanke p\u00e5 en forestilling.<\/p>\n<p>I 2009 fikk de bestilling til en forestilling fra Festspillene i Harstad, som ble til verket \u00abDen bl\u00e5 kofferten\u00bb med Terje Str\u00f8mdahl og Kristin Kajander i hovedrollene. Det er materialet fra disse to prosjektene som n\u00e5 utgj\u00f8r materialet p\u00e5 cd-samlingen \u00abDet kromatiske minnet\u00bb.Lars er kjent for det norske publikummet fras sin allsidige og lange verkliste som omfatter romaner, noveller, diktsamlinger og filmer. Ole Henrik har bakgrunn som komponist og musiker med en lang rekke orkestre og artister tilbake fra 70-tallet, som f.eks Chipahua, Lotus, Ab und Zu m.m.<\/p>\n<p><!--more--><\/p>\n<p>Gi\u00f8rtz + Saabye: Det Kromatiske Minnet<\/p>\n<h4>Materiale<\/h4>\n<p>I 2000 ga Lars ut diktsamlingen \u00abMann for sin katt\u00bb. Ole Henrik skrev da musikk til flere av diktene med tanke p\u00e5 en forestilling. I 2009 fikk de bestilling til en forestilling fra Festspillene i Harstad, som ble til verket \u00abDen bl\u00e5 kofferten\u00bb med Terje Str\u00f8mdahl og Kristin Kajander i hovedrollene.<\/p>\n<p>Det er materialet fra disse to prosjektene som n\u00e5 utgj\u00f8r materialet p\u00e5 cd-samlingen \u00abDet kromatiske minnet\u00bb. Lars Saabye Christensen er kjent for det norske publikummet fras sin allsidige og lange verkliste som omfatter romaner, noveller, diktsamlinger og filmer. Ole Henrik Gi\u00f8rtz har bakgrunn som komponist og musiker med en lang rekke orkestre og artister tilbake fra 70-tallet, som f.eks Chipahua, Lotus, Ab und Zu m.m. <\/p>\n<p>Kattetekstene er hentet fra diktsamlingen \u00abMann for sin katt\u00bb 2000.<br \/>\n\u00d8vrige tekster og musikk er fra bestillingsverket \u00abDen bl\u00e5 kofferten\u00bb til Festspillene i Nord-Norge 2009.<br \/>\nSuite skrevet i 1995.<\/p>\n<h4><\/h4>\n<p><h4><\/h4>\n<\/p>\n<p><\/p>","protected":false},"excerpt":{"rendered":"<p>Ole Henrik Gi\u00f8rtz og Lars Saabye Christensen har jobbet sammen siden de m\u00f8tte hverandre gjennom prosjektet: \u00abDen akustiske skyggen\u00bb, skrevet til Jazzfestivalen i Molde 1993.<\/p>\n","protected":false},"featured_media":27147,"comment_status":"closed","ping_status":"open","template":"","meta":[],"product_brand":[],"product_cat":[6],"product_tag":[],"class_list":{"0":"post-1139","1":"product","2":"type-product","3":"status-publish","4":"has-post-thumbnail","6":"product_cat-grappa","7":"product_shipping_class-cddvd-shipping","8":"uni_artist_tag-askild-lovold","9":"uni_artist_tag-eduardo-di-capua","10":"uni_artist_tag-elin-rosseland","11":"uni_artist_tag-heidi-gjermundsen-broch","12":"uni_artist_tag-jacob-eri-myhre","13":"uni_artist_tag-karen-rosenberg-olsen","14":"uni_artist_tag-kristin-kajander","15":"uni_artist_tag-lars-saabye-christensen","16":"uni_artist_tag-olaf-kamfjord","17":"uni_artist_tag-ole-henrik-giortz","18":"uni_artist_tag-sigrun-eng","19":"uni_artist_tag-siv-kjenstad","20":"uni_artist_tag-terje-stromdahl","21":"uni_artist_tag-victoria-folkedal","22":"uni_main_artist_tag-ole-henrik-giortz","23":"uni_artist_genre-jazz","24":"uni_artist_genre-lyric","26":"first","27":"instock","28":"taxable","29":"shipping-taxable","30":"purchasable","31":"product-type-simple"},"_links":{"self":[{"href":"https:\/\/grappa.no\/no\/wp-json\/wp\/v2\/product\/1139","targetHints":{"allow":["GET"]}}],"collection":[{"href":"https:\/\/grappa.no\/no\/wp-json\/wp\/v2\/product"}],"about":[{"href":"https:\/\/grappa.no\/no\/wp-json\/wp\/v2\/types\/product"}],"replies":[{"embeddable":true,"href":"https:\/\/grappa.no\/no\/wp-json\/wp\/v2\/comments?post=1139"}],"wp:featuredmedia":[{"embeddable":true,"href":"https:\/\/grappa.no\/no\/wp-json\/wp\/v2\/media\/27147"}],"wp:attachment":[{"href":"https:\/\/grappa.no\/no\/wp-json\/wp\/v2\/media?parent=1139"}],"wp:term":[{"taxonomy":"product_brand","embeddable":true,"href":"https:\/\/grappa.no\/no\/wp-json\/wp\/v2\/product_brand?post=1139"},{"taxonomy":"product_cat","embeddable":true,"href":"https:\/\/grappa.no\/no\/wp-json\/wp\/v2\/product_cat?post=1139"},{"taxonomy":"product_tag","embeddable":true,"href":"https:\/\/grappa.no\/no\/wp-json\/wp\/v2\/product_tag?post=1139"}],"curies":[{"name":"wp","href":"https:\/\/api.w.org\/{rel}","templated":true}]}}