{"id":1137,"date":"2014-12-05T00:00:00","date_gmt":"2014-12-04T23:00:00","guid":{"rendered":"http:\/\/www.grappa.no\/albums\/uncategorized\/alt-til-sin-tid\/"},"modified":"2016-08-16T10:03:44","modified_gmt":"2016-08-16T09:03:44","slug":"alt-til-sin-tid","status":"publish","type":"product","link":"https:\/\/grappa.no\/no\/albums\/grappa\/alt-til-sin-tid\/","title":{"rendered":"Alt Til Sin Tid"},"content":{"rendered":"<p><\/p>\n<p>Vann &#8211; Alt til sin tid<\/p>\n<p>L\u00e5tskriver og vokalist, Bj\u00f8rn Eilert Mork, hadde i mange \u00e5r jobbet med l\u00e5ter, riff og tekster.<br \/>\nTiden for nynning, skriblerier i en bok og innsynging p\u00e5 mobiltelefonen var over; det var p\u00e5 h\u00f8y tid \u00e5 skape et ferdig produkt.<br \/>\nGitarist og produsent Trygve Thue (Saft, Hole in the wall) takket ja til \u00e5 v\u00e6re med med en gang, det samme gjorde trommis Magne \u00abManna\u00bb Lunde (Saft, Human Beings). Begge med begrunnelsen at de likte det de h\u00f8rte. Like etter ble bassist Geir Rogn\u00f8 (Little Big Band, Hot Cargo) ogs\u00e5 med, og var veldig positiv, b\u00e5de med tanke p\u00e5 l\u00e5tene, men ogs\u00e5 \u00e5 f\u00e5 jobbe sammen igjen med Trygve og Magne.<br \/>\nGjennom samarbeidet har det blitt 11 l\u00e5ter innen rock, viserock og poprock. Mange har brukt ordet \u00abkultband\u00bb, grunnet bandets spesielle sammensetning. Selv sier de studioband, med muligheter til \u00e5 bli lokket opp p\u00e5 en scene eller to.<\/p>\n<p><!--more--><\/p>\n<p>VANN &#8211; Alt til sin tid<\/p>\n<h4>Lidenskap for musikken<\/h4>\n<p>Ettersom Mork hadde v\u00e6rt en passiv del av det store musikkmilj\u00f8et i Bergen i mange \u00e5r, kunne han han sp\u00f8rre flere forskjellige musikere om \u00e5 sette sammen et band. Han valgte utradisjonelt. Mye p\u00e5 grunn av hans lidenskap for musikken fra midten av sekstitallet til han selv ble f\u00f8dt p\u00e5 syttitallet, og valget falt ned p\u00e5 rutinerte legender inne bergensrocken. Det var heller ingen ulempe at disse musikerne var tilgjengelig og veldig positive. Gitarist og produsent Trygve Thue takket ja med en gang, det samme gjorde trommis Magne Lunde. Begge med begrunnelsen at de likte det de h\u00f8rte, og at de s\u00e5 det som et spennende prosjekt. Bassist Geir Rogn\u00f8 var ogs\u00e5 veldig positiv, b\u00e5de med tanke p\u00e5 l\u00e5tene, men ogs\u00e5 \u00e5 f\u00e5 jobbe sammen igjen med Trygve og Magne. <\/p>\n<p>I januar 2014 startet Bj\u00f8rn Eilert og Trygve produksjon av r\u00e5-demoer. Trygve la akkorder til Bj\u00f8rn Eilerts melodier, og samarbeidet har blomstret gjennom \u00e5ret. 11 l\u00e5ter innen rock, viserock og poprock har det blitt, i tillegg har bandet laget to musikkvideoer. Det som startet med en enkel m\u00e5lsetting om \u00e5 \u00abskape en liten krusning p\u00e5 vannet mellom de store bergensb\u00f8lgene\u00bb, har n\u00e5 blitt et lite b\u00f8lgeskvulp. Mange har brukt ordet \u00abkultband\u00bb grunnet bandets spesielle sammensetning, selv sier de studioband, med muligheter for \u00e5 bli lokket opp p\u00e5 en scene eller to.<\/p>\n<h4>VANN<\/h4>\n<p>Bj\u00f8rn Eilert Mork \u2013 l\u00e5tskriver og vokalist.<br \/>\nOppfostret p\u00e5 sekstitalls-rocken ble l\u00e5tskriver og vokalist Bj\u00f8rn Eilert Mork, tidlig hektet p\u00e5 det han selv omtaler som \u00abden beste musikken\u00bb. Riktignok har han interesse for mye mer enn Kinks, Uriah Heep og Deep Purple, men epoken f\u00f8r han selv ble f\u00f8dt er lidenskapen. Han var en av Marianne Perssons tjommier i Mariannes musikkbarnehage, f\u00f8r en velkjent, gul fugl kom til verden. Da var<br \/>\n\u00e5ttitallet i gang, og stolt kj\u00f8pte han sin f\u00f8rste plate i 1982; Paul McCartneys \u00abTug of War\u00bb. Han har sunget i alle \u00e5r, og lenge komponert l\u00e5ter for seg selv. Mange i musikkmilj\u00f8et i Bergen kjenner ham godt, men kanskje ikke som ut\u00f8vende vokalist og l\u00e5tskriver. Ved flere anledninger har han sunget duetter med etablerte artister, eller blitt dratt opp p\u00e5 lokale scener for \u00e5 gj\u00f8re en l\u00e5t eller to.<br \/>\nN\u00e5 er han alts\u00e5 ute med debutplaten \u00abAlt til sin tid\u00bb, sammen med tre ringrever innen bergensrocken. <\/p>\n<p>Trygve Thue \u2013 produsent, arrang\u00f8r og gitarist.<br \/>\nDet er ikke mye plass igjen p\u00e5 Trygve Thues CV innen musikken. Mest kjent er han nok fremdeles som en av landets beste gitarister i grupper som Saft og Hole in the Wall, men han har ogs\u00e5 en lang karriere bak seg som plateprodusent. Artister som Jan Eggum, Ole Paus, Knutsen og Ludvigsen, Sissel Kyrkjeb\u00f8, Rune Larsen (Lollipop) og Bj\u00f8rn Eidsv\u00e5g har alle f\u00e5tt nyte godt av Thues grudige produksjoner. Det har blitt over 200 plateproduksjoner, mest fra Bergen Lydstudio, som han startet i 1976. Han var kapellmester i Lollipop p\u00e5 90-tallet og har livn\u00e6rt seg av musikken siden slutten av 60-tallet. Han var en pion\u00e9r i norsk musikk da han p\u00e5 tidlig syttitall inngikk samarbeid med Sigbj\u00f8rn Bernhoft Osa, som sammen med Saft blandet folkemusikk og rock. Dette kulminerte i en felles opptreden mellom den ber\u00f8mte folkemusikeren og de langh\u00e5rete rockerne i Saft p\u00e5 Ragnarock-<br \/>\nfestivalen i 1973. \u00c5ret etter mottok Saft Spellemannsprisen for beste gruppe. Trygve Thue jobber fremdeles med musikk i sitt eget hobbystudio, og kvaliteten er det ingenting \u00e5 si p\u00e5. Det kommer nok mer fra Trygve Thue fremover. <\/p>\n<p>Geir Aimar Rogn\u00f8 \u2013 bass.<br \/>\nVelkjent for de fleste musikkinteresserte i f\u00f8debyen, er Geir Rogn\u00f8 en sv\u00e6rt ettertraktet bassist. Han startet \u00e5 spille bass i 1976, og var en av de f\u00f8rste i landet som perfeksjonerte stilen innen funkybass. Han var bassist i Little Big Band og i jazzrockbandet Hot Cargo. I tillegg har han jobbet med flere profilerte artister som Jan Eggum, Egil Eld\u00f8en, Tor Endresen, P\u00e5l Thowsen og Kim Fairchild.<br \/>\nGeir mestrer mange stilarter og har jobbet i mange ulike konstellasjoner. Han har reist mye med Rikskonsertene, og har jobbet ved flere teaterscener, lengst ved Den Nationale Scene i Bergen. Geir har bidratt p\u00e5 flere titalls plateproduksjoner, og har jobbet med produsent Trygve Thue en rekke ganger tidligere. Han er stadig \u00e5 finne p\u00e5 Bergens scener, der han spiller med flere artister og i en rekke coverband. <\/p>\n<p>Magne Johan Lunde \u2013 trommer.<br \/>\nFor de fleste trenger ikke \u00abManna\u00bb noen presentasjon. Helt siden 1968 har Magne levd av musikken, b\u00e5de som artist og pedagog innen faget. Etter flere \u00e5r i bandene Human Beings og Saft, der han opplevde stor suksess, reise han til Danmark for \u00e5 ta utdannelse ved Det Jyske Musikkonservatorium. Tilbake i Norge var han en ettertraktet trommis for de fleste av landets st\u00f8rste artister. Han medvirker p\u00e5 plater fra artister som Jan Eggum, Bj\u00f8rn Eidsv\u00e5g, Sissel Kyrkjeb\u00f8, Jahn Teigen, Prima Vera og Vestlandsfanden. Listen er lang, veldig lang. Han har ogs\u00e5 spilt med britiske The Boys, og har hatt henvendelser fra flere godt meritterte, internasjonale band. I 2012 ble Magne h\u00f8ytidelig tildelt HM Kongens fortjenestemedalje i s\u00f8lv, et verdig og flott bevis p\u00e5 lang og tro tjeneste bak trommene. Dette har ikke gjort ham mindre aktiv, for han \u00f8ver minst like mye i dag som tidligere. Det kan vi h\u00f8re p\u00e5 denne produksjonen, som er Magnes plateproduksjon nummer 160.<\/p>\n<h4><\/h4>\n<\/p>\n<p><\/p>","protected":false},"excerpt":{"rendered":"<p>Mange har brukt ordet \u00abkultband\u00bb grunnet bandets spesielle sammensetning, selv sier de studioband, med muligheter for \u00e5 bli lokket opp p\u00e5 en scene eller to.<\/p>\n","protected":false},"featured_media":27156,"comment_status":"closed","ping_status":"open","template":"","meta":[],"product_brand":[],"product_cat":[6],"product_tag":[],"class_list":{"0":"post-1137","1":"product","2":"type-product","3":"status-publish","4":"has-post-thumbnail","6":"product_cat-grappa","7":"product_shipping_class-cddvd-shipping","8":"uni_artist_tag-bjorn-eilert-mork","9":"uni_artist_tag-trygve-thue","10":"uni_artist_tag-vann","11":"uni_main_artist_tag-vann","12":"uni_artist_genre-folk","13":"uni_artist_genre-norwegian","14":"uni_artist_genre-pop","15":"uni_artist_genre-rock","17":"first","18":"instock","19":"taxable","20":"shipping-taxable","21":"purchasable","22":"product-type-simple"},"_links":{"self":[{"href":"https:\/\/grappa.no\/no\/wp-json\/wp\/v2\/product\/1137","targetHints":{"allow":["GET"]}}],"collection":[{"href":"https:\/\/grappa.no\/no\/wp-json\/wp\/v2\/product"}],"about":[{"href":"https:\/\/grappa.no\/no\/wp-json\/wp\/v2\/types\/product"}],"replies":[{"embeddable":true,"href":"https:\/\/grappa.no\/no\/wp-json\/wp\/v2\/comments?post=1137"}],"wp:featuredmedia":[{"embeddable":true,"href":"https:\/\/grappa.no\/no\/wp-json\/wp\/v2\/media\/27156"}],"wp:attachment":[{"href":"https:\/\/grappa.no\/no\/wp-json\/wp\/v2\/media?parent=1137"}],"wp:term":[{"taxonomy":"product_brand","embeddable":true,"href":"https:\/\/grappa.no\/no\/wp-json\/wp\/v2\/product_brand?post=1137"},{"taxonomy":"product_cat","embeddable":true,"href":"https:\/\/grappa.no\/no\/wp-json\/wp\/v2\/product_cat?post=1137"},{"taxonomy":"product_tag","embeddable":true,"href":"https:\/\/grappa.no\/no\/wp-json\/wp\/v2\/product_tag?post=1137"}],"curies":[{"name":"wp","href":"https:\/\/api.w.org\/{rel}","templated":true}]}}