{"id":1135,"date":"2015-05-08T00:00:00","date_gmt":"2015-05-07T23:00:00","guid":{"rendered":"http:\/\/www.grappa.no\/albums\/uncategorized\/ketil-bjornstad-ole-paus-frolandia-17-sanger\/"},"modified":"2016-04-19T19:23:12","modified_gmt":"2016-04-19T18:23:12","slug":"ketil-bjornstad-ole-paus-frolandia-17-sanger","status":"publish","type":"product","link":"https:\/\/grappa.no\/no\/albums\/grappa\/ketil-bjornstad-ole-paus-frolandia-17-sanger\/","title":{"rendered":"Ketil Bj\u00f8rnstad &amp; Ole Paus: Frolandia &#8211; 17 sanger"},"content":{"rendered":"<p><\/p>\n<p>Landskapsmaleri i viseform<\/p>\n<p>P\u00e5 sitt nye album tar Ketil Bj\u00f8rnstad og Ole Paus oss med p\u00e5 \u201creisen innover\u201d gjennom 17 nyskrevne sanger. \u201cFROLANDIA \u2013 17 sanger\u201d er en personlig hyllest til landskapet og til sm\u00e5samfunnene i innlandet som Norge er full av, og til de menneskene som lever sine liv der.  Samtidig er det et nytt h\u00f8ydepunkt i et samarbeid mellom to gode venner som har samarbeidet i flere ti\u00e5r, og som alltid har evnet \u00e5 pirre det nyskapende og kreative hos hverandre.<\/p>\n<p>Ketil Bj\u00f8rnstad bodde i 16 \u00e5r p\u00e5 Vestre Sand\u00f8ya ved Tvedestrand, og ble ikke bare betatt av den vedtatt vakre kystnaturen, men ogs\u00e5 sl\u00e5tt av skj\u00f8nnheten i innlandslandskapet, slik han m\u00f8tte det i Froland. Bj\u00f8rnstad \u00f8nsket \u00e5 lage et knippe sanger som var et motstykke til kyst- og hav-lyrikken som toppet seg med Ulf Lundells \u00ab\u00d6ppna Landskap\u00bb.  I det geografisk rammeverket av bl\u00e5nende \u00e5ser, \u00e5kre og enger, elver, fosser og tjern, g\u00e5rder og menneskehjem er tekstene p\u00e5 albumet ogs\u00e5 en erkjennelsesvei. <\/p>\n<p>Ole Paus annonserte at han la opp som plateartist med det bestselgende trippelalbumet \u201cAvslutningen\u201d i 2013, men han svarte allikevel umiddelbart ja da Bj\u00f8rnstad inviterte ham til \u00e5 g\u00e5 i studio med sangene p\u00e5 \u201cFrolandia\u201d.  Bj\u00f8rnstad har tidligere uttalt at han aldri skriver en melodi uten \u00e5 ha Ole Paus sin stemme i tankene. Ingen andre kan formidle dette materialet som Ole gj\u00f8r. Duoen beskriver prosjektet som b\u00e5de personlig og viktig, og innspillingen som en av de fineste de har v\u00e6rt med p\u00e5.<\/p>\n<p>Rundt seg har duoen p\u00e5 \u00abFrolandia \u2013 17 sanger\u00bb samlet et sv\u00e6rt sterkt band med Annbj\u00f8rg Lien p\u00e5 fele og nykkelharpe i spissen. Albumet ble innspilt i Kongshavn Studio, Kristiansand med tekniker Roald R\u00e5sberg, og senere mikset av Jan Erik Kongshaug i Rainbow Studio i Oslo. Albumet er produsert av Ketil Bj\u00f8rnstad.<\/p>\n<p>Konsert: Kongsberg Jazzfestival 04.07.2015<\/p>\n<p><!--more--><\/p>\n<p>Landskapsmaleri i viseform. P\u00e5 sitt nye album tar Ketil Bj\u00f8rnstad og Ole Paus oss med p\u00e5 \u201creisen innover\u201d gjennom 17 nyskrevne sanger. \u201cFROLANDIA \u2013 17 sanger\u201d er en personlig hyllest til landskapet og til sm\u00e5samfunnene i innlandet som Norge er full av, og til de menneskene som lever sine liv der.  Samtidig er det et nytt h\u00f8ydepunkt i et samarbeid mellom to gode venner som har samarbeidet i flere ti\u00e5r, og som alltid har evnet \u00e5 pirre det nyskapende og kreative hos hverandre.<\/p>\n<h4>Bj\u00f8rnstad &amp; Paus<\/h4>\n<p>Ole Paus annonserte at han la opp som plateartist med det bestselgende trippelalbumet \u201cAvslutningen\u201d i 2013, men han svarte allikevel umiddelbart ja da Bj\u00f8rnstad inviterte ham til \u00e5 g\u00e5 i studio med sangene p\u00e5 \u201cFrolandia\u201d.  Bj\u00f8rnstad har tidligere uttalt at han aldri skriver en melodi uten \u00e5 ha Ole Paus sin stemme i tankene. Ingen andre kan formidle dette materialet som Ole gj\u00f8r. Duoen beskriver prosjektet som b\u00e5de personlig og viktig, og innspillingen som en av de fineste de har v\u00e6rt med p\u00e5.<\/p>\n<p>Paus og Bj\u00f8rnstad var f\u00f8rste gang i studio sammen i 1973, da Bj\u00f8rnstad spilte piano og el-piano p\u00e5 Paus sitt album \u00abBlues for Pyttsan Jespersens P\u00e5r\u00f8rende\u00bb. To \u00e5r senere laget de som duo dobbeltalbumet \u00abLise Madsen, Moses og de andre\u00bb. Senere var Bj\u00f8rnstad produsent p\u00e5 Ole Paus sitt album \u00abZarepta\u00bb i 1977, og i 1978 sang Paus Hans J\u00e6gers rolle p\u00e5 Bj\u00f8rnstads legendariske trippelalbum \u00abLeve Patagonia\u00bb. Paus dukket ogs\u00e5 opp p\u00e5 to sanger p\u00e5 Ketil Bj\u00f8rnstads dobbeltalbum \u00abTidevann\u00bb, og i 1984 p\u00e5 den Spellemann-nominerte \u00abMine Dager i Paris.\u00bb Albumet \u00abBj\u00f8rnstad\/Paus\/Hamsun\u00bb fra 1982 har f\u00e5tt kultstatus, og fotballboken \u00abReisen til Gallia\u00bb fra fotball-VM i Frankrike i 1998 var en av \u00e5rets bestselgere det \u00e5ret.<br \/>\nAlbumet \u00abKildens bredd\u00bb der duoen fremf\u00f8rte  norske romanser og nasjonalsanger fra attenhundretallet fikk en sekser i Dagbladet da det ble gitt ut for 13 \u00e5r siden.<\/p>\n<h4>Sterkt band<\/h4>\n<p>Rundt seg har duoen p\u00e5 \u00abFrolandia \u2013 17 sanger\u00bb samlet et sv\u00e6rt sterkt band med Annbj\u00f8rg Lien p\u00e5 fele og nykkelharpe i spissen. Albumet ble innspilt i Kongshavn Studio, Kristiansand med tekniker Roald R\u00e5sberg, og senere mikset av Jan Erik Kongshaug i Rainbow Studio i Oslo. Albumet er produsert av Ketil Bj\u00f8rnstad.<\/p>\n<h4><\/h4>\n<\/p>\n<p><\/p>","protected":false},"excerpt":{"rendered":"<p>Et nytt h\u00f8ydepunkt i et samarbeidet mellom Ole og Ketil \u2013\u00a0to gode venner som har samarbeidet i flere ti\u00e5r, og som alltid har evnet \u00e5 pirre det nyskapende og kreative hos hverandre.<\/p>\n","protected":false},"featured_media":27158,"comment_status":"closed","ping_status":"open","template":"","meta":[],"product_brand":[],"product_cat":[6],"product_tag":[],"class_list":{"0":"post-1135","1":"product","2":"type-product","3":"status-publish","4":"has-post-thumbnail","6":"product_cat-grappa","7":"product_shipping_class-cddvd-shipping","8":"uni_artist_tag-annbjorg-lien","9":"uni_artist_tag-ketil-bjornstad","10":"uni_artist_tag-ole-kelly-kvamme","11":"uni_artist_tag-ole-paus","12":"uni_artist_tag-rolf-kristensen","13":"uni_artist_tag-tom-rudi-torjussen","14":"uni_main_artist_tag-ole-paus","15":"uni_artist_genre-jazz","16":"uni_artist_genre-norwegian-text","17":"uni_artist_genre-singersongwriter","19":"first","20":"instock","21":"taxable","22":"shipping-taxable","23":"purchasable","24":"product-type-simple"},"_links":{"self":[{"href":"https:\/\/grappa.no\/no\/wp-json\/wp\/v2\/product\/1135","targetHints":{"allow":["GET"]}}],"collection":[{"href":"https:\/\/grappa.no\/no\/wp-json\/wp\/v2\/product"}],"about":[{"href":"https:\/\/grappa.no\/no\/wp-json\/wp\/v2\/types\/product"}],"replies":[{"embeddable":true,"href":"https:\/\/grappa.no\/no\/wp-json\/wp\/v2\/comments?post=1135"}],"wp:featuredmedia":[{"embeddable":true,"href":"https:\/\/grappa.no\/no\/wp-json\/wp\/v2\/media\/27158"}],"wp:attachment":[{"href":"https:\/\/grappa.no\/no\/wp-json\/wp\/v2\/media?parent=1135"}],"wp:term":[{"taxonomy":"product_brand","embeddable":true,"href":"https:\/\/grappa.no\/no\/wp-json\/wp\/v2\/product_brand?post=1135"},{"taxonomy":"product_cat","embeddable":true,"href":"https:\/\/grappa.no\/no\/wp-json\/wp\/v2\/product_cat?post=1135"},{"taxonomy":"product_tag","embeddable":true,"href":"https:\/\/grappa.no\/no\/wp-json\/wp\/v2\/product_tag?post=1135"}],"curies":[{"name":"wp","href":"https:\/\/api.w.org\/{rel}","templated":true}]}}