{"id":1133,"date":"2014-11-14T00:00:00","date_gmt":"2014-11-13T23:00:00","guid":{"rendered":"http:\/\/www.grappa.no\/albums\/uncategorized\/elisabeth-andreassen-de-fineste\/"},"modified":"2016-08-16T10:03:43","modified_gmt":"2016-08-16T09:03:43","slug":"elisabeth-andreassen-de-fineste","status":"publish","type":"product","link":"https:\/\/grappa.no\/no\/albums\/grappa\/elisabeth-andreassen-de-fineste\/","title":{"rendered":"Elisabeth Andreassen: De fineste"},"content":{"rendered":"<p><\/p>\n<p>Folkekj\u00e6re Bettan<\/p>\n<p>V\u00e5r alles Bettan har samlet alle hits og alle enkelt fraser som oppsummerer hvem hun er p\u00e5 sitt fineste. Hun deler av seg selv med liv og kj\u00e6rlighet \u2013 Elisabeth Andreassen gir oss country, pop, l\u00e5ter fra musikaler, viser, duetter og showtrioen \u00abKikki, Bettan og Lotta\u00bb. Samtidig byr hun oss p\u00e5 helt nye \u00abA Countrygirl At Heart\u00bb og en ny innspilling av Dolly Partons \u00abJolene\u00bb &#8211; en l\u00e5t Elisabeth har hatt p\u00e5 sitt repertoar i alle \u00e5r.<\/p>\n<p>I begynnelsen av september 1992 hadde \u00abMusikkmanesjen\u00bb premiere p\u00e5 ABC-teatret i Oslo. Med i manesjen var Elisabeth og som den musikalske sirkusartist og entertainer hun er, hadde hun alt p\u00e5 det tidspunktet over 10 \u00e5r bak seg i rampelyset. Hun var blitt folkekj\u00e6re Bettan i b\u00e5de Norge og Sverige, men hadde kanskje enda ikke opplevd det fineste \u2013 alt det hun i dag vet er \u00abk\u00e4rleken och livet\u00bb.<\/p>\n<p><!--more--><\/p>\n<p>V\u00e5r alles Bettan har samlet alle hits og alle enkelt fraser som oppsummerer hvem hun er p\u00e5 sitt fineste. Hun deler av seg selv med liv og kj\u00e6rlighet \u2013 Elisabeth Andreassen gir oss country, pop, l\u00e5ter fra musikaler, viser, duetter og showtrioen \u00abKikki, Bettan og Lotta\u00bb. Samtidig byr hun oss p\u00e5 helt nye \u00abA Countrygirl At Heart\u00bb og en ny innspilling av Dolly Partons \u00abJolene\u00bb &#8211; en l\u00e5t Elisabeth har hatt p\u00e5 sitt repertoar i alle \u00e5r.<\/p>\n<h4>Gener\u00f8s i \u00e5 by p\u00e5 seg selv<\/h4>\n<p>En kveld noen uker etter nevnte premiere, tok Elisabeth manesjen med hjem etter forestilling. Der samlet hun venner rundt flygel og levende lys. Hun ville presentere nye l\u00e5ter fra albumet hun holdt p\u00e5 med. Den intime konserten var varm og stemningsfull som albumet \u00abStemninger\u00bb som fulgte i oktober samme \u00e5r. Her er essensen av mennesket og artisten Elisabeth Andreassen \u2013 hun er alltid gener\u00f8s i \u00e5 by p\u00e5 seg selv.<\/p>\n<h4>Jan Werner \u2013 hjertelig samarbeid<\/h4>\n<p>Gjennom \u00e5rene har Elisabeth delt scene og lekende vokalsprang med flere flotte menn \u2013 samarbeid til stor, gjensidig glede. Mest betydelig privat og artistisk var livet i duett med Jan Werner. Reisen de hadde sammen strakk seg fra Eurovision Song Contest via juleturn\u00e9er til fremf\u00f8ring av nyskrevet musikk i Carnegie Hall i New York City \u2013 en opplevelse som ble selve oppfyllelsen av dr\u00f8mmene de delte. Musikken derfra b\u00e6rer Elisabeth med seg i hjertet. De andre og fineste musikalske \u00f8yeblikkene med Jan Werner, deler hun med oss n\u00e5.<\/p>\n<h4>Turn\u00e9planer<\/h4>\n<p>TOR ENDRESEN &amp; ELISABETH ANDREASSEN<br \/>\n21. oktober \tDrammens Teater, Drammen<br \/>\n22. oktober\tParkteatret, Moss<br \/>\n23. oktober\tTBA<br \/>\n24. oktober\tBrygga Kultursal, Halden<br \/>\n25. oktober\tOperahuset, Nordfjordeid<\/p>\n<p>5. november\tMaihaugsalen, Lillehammer<br \/>\n6. november\tTBA<br \/>\n7. november\tLillestr\u00f8m Kultursenter, Lillestr\u00f8m<br \/>\n8. november\tRingerike Kultursenter, H\u00f8nefoss<br \/>\n9. november\tN\u00f8tter\u00f8y Kulturhus, T\u00f8nsberg\/N\u00f8tter\u00f8y<\/p>\n<p>CHRISTER SJ\u00d6GREN &amp; ELISABETH ANDREASSEN<br \/>\n29. oktober\tOlavshallen, Trondheim<br \/>\n30. oktober\tScandic Scene, Hamar<br \/>\n31. oktober\tOseberg Kulturhus, T\u00f8nsberg<br \/>\n1. november\tIbsenhuset, Skien<br \/>\n2. november\tOslo Konserthus<\/p>\n<p><\/p>","protected":false},"excerpt":{"rendered":"<p>Bettan presenterer det fineste \u2013 nemlig seg selv.<\/p>\n","protected":false},"featured_media":27039,"comment_status":"closed","ping_status":"open","template":"","meta":[],"product_brand":[],"product_cat":[6],"product_tag":[],"class_list":{"0":"post-1133","1":"product","2":"type-product","3":"status-publish","4":"has-post-thumbnail","6":"product_cat-grappa","7":"product_shipping_class-cddvd-shipping","8":"uni_artist_tag-benny-andersson","9":"uni_artist_tag-bjorn-ole-rasch","10":"uni_artist_tag-dolly-parton","11":"uni_artist_tag-elisabeth-andreassen","12":"uni_artist_tag-fred-henley","13":"uni_artist_tag-hanne-sorvaag","14":"uni_artist_tag-irvin-graham","15":"uni_artist_tag-kim-edward-bergseth","16":"uni_artist_tag-rolf-lovland","17":"uni_artist_tag-tomas-nilsson","18":"uni_main_artist_tag-elisabeth-andreassen","19":"uni_artist_genre-collection","20":"uni_artist_genre-pop","21":"uni_artist_genre-scandinavian","23":"first","24":"instock","25":"taxable","26":"shipping-taxable","27":"purchasable","28":"product-type-simple"},"_links":{"self":[{"href":"https:\/\/grappa.no\/no\/wp-json\/wp\/v2\/product\/1133","targetHints":{"allow":["GET"]}}],"collection":[{"href":"https:\/\/grappa.no\/no\/wp-json\/wp\/v2\/product"}],"about":[{"href":"https:\/\/grappa.no\/no\/wp-json\/wp\/v2\/types\/product"}],"replies":[{"embeddable":true,"href":"https:\/\/grappa.no\/no\/wp-json\/wp\/v2\/comments?post=1133"}],"wp:featuredmedia":[{"embeddable":true,"href":"https:\/\/grappa.no\/no\/wp-json\/wp\/v2\/media\/27039"}],"wp:attachment":[{"href":"https:\/\/grappa.no\/no\/wp-json\/wp\/v2\/media?parent=1133"}],"wp:term":[{"taxonomy":"product_brand","embeddable":true,"href":"https:\/\/grappa.no\/no\/wp-json\/wp\/v2\/product_brand?post=1133"},{"taxonomy":"product_cat","embeddable":true,"href":"https:\/\/grappa.no\/no\/wp-json\/wp\/v2\/product_cat?post=1133"},{"taxonomy":"product_tag","embeddable":true,"href":"https:\/\/grappa.no\/no\/wp-json\/wp\/v2\/product_tag?post=1133"}],"curies":[{"name":"wp","href":"https:\/\/api.w.org\/{rel}","templated":true}]}}