{"id":1132,"date":"2014-11-14T00:00:00","date_gmt":"2014-11-13T23:00:00","guid":{"rendered":"http:\/\/www.grappa.no\/albums\/uncategorized\/oslo-vocalis-prelude\/"},"modified":"2016-11-18T16:39:33","modified_gmt":"2016-11-18T15:39:33","slug":"oslo-vocalis-prelude","status":"publish","type":"product","link":"https:\/\/grappa.no\/no\/albums\/simax-classics\/oslo-vocalis-prelude\/","title":{"rendered":"Oslo Vocalis: Prelude"},"content":{"rendered":"<p><\/p>\n<p>Oslo Vocalis<\/p>\n<p>Oslo Vocalis er et prisbel\u00f8nt vokalensemble med priser fra kor-konkurranser fra inn- og utland. Ensemblet ble stiftet i 1988 og best\u00e5r av rundt 25 kvinnelige sangere i alderen 18 \u00e5r og oppover. Oslo Vocalis har et allsidig repertoar; fra jazz og evergreens til folkemusikk og kirkemusikk.<\/p>\n<p>P\u00e5 utgivelsen Prelude presenterer vokalensemblet Oslo Vocalis et flott utvalg musikk skrevet for damekor. Repertoaret er en blanding av kjente sanger fra komponister som Grieg, Holst og Faur\u00e9, men ogs\u00e5 nytt materiale av Ola Gjeilo, Frank Havr\u00f8y og Sandra Milliken.<\/p>\n<p><!--more--><\/p>\n<p>&#8216;Prelude&#8217; er en vakker utgivelse med stemningsfulle stykker fremf\u00f8rt av Oslo Vocalis under ledelse av sin faste dirigent Vigdis Oftung.<\/p>\n<h4>Norske sanger<\/h4>\n<p>Tittelsporet p\u00e5 utgivelsen er Ola Gjeilos &#8216;Prelude&#8217;, og det er ogs\u00e5 hans musikk som \u00e5pner platen. &#8216;Ubi Caritas&#8217; er et av komponistens f\u00f8rste korstykker, sterkt influert av Gregoriansk sang. Tveitts kjente &#8216;Velkomne med \u00c6ra&#8217; finnes i mange versjoner, denne gangen arrangert for damekor av Linn Andrea Fuglset fra Trio Mediaeval. Griegs &#8216;Ved Rondane&#8217; med Vinjes tekst er et kj\u00e6rt gjenh\u00f8r, mens Frank Havr\u00f8ys &#8216;O Magnum Mysterium&#8217; nok er en fin nyoppdagelse for mange lyttere.<\/p>\n<h4>Klassikere og nye verk for damekor<\/h4>\n<p>Det f\u00f8rste stykket den engelske komponisten Gustav Holst fikk publisert i sin karriere er den lille perlen &#8216;Ave Maria&#8217;. Faur\u00e9s &#8216;Messe basse&#8217; er en kort messe for damekor og orgel \u2013 et stykke vakker, lyrisk kirkemusikk. Russeren Pavel Chesnokov skrev mer enn 400 kirkemusikkverk for kor f\u00f8r den russiske revolusjonen satte et punktum for hele hans produksjon. Musikken til Javier Busto og Gy\u00f6rgy Orb\u00e1n er av nyere dato, og begge komponistene har skrevet fine bidrag til repertoaret. Den australske komponisten Sandra Milliken gj\u00f8r stor suksess med sine verker over hele verden og hennes &#8216;Fanfare of Praise&#8217; f\u00e5r en flott fremf\u00f8relse her av Oslo Vocalis.<\/p>\n<h4><\/h4>\n<\/p>\n<p><\/p>","protected":false},"excerpt":{"rendered":"<p>Klassikere og nye verk for damekor<\/p>\n","protected":false},"featured_media":27535,"comment_status":"closed","ping_status":"open","template":"","meta":[],"product_brand":[],"product_cat":[180],"product_tag":[],"class_list":{"0":"post-1132","1":"product","2":"type-product","3":"status-publish","4":"has-post-thumbnail","6":"product_cat-simax-classics","7":"product_shipping_class-cddvd-shipping","8":"uni_artist_tag-edvard-grieg","9":"uni_artist_tag-frank-havroy","10":"uni_artist_tag-gabriel-faure","11":"uni_artist_tag-geirr-tveitt","12":"uni_artist_tag-gustav-holst","13":"uni_artist_tag-gyorgy-orban","14":"uni_artist_tag-javier-busto","15":"uni_artist_tag-ola-geilo","16":"uni_artist_tag-oslo-vocalis","17":"uni_artist_tag-pavel-chesnokov","18":"uni_artist_tag-sandra-milliken","19":"uni_artist_tag-sean-lewis","20":"uni_artist_tag-terje-norum","21":"uni_artist_tag-vigdis-oftung","22":"uni_main_artist_tag-oslo-vocalis","23":"uni_artist_genre-a-cappella","24":"uni_artist_genre-choir","25":"uni_artist_genre-church-music","27":"first","28":"instock","29":"taxable","30":"shipping-taxable","31":"purchasable","32":"product-type-simple"},"_links":{"self":[{"href":"https:\/\/grappa.no\/no\/wp-json\/wp\/v2\/product\/1132","targetHints":{"allow":["GET"]}}],"collection":[{"href":"https:\/\/grappa.no\/no\/wp-json\/wp\/v2\/product"}],"about":[{"href":"https:\/\/grappa.no\/no\/wp-json\/wp\/v2\/types\/product"}],"replies":[{"embeddable":true,"href":"https:\/\/grappa.no\/no\/wp-json\/wp\/v2\/comments?post=1132"}],"wp:featuredmedia":[{"embeddable":true,"href":"https:\/\/grappa.no\/no\/wp-json\/wp\/v2\/media\/27535"}],"wp:attachment":[{"href":"https:\/\/grappa.no\/no\/wp-json\/wp\/v2\/media?parent=1132"}],"wp:term":[{"taxonomy":"product_brand","embeddable":true,"href":"https:\/\/grappa.no\/no\/wp-json\/wp\/v2\/product_brand?post=1132"},{"taxonomy":"product_cat","embeddable":true,"href":"https:\/\/grappa.no\/no\/wp-json\/wp\/v2\/product_cat?post=1132"},{"taxonomy":"product_tag","embeddable":true,"href":"https:\/\/grappa.no\/no\/wp-json\/wp\/v2\/product_tag?post=1132"}],"curies":[{"name":"wp","href":"https:\/\/api.w.org\/{rel}","templated":true}]}}