{"id":11141,"date":"2015-10-30T00:00:00","date_gmt":"2015-10-29T23:00:00","guid":{"rendered":"http:\/\/www.grappa.no\/albums\/uncategorized\/tider-skal-komme\/"},"modified":"2016-04-19T19:25:33","modified_gmt":"2016-04-19T18:25:33","slug":"tider-skal-komme","status":"publish","type":"product","link":"https:\/\/grappa.no\/no\/albums\/grappa\/tider-skal-komme\/","title":{"rendered":"Tider skal komme"},"content":{"rendered":"<p><\/p>\n<p>Nytt album fra Bj\u00f8lsen Valsem\u00f8lle<\/p>\n<p>&quot;Tider skal komme&quot; er Bj\u00f8lsen Valsem\u00f8lles 9. album. Albumet inneholder 10 nye l\u00e5ter signert Trond Ingebretsen. De har ogs\u00e5 f\u00e5tt med seg to gjestevokalister p\u00e5 sitt nye album. Den svenske legenden Mikael Wiehe bidrar p\u00e5 l\u00e5ten &quot;Israel, det r\u00e4cker nu!&quot; og Rudolf Nielsen-tolkeren Jon Arne Corell er med som vokalist p\u00e5 l\u00e5ten &quot;Tjuvholmen&quot;.\u00a0<\/p>\n<p>Det er de brennbare historiene som dominerer uttrykket p\u00e5 &quot;Tider skal komme&quot;.\u00a0Musikalsk beveger Bj\u00f8lsen seg denne gangen inn i en del nye og varierte landskaper, uten \u00e5 miste kontakten med den staute, stolte, sjelfulle og melodiske rocken som er bandets varemerke. &quot;Tider skal komme&quot; er et varmt og sterkt album fra et band som har en historie som g\u00e5r mer enn f\u00f8rti \u00e5r tilbake i tid.<\/p>\n<p><!--more--><\/p>\n<p>&quot;Tider skal komme&quot; er Bj\u00f8lsen Valsem\u00f8lles 9. album. Albumet inneholder 10 nye l\u00e5ter signert Trond Ingebretsen.<\/p>\n<h4>&quot;Israel det r\u00e4cker nu!&quot;<\/h4>\n<p>Trond \u00f8nsket \u00e5 ha med en duettpartner p\u00e5 l\u00e5ten som i utgangspunktet het &quot;Harde tider p\u00e5 Vestbredden&quot;. Han tok kontakt med den svenske legenden Michael Wiehe, og Wiehe sa ja til \u00e5 bli med. N\u00e5r Trond fortalte at l\u00e5ten handlet om Palestina-sp\u00f8rsm\u00e5let og hvorledes undertrykkelse og hat f\u00f8res videre, var beskjeden fra svensken klar; L\u00e5ten skal hete &quot;Israel det r\u00e4cker nu!&quot; &#8211; og s\u00e5nn ble det. I tillegg til Wiehe har Bj\u00f8lsen Valsem\u00f8lle med seg enda en sterk gjestartist p\u00e5 sitt nye album; Rudolf Nielsen-tolkeren Jon arne Corell er med som vokalist p\u00e5 l\u00e5ten &quot;Tjuvholmen&quot;<\/p>\n<h4>Historiene<\/h4>\n<p>Musikalsk beveger Bj\u00f8lsen seg denne gangen inn i en del nye og varierte landskaper, uten \u00e5 miste kontakten med den staute, stolte, sjelefulle og melodiske rocken som er bandets varemerke. De sterke brennbare l\u00e5tene er preget av historiene l\u00e5tskriver Trond vil fortelle. Tittelsporet p\u00e5 &quot;Tider skal komme&quot; er Tronds hyllest til barnebarnet sitt. En gutt f\u00f8dt i kj\u00e6rlighet over landegrensene, med de gleder og sorger det f\u00f8rer med seg. &quot;En helt vanlig mann&quot; tar for seg norsk v\u00e5pen-produksjon og v\u00e5pen-eksport. &quot;Menn i m\u00f8rket&quot; er tilegnet Osvald-sabot\u00f8rene. &quot;Ekte mannfolk skyter ikke ul&quot; er om ulovelig ulvejakt og &quot;Tjuvholmen&quot; og &quot;Wyoming&quot; inneholder sterke tidsbilder. Albumet har ogs\u00e5 en l\u00e5t om den gangen Jim Morrison og Trond satt ved siden av hverandre p\u00e5 Miles Davis konsert. &quot;Marit fra Rognes&quot; er om \u00e5 avslutte livet med stil og verdighet og hyller en stor kvinnelig skil\u00f8per, &quot;Da regnet kom&quot; behandler den vanskelige kj\u00e6rligheten. <\/p>\n<p>&quot;Tider skal komme&quot; er et varmt og sterkt album fra et band som har en historie som g\u00e5r mer enn f\u00f8rti \u00e5r tilbake i tid. <\/p>\n<p>Bj\u00f8lsen Valsem\u00f8lle er:<br \/>\nTrond Ingebretsen, sang, gitar og munnspill,<br \/>\nLeif Ottesen, gitar og kor<br \/>\nEndre Christiansen, orgel, piano og synth,<br \/>\nLars Aas Hansen, bass og kor<br \/>\nFinn Lilleseth, trommer og kor<\/p>\n<h4><\/h4>\n<\/p>\n<p><\/p>","protected":false},"excerpt":{"rendered":"<p>&quot;Tider skal komme&quot; er et varmt og sterkt album fra et band som har en historie som g\u00e5r mer enn f\u00f8rti \u00e5r tilbake i tid.<\/p>\n","protected":false},"featured_media":27198,"comment_status":"closed","ping_status":"open","template":"","meta":[],"product_brand":[],"product_cat":[6],"product_tag":[],"class_list":{"0":"post-11141","1":"product","2":"type-product","3":"status-publish","4":"has-post-thumbnail","6":"product_cat-grappa","7":"product_shipping_class-cddvd-shipping","8":"uni_artist_tag-bjolsen-valsemolle","9":"uni_artist_tag-frid-brune-nordheim","10":"uni_artist_tag-jon-arne-corell","11":"uni_artist_tag-martin-abrahamsen","12":"uni_artist_tag-mikael-wiehe","13":"uni_artist_tag-mona-veum-baekkelund","14":"uni_artist_tag-per-h-sveinson","15":"uni_artist_tag-thomas-nessheim","16":"uni_artist_tag-trond-ingebretsen","17":"uni_main_artist_tag-bjolsen-valsemolle","18":"uni_artist_genre-norwegian-lyrics","19":"uni_artist_genre-pop","20":"uni_artist_genre-rock","22":"first","23":"instock","24":"taxable","25":"shipping-taxable","26":"purchasable","27":"product-type-simple"},"_links":{"self":[{"href":"https:\/\/grappa.no\/no\/wp-json\/wp\/v2\/product\/11141","targetHints":{"allow":["GET"]}}],"collection":[{"href":"https:\/\/grappa.no\/no\/wp-json\/wp\/v2\/product"}],"about":[{"href":"https:\/\/grappa.no\/no\/wp-json\/wp\/v2\/types\/product"}],"replies":[{"embeddable":true,"href":"https:\/\/grappa.no\/no\/wp-json\/wp\/v2\/comments?post=11141"}],"wp:featuredmedia":[{"embeddable":true,"href":"https:\/\/grappa.no\/no\/wp-json\/wp\/v2\/media\/27198"}],"wp:attachment":[{"href":"https:\/\/grappa.no\/no\/wp-json\/wp\/v2\/media?parent=11141"}],"wp:term":[{"taxonomy":"product_brand","embeddable":true,"href":"https:\/\/grappa.no\/no\/wp-json\/wp\/v2\/product_brand?post=11141"},{"taxonomy":"product_cat","embeddable":true,"href":"https:\/\/grappa.no\/no\/wp-json\/wp\/v2\/product_cat?post=11141"},{"taxonomy":"product_tag","embeddable":true,"href":"https:\/\/grappa.no\/no\/wp-json\/wp\/v2\/product_tag?post=11141"}],"curies":[{"name":"wp","href":"https:\/\/api.w.org\/{rel}","templated":true}]}}