{"id":11135,"date":"2015-10-30T00:00:00","date_gmt":"2015-10-29T23:00:00","guid":{"rendered":"http:\/\/www.grappa.no\/albums\/uncategorized\/trondheim-jazz-orchestra-christian-wallumrod-untitled-arpeggios-and-pulses\/"},"modified":"2018-08-30T09:09:36","modified_gmt":"2018-08-30T08:09:36","slug":"untitled-arpeggios-and-pulses","status":"publish","type":"product","link":"https:\/\/grappa.no\/no\/albums\/hubro\/untitled-arpeggios-and-pulses\/","title":{"rendered":"Untitled Arpeggios And Pulses"},"content":{"rendered":"<p><\/p>\n<p>Originalt og pulsdrevet<\/p>\n<p>Sammen med  Trondheim Jazzorkester har Christian Wallumr\u00f8d laget et nytt spennende album som stadfester hvilken unik komponist han er, og hvilken fleksibilitet som bor i det aldri statiske jazzorkesteret.<\/p>\n<p>I anledning Kongsberg Jazzfestivals 50-\u00e5rsjubileum i 2014 fikk Christian Wallumr\u00f8d\u00a0 i oppdrag \u00e5 lage et bestillingsverk for Trondheim Jazzorkester, og det er virkelig et verk med stor V Wallumr\u00f8d har skrevet. \u00abUntitled Arpeggios and Pulses\u00bb er et rett over 50 minutter langt stykke musikk som b\u00f8r h\u00f8res sammenhengende fra start til slutt, og som derfor ikke vil bli gjort tilgjengelig p\u00e5 LP.  Verket er tydelig pulsdrevet og best\u00e5r av fire deler som henger sammen og spenner fra det lavm\u00e6lt akustiske til det mer h\u00f8ylytte og forsterkede.<br \/>\nAlbumet ble innspilt i forbindelse med suksesskonserten p\u00e5 Kongsbergjazz, der verket ble uroppf\u00f8rt, og vi vet at mange har ventet p\u00e5 denne platen. Aftenpostens anmelder ga i sin anmeldelse konserten full pott: \u00abWallumr\u00f8d viser frem sin usedvanlig gode evne til \u00e5 samle impulser fra mange stilsegmenter og sette eget umiskjennelig merke p\u00e5 resultatet.\u00bb<\/p>\n<p>\u00abUntitled Arpeggios and Pulses\u00bb er Wallumr\u00f8ds tredje utgivelse p\u00e5 HUBRO i \u00e5r. I januar slapp vi hans f\u00f8rste soloalbum \u00abPianokammer\u00bb til sv\u00e6rt gode kritikker, og i sommer kom en LP i begrenset opplag med duoen Brutter.<\/p>\n<p>Albumet slippes som CD og DL.<\/p>\n<p>Konserter:<br \/>\n04\u00a0Nov,\u00a0Dokkhuset, Trondheim<br \/>\n05\u00a0Nov\u00a0Nasjonal Jazzscene, Victoria, Oslo<br \/>\n06\u00a0Nov\u00a0Bergen Jazzforum, Bergen<\/p>\n<p><!--more--><\/p>\n<p>Sammen med Trondheim Jazzorkester har Christian Wallumr\u00f8d laget et nytt spennende album som stadfester hvilken unik komponist han er, og hvilken fleksibilitet som bor i det aldri statiske jazzorkesteret.<\/p>\n<h4>Untitled Arpeggios and Pulses<\/h4>\n<p>Verket er tydelig pulsdrevet og best\u00e5r av fire deler som henger sammen og spenner fra det lavm\u00e6lt akustiske til det mer h\u00f8ylytte og forsterkede.<\/p>\n<p>Trondheim Jazzorkester besto for anledningen av Wallumr\u00f8d selv og et knippe av hans favorittmusikere. Noen har han allerede en lang historie med fra forskjellige band, mens andre er nyere bekjentskaper: gitaristene Ivar Grydeland (Huntsville, Dans les Arbres) og Lars Ove Fossheim (Broen, Skadedyr). Pianist Anja Lauvdal (Moskus, Broen, Skadedyr). Saksofonist Espen Reinertsen og trompetist Eivind L\u00f8nning (Streifenjunko og Christian Wallumr\u00f8d Ensemble). Tubaist Heida Karine Johannesdottir Mobeck (Broen, Skadedyr). Trommeslagerne Fredrik Wallumr\u00f8d (Brutter) og Siv \u00d8yunn Kjenstad (Chili Vanilla, Thomas Str\u00f8nen), og til slutt kontrabassist Michael Francis Duch (Lemur).<\/p>\n<p>Albumet ble innspilt i forbindelse med suksesskonserten p\u00e5 Kongsbergjazz, der verket ble uroppf\u00f8rt, og vi vet at mange har ventet p\u00e5 denne platen. Aftenpostens anmelder ga i sin anmeldelse konserten full pott: \u00abWallumr\u00f8d viser frem sin usedvanlig gode evne til \u00e5 samle impulser fra mange stilsegmenter og sette eget umiskjennelig merke p\u00e5 resultatet.\u00bb<\/p>\n<h4>Trondheim Jazzorkester<\/h4>\n<p>Trondheim Jazzorkester er i en s\u00e6rposisjon. Historien startet med Erlend Skomsvolls\u2028arrangementer av Chick Coreas musikk under Moldejazz 2000. Siden den gang har TJO hatt en fantastisk rekke av spennende prosjekter, alle unike og med besetningen skreddersydd til komponistenes ideer. Det finnes ingen faste medlemmer, og musikken spenner bredt. TJO er et stort band som tenker som et lite, og dyrker individene, improvisasjonen og samspillet.<\/p>\n<h4>Om Wallumr\u00f8d<\/h4>\n<p>Christian Wallumr\u00f8d (1971) har i en \u00e5rrekke v\u00e6rt en av de fremste og mest originale musikkskaperne i norsk musikkliv, og b\u00e5de som komponist og pianist er han umiddelbart gjenkjennbar, men samtidig er et hvert fors\u00f8k p\u00e5 \u00e5 sette musikken hans i b\u00e5s d\u00f8mt til \u00e5 mislykkes. Med bakgrunn fra jazz og kirkemusikk har han  med sine fem plater med skiftende ensemble p\u00e5 ECM spilt bort skillet mellom jazz, salmer, gospel, folkemusikk, barokk og samtidsmusikk, og meislet seg sin egen nisje i lyttere og kritikeres hjerter og bevissthet. Parallelt med dette arbeider han med kvartetten Dans Les Arbres, som fortsetter \u00e5 sette sitt preg p\u00e5 den internasjonale impro- og samtidsmusikk-scenen. Wallumr\u00f8d har ogs\u00e5 gjort seg bemerket i samarbeid med artister som Sidsel Endresen, Audun Kleive, Susanne Sundf\u00f8r, Ricardo Villalobos &amp; Max Loderbauer, Karl Seglem, Oslo Sinfonietta og Kim Myhr.<\/p>\n<p>Wallumr\u00f8d vant en Spellemann for albumet \u201cOutstairs\u201d (ECM, 2013) og ble nominert til Nordisk r\u00e5ds musikkpris for albumet \u201cFabula Suite Lugano\u201d (ECM, 2010). Dans Les Arbres er nominert til Nordisk R\u00e5ds Musikkpris for 2015.<\/p>\n<p>\u00abUntitled Arpeggios and Pulses\u00bb er Wallumr\u00f8ds tredje utgivelse p\u00e5 HUBRO i \u00e5r. I januar slapp vi hans f\u00f8rste soloalbum \u00abPianokammer\u00bb til sv\u00e6rt gode kritikker, og i sommer kom en LP i begrenset opplag med duoen Brutter.<\/p>\n<p>Albumet slippes som CD og DL.<\/p>\n<p>Konserter:<br \/>\n04\u00a0Nov,\u00a0Dokkhuset, Trondheim<br \/>\n05\u00a0Nov\u00a0Nasjonal Jazzscene, Victoria, Oslo<br \/>\n06\u00a0Nov\u00a0Bergen Jazzforum, Bergen<\/p>\n<p><\/p>","protected":false},"excerpt":{"rendered":"<p>Sammen med  Trondheim Jazzorkester har Christian Wallumr\u00f8d laget et nytt spennende album som stadfester hvilken unik komponist han er, og hvilken fleksibilitet som bor i det aldri statiske jazzorkesteret.<\/p>\n","protected":false},"featured_media":27447,"comment_status":"closed","ping_status":"open","template":"","meta":[],"product_brand":[],"product_cat":[36],"product_tag":[],"class_list":{"0":"post-11135","1":"product","2":"type-product","3":"status-publish","4":"has-post-thumbnail","6":"product_cat-hubro","7":"product_shipping_class-cddvd-shipping","8":"uni_artist_tag-anja-lauvdal","9":"uni_artist_tag-christian-wallumrod","10":"uni_artist_tag-eivind-lonning","11":"uni_artist_tag-espen-reinertsen","12":"uni_artist_tag-fredrik-wallumrod","13":"uni_artist_tag-heida-karine-johannesdottir-mobeck","14":"uni_artist_tag-lars-ove-fossheim","15":"uni_artist_tag-michael-francis-duch","16":"uni_artist_tag-siv-oyunn-kjenstad","17":"uni_artist_tag-trondheim-jazz-orchestra","18":"uni_main_artist_tag-christian-wallumrod","19":"uni_artist_genre-contemporary-music","20":"uni_artist_genre-jazz","22":"first","23":"instock","24":"taxable","25":"shipping-taxable","26":"purchasable","27":"product-type-simple"},"_links":{"self":[{"href":"https:\/\/grappa.no\/no\/wp-json\/wp\/v2\/product\/11135","targetHints":{"allow":["GET"]}}],"collection":[{"href":"https:\/\/grappa.no\/no\/wp-json\/wp\/v2\/product"}],"about":[{"href":"https:\/\/grappa.no\/no\/wp-json\/wp\/v2\/types\/product"}],"replies":[{"embeddable":true,"href":"https:\/\/grappa.no\/no\/wp-json\/wp\/v2\/comments?post=11135"}],"wp:featuredmedia":[{"embeddable":true,"href":"https:\/\/grappa.no\/no\/wp-json\/wp\/v2\/media\/27447"}],"wp:attachment":[{"href":"https:\/\/grappa.no\/no\/wp-json\/wp\/v2\/media?parent=11135"}],"wp:term":[{"taxonomy":"product_brand","embeddable":true,"href":"https:\/\/grappa.no\/no\/wp-json\/wp\/v2\/product_brand?post=11135"},{"taxonomy":"product_cat","embeddable":true,"href":"https:\/\/grappa.no\/no\/wp-json\/wp\/v2\/product_cat?post=11135"},{"taxonomy":"product_tag","embeddable":true,"href":"https:\/\/grappa.no\/no\/wp-json\/wp\/v2\/product_tag?post=11135"}],"curies":[{"name":"wp","href":"https:\/\/api.w.org\/{rel}","templated":true}]}}