{"id":11130,"date":"2015-11-13T00:00:00","date_gmt":"2015-11-12T23:00:00","guid":{"rendered":"http:\/\/www.grappa.no\/albums\/uncategorized\/ut-av-mitt-hjerte\/"},"modified":"2016-04-19T19:23:58","modified_gmt":"2016-04-19T18:23:58","slug":"ut-av-mitt-hjerte","status":"publish","type":"product","link":"https:\/\/grappa.no\/no\/albums\/grappa\/ut-av-mitt-hjerte\/","title":{"rendered":"Ut av mitt hjerte"},"content":{"rendered":"<p><\/p>\n<p>Guri Schanke debuterer med album<\/p>\n<p>Rundt Guri Schanke har det alltid v\u00e6rt futt, fart og showbiz, men samtidig har hun innerst i hjertet alltid hatt kj\u00e6rlighet for det lavm\u00e6lte og stemningsfulle. Det er ofte det hun lytter til selv, gjerne med en touch av jazz. Som skuespiller har hun alltid fylt en annen karakter enn seg selv \u2013 men n\u00e5 m\u00e5tte hun finne sitt eget uttrykk.<\/p>\n<p>N\u00e5 er tiden inne for \u00e5 endelig realisere dr\u00f8mmen. Guri har funnet l\u00e5ter som har v\u00e6rt betydningsfulle for henne gjennom livet, og i prosessen har det ogs\u00e5 dukket opp nyskrevne l\u00e5ter. Jan Eggum har skrevet l\u00e5ten \u00abKj\u00e6rlighet som kommer\u00bb , Hanne S\u00f8rvaag og Kim Edward Bergseth har sammen laget \u00abEt \u00d8yeblikk\u00bb, mens Elin Nyg\u00e5rd har bidratt med l\u00e5ten \u00abSjansel\u00f8s\u00bb.<\/p>\n<p><!--more--><\/p>\n<p>Rundt Guri Schanke har det alltid v\u00e6rt futt, fart og showbiz, men samtidig har hun innerst i hjertet alltid hatt kj\u00e6rlighet for det lavm\u00e6lte og stemningsfulle. Det er ofte det hun lytter til selv, gjerne med en touch av jazz. Som skuespiller har hun alltid fylt en annen karakter enn seg selv \u2013 men n\u00e5 m\u00e5tte hun finne sitt eget uttrykk.<\/p>\n<h4>Gamle perler<\/h4>\n<p>Det er en fin liste med l\u00e5ter og l\u00e5tskrivere p\u00e5 Guris album som inneholder blant annet sanger av Finn Kalvik, Anne Grete Preus, Marius M\u00fcller, Magnus Gr\u00f8nneberg og ikke minst Radka Toneff. I begynnelsen av 20 \u00e5rene var det musikken til Radka Toneff som traff Guri mest. Hun ble Guris sangl\u00e6rer og store inspirator. <\/p>\n<p>Sammen med produsent Kim Edvard Bergseth har Guri jobbet for \u00e5 finne det rette uttrykket \u2013 lavm\u00e6lt og akustisk med jazzelementer, og med tekster som har innhold og mening. Ikke minst er alt p\u00e5 norsk. \u00abAlbumet har blitt slik jeg dr\u00f8mte om. Fine arrangementer som jeg h\u00e5per tar lytteren med p\u00e5 en reise, sm\u00e5 knagger som vekker og lager minner. Albumet heter \u00abUt av mitt hjerte\u00bb &#8211; det har v\u00e6rt der s\u00e5 lenge n\u00e5!\u00bb sier Guri Schanke om sin debut som plateartist.<\/p>\n<h4><\/h4>\n<p><h4><\/h4>\n<\/p>\n<p><\/p>","protected":false},"excerpt":{"rendered":"<p>Guri har funnet l\u00e5ter som har v\u00e6rt betydningsfulle for henne gjennom livet, og i prosessen har det ogs\u00e5 dukket opp nyskrevne l\u00e5ter.<\/p>\n","protected":false},"featured_media":27163,"comment_status":"closed","ping_status":"open","template":"","meta":[],"product_brand":[],"product_cat":[6],"product_tag":[],"class_list":{"0":"post-11130","1":"product","2":"type-product","3":"status-publish","4":"has-post-thumbnail","6":"product_cat-grappa","7":"product_shipping_class-cddvd-shipping","8":"uni_artist_tag-alexander-pettersen","9":"uni_artist_tag-anne-grete-preus","10":"uni_artist_tag-eirik-bergene","11":"uni_artist_tag-elin-nygaard","12":"uni_artist_tag-finn-kalvik","13":"uni_artist_tag-guri-schanke","14":"uni_artist_tag-hanne-sorvaag","15":"uni_artist_tag-hans-mathisen","16":"uni_artist_tag-jan-eggum","17":"uni_artist_tag-jon-willy-rydningen","18":"uni_artist_tag-kim-edward-bergseth","19":"uni_artist_tag-magnus-gronneberg","20":"uni_artist_tag-marius-muller","21":"uni_artist_tag-nicoline-berg-kaasin","22":"uni_artist_tag-olav-torgeir-kopsland","23":"uni_artist_tag-per-mathisen","24":"uni_artist_tag-per-oystein-sorensen","25":"uni_artist_tag-radka-toneff","26":"uni_artist_tag-runar-andersen","27":"uni_main_artist_tag-guri-schanke","28":"uni_artist_genre-debut","29":"uni_artist_genre-easy-listening","30":"uni_artist_genre-folk-music","31":"uni_artist_genre-jazz","32":"uni_artist_genre-norwegian-lyrics","33":"uni_artist_genre-pop","35":"first","36":"instock","37":"taxable","38":"shipping-taxable","39":"purchasable","40":"product-type-simple"},"_links":{"self":[{"href":"https:\/\/grappa.no\/no\/wp-json\/wp\/v2\/product\/11130","targetHints":{"allow":["GET"]}}],"collection":[{"href":"https:\/\/grappa.no\/no\/wp-json\/wp\/v2\/product"}],"about":[{"href":"https:\/\/grappa.no\/no\/wp-json\/wp\/v2\/types\/product"}],"replies":[{"embeddable":true,"href":"https:\/\/grappa.no\/no\/wp-json\/wp\/v2\/comments?post=11130"}],"wp:featuredmedia":[{"embeddable":true,"href":"https:\/\/grappa.no\/no\/wp-json\/wp\/v2\/media\/27163"}],"wp:attachment":[{"href":"https:\/\/grappa.no\/no\/wp-json\/wp\/v2\/media?parent=11130"}],"wp:term":[{"taxonomy":"product_brand","embeddable":true,"href":"https:\/\/grappa.no\/no\/wp-json\/wp\/v2\/product_brand?post=11130"},{"taxonomy":"product_cat","embeddable":true,"href":"https:\/\/grappa.no\/no\/wp-json\/wp\/v2\/product_cat?post=11130"},{"taxonomy":"product_tag","embeddable":true,"href":"https:\/\/grappa.no\/no\/wp-json\/wp\/v2\/product_tag?post=11130"}],"curies":[{"name":"wp","href":"https:\/\/api.w.org\/{rel}","templated":true}]}}