{"id":1113,"date":"2014-09-05T00:00:00","date_gmt":"2014-09-04T23:00:00","guid":{"rendered":"http:\/\/www.grappa.no\/albums\/uncategorized\/saltvannsfolket\/"},"modified":"2016-08-16T10:03:33","modified_gmt":"2016-08-16T09:03:33","slug":"saltvannsfolket","status":"publish","type":"product","link":"https:\/\/grappa.no\/no\/albums\/grappa\/saltvannsfolket\/","title":{"rendered":"Saltvannsfolket"},"content":{"rendered":"<p><\/p>\n<p>Saltvannsfolket av Ragnar S\u00f8r Olsen<\/p>\n<p>Saltvannsfolket er en visesangers skildring av et stykke norsk kystkultur med hendelser hentet fra Langesundsbukta og Bamble-kysten, og bygger p\u00e5 boka: Bamblefiskerne \u2013 deres liv og virke.<\/p>\n<p>I visene f\u00e5r du h\u00f8re om lokale personer gjennom flere generasjoner mange vil nikke gjenkjennende til. Det handler om fiskeren, havet og livet langs Bamblekysten &#8211; en del av Skagerrak.<\/p>\n<p>Lytteren f\u00e5r samtidig fornemmelsen av et foregangsfolk som gjennom tusener av \u00e5r, utrettelig har etterlatt seg uslettelige spor av ramsalt kultur. En kultur med likhetstrekk langsetter hele Norskekysten!<\/p>\n<p><!--more--><\/p>\n<p>En visemusikalsk skildring om kystkulturen, om fiskeren og livet langs Bamble-kysten \u2013 en del av Skagerrak!<\/p>\n<h4>Historier<\/h4>\n<p>I visene vil du f\u00e5 h\u00f8re om lokalkjente personer fra flere generasjoner tilbake, mens andre vil gjenkjenne en og annen bekjent, venn eller slektning. Historien handler om kystfolket, der tilpasningsevne og oppfinnsomhet var grunnleggende egenskaper. En bosetting bygd opp rundt fisket, handel og ferdsel. Der de kloret seg fast i fj\u00e6ra og utviklet en egen evne til \u00e5 overleve. De sto p\u00e5, krummet nakken, h\u00f8stet fra havet og sto rak n\u00e5r det gjaldt, mens noen m\u00e5tte gi tapt mot stormen. Ideen om en musikalsk versjon av historien om Bamble-fiskeren og livet langs kysten er en videref\u00f8ring av boken om \u201dBamble-fiskerne \u2013 deres liv og virke\u201d, utgitt i 2008.<\/p>\n<h4><\/h4>\n<p><h4><\/h4>\n<\/p>\n<p><\/p>","protected":false},"excerpt":{"rendered":"<p>En visemusikalsk skildring om kystkulturen, om fiskeren og livet langs Bamble-kysten \u2013 en del av Skagerrak!<\/p>\n","protected":false},"featured_media":27148,"comment_status":"closed","ping_status":"open","template":"","meta":[],"product_brand":[],"product_cat":[6],"product_tag":[],"class_list":{"0":"post-1113","1":"product","2":"type-product","3":"status-publish","4":"has-post-thumbnail","6":"product_cat-grappa","7":"product_shipping_class-cddvd-shipping","8":"uni_artist_tag-bamble-kulturskoles-barnekor","9":"uni_artist_tag-espen-gjelstad-gundersen","10":"uni_artist_tag-guttorm-guttormsen","11":"uni_artist_tag-leah-norland-gundersen","12":"uni_artist_tag-ragnar-sor-olsen","13":"uni_artist_tag-trond-villa","14":"uni_main_artist_tag-ragnar-sor-olsen","15":"uni_artist_genre-folk","16":"uni_artist_genre-norwegian","18":"first","19":"instock","20":"taxable","21":"shipping-taxable","22":"purchasable","23":"product-type-simple"},"_links":{"self":[{"href":"https:\/\/grappa.no\/no\/wp-json\/wp\/v2\/product\/1113","targetHints":{"allow":["GET"]}}],"collection":[{"href":"https:\/\/grappa.no\/no\/wp-json\/wp\/v2\/product"}],"about":[{"href":"https:\/\/grappa.no\/no\/wp-json\/wp\/v2\/types\/product"}],"replies":[{"embeddable":true,"href":"https:\/\/grappa.no\/no\/wp-json\/wp\/v2\/comments?post=1113"}],"wp:featuredmedia":[{"embeddable":true,"href":"https:\/\/grappa.no\/no\/wp-json\/wp\/v2\/media\/27148"}],"wp:attachment":[{"href":"https:\/\/grappa.no\/no\/wp-json\/wp\/v2\/media?parent=1113"}],"wp:term":[{"taxonomy":"product_brand","embeddable":true,"href":"https:\/\/grappa.no\/no\/wp-json\/wp\/v2\/product_brand?post=1113"},{"taxonomy":"product_cat","embeddable":true,"href":"https:\/\/grappa.no\/no\/wp-json\/wp\/v2\/product_cat?post=1113"},{"taxonomy":"product_tag","embeddable":true,"href":"https:\/\/grappa.no\/no\/wp-json\/wp\/v2\/product_tag?post=1113"}],"curies":[{"name":"wp","href":"https:\/\/api.w.org\/{rel}","templated":true}]}}