{"id":11129,"date":"2015-11-27T00:00:00","date_gmt":"2015-11-26T23:00:00","guid":{"rendered":"http:\/\/www.grappa.no\/albums\/uncategorized\/sa-ta-mitt-hjerte-dei-beste-songane\/"},"modified":"2016-04-19T19:23:34","modified_gmt":"2016-04-19T18:23:34","slug":"sa-ta-mitt-hjerte-dei-beste-songane","status":"publish","type":"product","link":"https:\/\/grappa.no\/no\/albums\/heilo\/sa-ta-mitt-hjerte-dei-beste-songane\/","title":{"rendered":"S\u00e5 ta mitt hjerte &#8211; Dei beste songane"},"content":{"rendered":"<p><\/p>\n<p>Sigrid Moldestad &#8211; Dei beste songane<\/p>\n<p>Sigrid Moldestad har samlet sammen noen av sine beste sanger og gir ut albumet \u00abS\u00e5 ta mitt hjerte \u2013 Dei beste songane\u00bb. Med albumet f\u00f8lger det ogs\u00e5 en bonus-cd med nyinnspilte og ikke utgitte l\u00e5ter. De nye l\u00e5tene p\u00e5 utgivelsen er spilt inn i legendariske Atlantis Studio i Stockholm med ikke mindre enn Janne Hansson bak spakene. P\u00e5 bonuscden finner man blant annet singelen \u00abVintersong\u00bb som Sigrid skrev til fjor\u00e5rets turn\u00e9. Sigrid sier det var alle sterke inntrykk fra media, og en verden i uro som fikk henne til \u00e5 skrive l\u00e5ten. Albumet \u00abS\u00e5 ta mitt hjerte \u2013 Dei beste songane\u00bb blir sluppet samtidig som f\u00f8rjulsturneen starter 27.november.<\/p>\n<p>Moldestad har gitt ut fire album etter debuten som soloartist i 2007. Den siste kom i fjor; Brevet til kj\u00e6rleiken, med tekster av dikteren Jan-Magnus Bruheim tonesatt av Moldestad. Plata ble annet k\u00e5ret til \u00ab\u00c5rets album\u00bb, uansett sjanger i NRK P1s \u00abNorsk p\u00e5 Norsk\u00bb.<\/p>\n<p><!--more--><\/p>\n<p>Det beste av Sigrid Moldestad p\u00e5 nytt album<\/p>\n<h4>Sterk historieforteller<\/h4>\n<p>Med den norske folkemusikken som ankerpunkt og kjerne, blander Sigrid Moldestad alt fra vise og americana til folkrock og pop. Hun er en sterk historieforteller som formidler sm\u00e5 musikalske fortellinger om f\u00f8lelser, tr\u00f8st, glede og undring. &quot;Kj\u00e6rligheten har g\u00e5tt igjen som et slags tema i alle platene mine. Er veldig glad i poesi og har hatt gleden av \u00e5 tonesette flere dikt. Det har ogs\u00e5 inspirert meg stort i egen tekstskriving. Folkemusikken er jo alltid med meg og jeg er veldig stolt av platen TAUS som var den f\u00f8rste jeg gjorde som soloartist i 2007. Der var jeg opptatt av kvinners rett til \u00e5 ytre seg som de vil, fortalt gjennom historiene til de uvanlig mange kvinnelige felespillerne som var i mine hjemtrakter for 150 \u00e5r siden. Denne platen fikk Spellemannsprisen. Musikken hadde sitt utspring i tradisjonsmusikk og egne sanger fra forestilling med same navn som jeg skrev og fremf\u00f8rte selv. Noen av sangene derifra vil for alltid bety noe spesielt for meg. Historien og sangen om Samuline Seljeset er en s\u00e5nn. Jeg er utrolig stolt av \u00e5 kunne presentere et live-opptak av \u201cSamuline\u201d fra 2013 sammen med med Kringkastingsorkestret. Et stort \u00f8yeblikk for meg \u00e5 samarbeide med KORK p\u00e5 akkurat denne&quot;, forteller Moldestad.<\/p>\n<h4>Bonus-cd med nyinnspilte og ikke utgitte l\u00e5ter<\/h4>\n<p>Albumet gjenspeiler Sigrid Moldestad sine \u00e5r som soloartist og hennes historie fra starten av karrieren og frem til n\u00e5. Tittelen p\u00e5 albumet hentyder ogs\u00e5 hvor mye inderlighet og varme Sigrid legger i musikken hun skaper. \u2028&quot;S\u00e5 ta mitt hjerte er egentlig et dikt av danske Tove Ditlevsen. Jeg lagde sang av det i 2011 og den er blitt en av mine kj\u00e6reste sanger som jeg vet mange liker godt. Jeg syns teksten passet godt i<br \/>\ndenne situasjonen ogs\u00e5; det \u00e5 gi ut en plate er litt som \u00e5 gi hjertet sitt til noen; Man kjenner seg litt hudl\u00f8s og s\u00e5rbar n\u00e5r man deler musikken sin ogs\u00e5.Man h\u00e5per jo at den som f\u00e5r sangene fra hjertet tar fint i mot det,&quot;utdyper Moldestad.<br \/>\nSigrid har i l\u00f8pet av sin karriere samarbeidet med mange ulike musikere p\u00e5 tvers av sjangere.\u00a0 Det \u00e5 samarbeide med andre og skape noe sammen i \u00f8yeblikket er noe hun alltid har satt stor pris p\u00e5. &quot;Jeg har alltid v\u00e6rt inspirert av mange typer musikk. Folkemusikken ligger som kjernen i alt jeg gj\u00f8r, b\u00e5de bevisst og ubevisst. Der st\u00e5r samspillet veldig sterkt, og for meg har det alltid v\u00e6rt en drivkraft. Det tror jeg kommer sterkt frem i b\u00e5de mine livefremf\u00f8ringer og plateinnspillinger. Jeg har v\u00e6rt utrolig heldig som har f\u00e5tt jobbe med musikere full av egenart. &quot;S\u00e5 ta mitt hjerte&quot; er en veldig personlig samling sanger som gir publikum et innblikk i noen av h\u00f8ydepunktene fra min karriere og noen av de fineste samarbeidene,&quot; avslutter Sigrid.<br \/>\nFor \u00e5 feire at hun slipper samlealbumet &quot;S\u00e5 ta mitt hjerte&quot;, legger Sigrid ut p\u00e5 en to ukers norgesturn\u00e9, med konseptet \u201cVintersong\u201d, der man f\u00e5r servert en god blanding av stemningsfulle julesanger og Sigrid Moldestads beste l\u00e5ter. \u00a0<\/p>\n<h4>Turn\u00e9<\/h4>\n<p>27.11: \u00c5sane Gamle Kirke &#8211; \u00c5sane<br \/>\n28.11: Operahuset &#8211; Norfjordeid<br \/>\n29.11 Breim Kyrkje &#8211; Breim<br \/>\n01.12: Norddal Kyrkje &#8211; Norddal<br \/>\n02.12: Kulturhuset &#8211; \u00d8rsta<br \/>\n03.12: Ingebrigt Davik-huse &#8211; Brattv\u00e5g<br \/>\n04.12: Skj\u00e5k Kyrkje &#8211; Skj\u00e5k<br \/>\n05.12: Tingnes Kirke &#8211; Fagernes<br \/>\n06.12: Bergtatt Bistro &#8211; \u00c5l<br \/>\n09.12: Kulturhuset &#8211; Sogndal<br \/>\n10.12: Gamlekinoen &#8211; Voss<br \/>\n11.12: Kulturhuset &#8211; \u00c5rdal<br \/>\n12.12: F\u00f8rdehuset &#8211; F\u00f8rde<br \/>\n13.12: Kabuso &#8211; \u00d8ystese<\/p>\n<p><\/p>","protected":false},"excerpt":{"rendered":"<p>Sigrid Moldestad har samlet sammen noen av sine beste sanger og gir ut albumet \u00abS\u00e5 ta mitt hjerte \u2013 Dei beste songane\u00bb. Med albumet f\u00f8lger det ogs\u00e5 en bonus-cd med nyinnspilte og ikke utgitte l\u00e5ter.<\/p>\n","protected":false},"featured_media":27335,"comment_status":"closed","ping_status":"open","template":"","meta":[],"product_brand":[],"product_cat":[35],"product_tag":[],"class_list":{"0":"post-11129","1":"product","2":"type-product","3":"status-publish","4":"has-post-thumbnail","6":"product_cat-heilo","7":"product_shipping_class-cddvd-shipping","8":"uni_artist_tag-anders-bitustoyl","9":"uni_artist_tag-anders-erik-roine","10":"uni_artist_tag-anders-hall","11":"uni_artist_tag-anders-hove","12":"uni_artist_tag-arne-moslatten","13":"uni_artist_tag-gunn-solvi-gausemel","14":"uni_artist_tag-hans-olav-molde","15":"uni_artist_tag-johannes-rostamo","16":"uni_artist_tag-jorgen-sandvik","17":"uni_artist_tag-kare-opheim","18":"uni_artist_tag-karl-johan-ankarblom","19":"uni_artist_tag-kato-adland","20":"uni_artist_tag-kevin-henderson","21":"uni_artist_tag-kim-andre-rysstad","22":"uni_artist_tag-kristoffer-sundstrom","23":"uni_artist_tag-leif-ottosson","24":"uni_artist_tag-magne-thormodsaether","25":"uni_artist_tag-mattias-perez","26":"uni_artist_tag-morten-skage","27":"uni_artist_tag-olav-mjelva","28":"uni_artist_tag-roald-kaldestad","29":"uni_artist_tag-sigbjorn-apeland","30":"uni_artist_tag-sigrid-moldestad","31":"uni_artist_tag-stein-urheim","32":"uni_artist_tag-thomas-nokling","33":"uni_artist_tag-torbjorn-netland","34":"uni_artist_tag-tore-bruvoll","35":"uni_artist_tag-trad","36":"uni_artist_genre-folk-music","38":"first","39":"instock","40":"taxable","41":"shipping-taxable","42":"purchasable","43":"product-type-simple"},"_links":{"self":[{"href":"https:\/\/grappa.no\/no\/wp-json\/wp\/v2\/product\/11129","targetHints":{"allow":["GET"]}}],"collection":[{"href":"https:\/\/grappa.no\/no\/wp-json\/wp\/v2\/product"}],"about":[{"href":"https:\/\/grappa.no\/no\/wp-json\/wp\/v2\/types\/product"}],"replies":[{"embeddable":true,"href":"https:\/\/grappa.no\/no\/wp-json\/wp\/v2\/comments?post=11129"}],"wp:featuredmedia":[{"embeddable":true,"href":"https:\/\/grappa.no\/no\/wp-json\/wp\/v2\/media\/27335"}],"wp:attachment":[{"href":"https:\/\/grappa.no\/no\/wp-json\/wp\/v2\/media?parent=11129"}],"wp:term":[{"taxonomy":"product_brand","embeddable":true,"href":"https:\/\/grappa.no\/no\/wp-json\/wp\/v2\/product_brand?post=11129"},{"taxonomy":"product_cat","embeddable":true,"href":"https:\/\/grappa.no\/no\/wp-json\/wp\/v2\/product_cat?post=11129"},{"taxonomy":"product_tag","embeddable":true,"href":"https:\/\/grappa.no\/no\/wp-json\/wp\/v2\/product_tag?post=11129"}],"curies":[{"name":"wp","href":"https:\/\/api.w.org\/{rel}","templated":true}]}}