{"id":11124,"date":"2015-11-27T00:00:00","date_gmt":"2015-11-26T23:00:00","guid":{"rendered":"http:\/\/www.grappa.no\/albums\/uncategorized\/einar-mjolsnes-slattar-etter-anders-sagen\/"},"modified":"2016-11-14T14:18:07","modified_gmt":"2016-11-14T13:18:07","slug":"einar-mjolsnes-slattar-etter-anders-sagen","status":"publish","type":"product","link":"https:\/\/grappa.no\/no\/albums\/heilo\/einar-mjolsnes-slattar-etter-anders-sagen\/","title":{"rendered":"Einar Mj\u00f8lsnes: Sl\u00e5ttar etter Anders Sagen"},"content":{"rendered":"<p><\/p>\n<p>Einar Mj\u00f8lsnes etter Anders Sagen<\/p>\n<p>P\u00e5 eit nytt album har musikar og komponist Einar Mj\u00f8lsnes (hardingfele) fra Voss samla alle de 21 sl\u00e5ttane etter Anders Sagen som finnes nedteikna. Mj\u00f8lsnes \u00e5pnar og avsluttar albumet med eigne komposisjonar, som er inspirerte av og kommenter sl\u00e5ttane etter Sagen.<\/p>\n<p>Mj\u00f8lsnes kom for fleire \u00e5r sidan over sl\u00e5ttane etter spelemannen Anders Sagen fr\u00e5 Berge i Kyrkjeb\u00f8 i Sogn d\u00e5 han bladde i \u201dHardingfeleverket\u201d (Norsk folkemusikk, serie I: Hardingfelesl\u00e5ttar, Universitetsforlaget Oslo). Ein sl\u00e5tt i eit uvanleg felestille fanga hans oppmerksemd. \u00abEg merka meg og at sl\u00e5tten kunne attendef\u00f8rast til Anders Haga, Gamlehagen, fr\u00e5 Voss. Dette var mitt tradisjonsomr\u00e5de, so den sl\u00e5tten m\u00e5tte eg l\u00e6ra meg.\u00bb skriv Mj\u00f8lsnes i omslagsteksten til denne utgjevinga. Sl\u00e5tten var \u201dEldgamal springar\u201d etter Anders Sagen, nedskriven av Arne Bj\u00f8rndal.<\/p>\n<p>Det finnast til saman 21 sl\u00e5ttar, og notane er \u00e5 finna i Arne Bj\u00f8rndals samling i Bergen. 19 av dei er kome med i \u00abhardingfeleverket\u00bb.<\/p>\n<p>\u00abEg fann at det var ein heil del sl\u00e5ttar etter Anders Sagen, mange av dei tradert etter \u00abGamlehagen\u00bb, og p\u00e5 mange ulike felestiller.\u00bb Sagen l\u00e6rde dei fleste av sl\u00e5ttane av Rognald Berge fr\u00e5 Kyrkjeb\u00f8 i Sogn. Berge hadde l\u00e6rt av \u00abGamlehagen\u00bb. \u00abEg har inntrykk av at Sagen tok vare p\u00e5 sl\u00e5ttane slik han hadde l\u00e6rt dei, og soleis er det gamle sl\u00e5tteformer han representerer.\u00bb<\/p>\n<p>I sin periode som fylkesmusikar i Hordaland fekk Einar Mj\u00f8lsnes h\u00f8ve til \u00e5 arbeida med  sl\u00e5ttane med tanke p\u00e5 \u00e5 lydfesta dei, og dette albumet er resultatet av fleire \u00e5rs fordjupning i materialet.<\/p>\n<p><!--more--><\/p>\n<p>P\u00e5 eit nytt album har musikar og komponist Einar Mj\u00f8lsnes (hardingfele) fra Voss samla alle de 21 sl\u00e5ttane etter Anders Sagen som finnes nedteikna. Mj\u00f8lsnes \u00e5pnar og avsluttar albumet med eigne komposisjonar, som er inspirerte av og kommenter sl\u00e5ttane etter Sagen.<\/p>\n<h4>Anders Sagen<\/h4>\n<p>\u00abEg fann at det var ein heil del sl\u00e5ttar etter Anders Sagen, mange av dei tradert etter \u00abGamlehagen\u00bb, og p\u00e5 mange ulike felestiller.\u00bb Sagen l\u00e6rde dei fleste av sl\u00e5ttane av Rognald Berge fr\u00e5 Kyrkjeb\u00f8 i Sogn. Berge hadde l\u00e6rt av \u00abGamlehagen\u00bb. \u00abEg har inntrykk av at Sagen tok vare p\u00e5 sl\u00e5ttane slik han hadde l\u00e6rt dei, og soleis er det gamle sl\u00e5tteformer han representerer.\u00bb<\/p>\n<p>Sagen var f\u00f8dd p\u00e5 Berge i Kyrkjeb\u00f8 i 1829 som son av Gj\u00f8a Nilsdotter Berge (1800-1883) og Haavard J\u00f8rgenson Lokreim (1800-1848) fr\u00e5 Valdres (som var ein dugande spelemann). Anders var \u00ablausingbarn\u00bb, og mora gifta seg seinare med Lars \u00d8vreberge (f. 1805). D\u00e5 spela Anders i brudlaupet.<br \/>\nAnders Sagen tok til \u00e5 spela i 11-\u00e5rs alderen. L\u00e6remeisteren var Rognald Berge (1797-1885) , og seinare l\u00e6rde han  av Jens Fresvik (1817-1886) ogs\u00e5 kjend som Jens H\u00f8gheim og \u00abSkrangle-Jens\u00bb. Sagen skal ha spelt i opp mot 100 brudlaup, s\u00e5 han var ein sv\u00e6rt attraktiv spelemann. Han nytta for det meste ei fele av Anders Heldal (1811-1897).<br \/>\nArne Bj\u00f8rndal vitja Sagen ved fleire h\u00f8ve, og sl\u00e5ttenedskrifta er fr\u00e5 1916 og 1917.<\/p>\n<p>I sin periode som fylkesmusikar i Hordaland fekk Einar Mj\u00f8lsnes h\u00f8ve til \u00e5 arbeida med  sl\u00e5ttane med tanke p\u00e5 \u00e5 lydfesta dei, og dette albumet er resultatet av fleire \u00e5rs fordjupning i materialet.<\/p>\n<h4>Einar Mj\u00f8lsnes<\/h4>\n<p>Einar Mj\u00f8lsnes (f. 1952) er ein mykje p\u00e5akta musikar og arrang\u00f8r\/komponist. Har tidlegare jobba som fylkesmusikar i Hordaland og ved Ole Bull Akademiet p\u00e5 Voss. Som komponist har han mellom anna skrive tingingsverket til Osafestivalen i 1998. Han er utdanna ved Veitvet Musikkonservatorium og Bergen Musikkonservatorium (no Griegakademiet).<br \/>\nEinar Mj\u00f8lsnes spelar i gruppa Gamaltnymalt saman med Sigrid Moldestad og H\u00e5kon H\u00f8gemo. Trioen vant Spelemannprisen 2005 i klassen folkemusikk\/gammeldans for debutalbumet Gamaltnymalt. Sidan 2005 har han vore med i gruppa T\u00f8rvikbygd, ein folkemusikktrio som spelar musikk fr\u00e5 Hardanger.  Einar Mj\u00f8lsnes har medverka p\u00e5 konsertar i ulike samanhengar, til d\u00f8mes Vossa Jazz, Telemarkfest, F\u00f8rde internernasjonale folkemusikkfestival, Vestfoldske Festspill og Osa-fest. Han har deltatt p\u00e5 ei rekkje innspillingar og festivalar og samarbeidd med artistar som Gabriel\u00a0Fliflet,\u00a0Ivar\u00a0Kolve,\u00a0Geir\u00a0Botnen,\u00a0\u00d8ystein\u00a0Sunde,\u00a0Kari\u00a0Bremnes,\u00a0Lars\u00a0Klevstrand\u00a0og\u00a0Sondre\u00a0Bratland.<\/p>\n<h4><\/h4>\n<\/p>\n<p><\/p>","protected":false},"excerpt":{"rendered":"<p>\u00abEg har inntrykk av at Sagen tok vare p\u00e5 sl\u00e5ttane slik han hadde l\u00e6rt dei, og soleis er det gamle sl\u00e5tteformer han representerer.\u00bb<\/p>\n","protected":false},"featured_media":27332,"comment_status":"closed","ping_status":"open","template":"","meta":[],"product_brand":[],"product_cat":[35],"product_tag":[],"class_list":{"0":"post-11124","1":"product","2":"type-product","3":"status-publish","4":"has-post-thumbnail","6":"product_cat-heilo","7":"product_shipping_class-cddvd-shipping","8":"uni_artist_tag-arne-anderdal","9":"uni_artist_tag-einar-mjolsnes","10":"uni_artist_tag-trad-etter-anders-sagen","11":"uni_main_artist_tag-einar-mjolsnes","12":"uni_artist_genre-folk-music","14":"first","15":"instock","16":"taxable","17":"shipping-taxable","18":"purchasable","19":"product-type-simple"},"_links":{"self":[{"href":"https:\/\/grappa.no\/no\/wp-json\/wp\/v2\/product\/11124","targetHints":{"allow":["GET"]}}],"collection":[{"href":"https:\/\/grappa.no\/no\/wp-json\/wp\/v2\/product"}],"about":[{"href":"https:\/\/grappa.no\/no\/wp-json\/wp\/v2\/types\/product"}],"replies":[{"embeddable":true,"href":"https:\/\/grappa.no\/no\/wp-json\/wp\/v2\/comments?post=11124"}],"wp:featuredmedia":[{"embeddable":true,"href":"https:\/\/grappa.no\/no\/wp-json\/wp\/v2\/media\/27332"}],"wp:attachment":[{"href":"https:\/\/grappa.no\/no\/wp-json\/wp\/v2\/media?parent=11124"}],"wp:term":[{"taxonomy":"product_brand","embeddable":true,"href":"https:\/\/grappa.no\/no\/wp-json\/wp\/v2\/product_brand?post=11124"},{"taxonomy":"product_cat","embeddable":true,"href":"https:\/\/grappa.no\/no\/wp-json\/wp\/v2\/product_cat?post=11124"},{"taxonomy":"product_tag","embeddable":true,"href":"https:\/\/grappa.no\/no\/wp-json\/wp\/v2\/product_tag?post=11124"}],"curies":[{"name":"wp","href":"https:\/\/api.w.org\/{rel}","templated":true}]}}