{"id":11121,"date":"2007-10-29T00:00:00","date_gmt":"2007-10-28T23:00:00","guid":{"rendered":"http:\/\/www.grappa.no\/albums\/uncategorized\/the-devils-songbook\/"},"modified":"2016-12-15T10:48:16","modified_gmt":"2016-12-15T09:48:16","slug":"the-devils-songbook","status":"publish","type":"product","link":"https:\/\/grappa.no\/no\/albums\/blue-mood-records\/the-devils-songbook\/","title":{"rendered":"The Devil&#8217;s Songbook"},"content":{"rendered":"<p><\/p>\n<p>The Devil&#8217;s Songbook<\/p>\n<p>Tim Scott McConnell, tidligere vokalist i det legendariske bandet Havalinas, spiller melankolsk blues, akkompagnert av sin 12-strengers gitar. L\u00e5tene tar for seg motstand og lidelse, pakket inn i en stemningsfull og m\u00f8rk atmosf\u00e6re. Tim har utviklet seg spesielt som gitarist i de siste to \u00e5rene, og har gitt seg selv navnet Ledfoot. Ledfoot fordi dett hans 10. album er spilt inn med bare kassegitar og fot-tramp. Tittelen henspeiler bluesen som opprinnelig ble omtalt som \u201dthe devil&#8217;s music\u201d i USA.<\/p>\n<p><!--more--><\/p>\n<h4><\/h4>\n<p>Tim ble f\u00f8dt i en trailerpark i Florida i 1958. I en alder av 15 \u00e5r begynte han \u00e5 spille p\u00e5 biker-barer rundt om i Florida og flyttet til New York da han var 17. I 1989 startet han legendariske The Havalinas med Smutty Smiff og Chalo Quitana. Bandet signet med Elektra og turnerte rundt i USA og hadde oppvarmingsjobber for bl.a. Bob Dylan, Chris Isaak, Tina Turner og Crowded House. Tim Scott flyttet til Norge i 1993 og ble f\u00f8rst signet til Warner Music som ga ut albumet \u201dDeceivers and Believers\u201d i 1994. Dette albumet ga Tim for alvor radiospilling her i Norge. I 1996 ble han signet til Waterfall med sitt 7. Album, samme \u00e5r spilte selveste Bruce Springsteen in Tim Scott\u00b4s l\u00e5t \u201dHigh Hopes\u201d p\u00e5 Bloodbrothers EP og DVD.<\/p>\n<h4><\/h4>\n<p><h4><\/h4>\n<\/p>\n<p><\/p>","protected":false},"excerpt":{"rendered":"<p>Dette jubileums-albumet er spilt inn med bare kassegitar og fot-tramp.<\/p>\n","protected":false},"featured_media":26877,"comment_status":"closed","ping_status":"open","template":"","meta":[],"product_brand":[],"product_cat":[51],"product_tag":[],"class_list":{"0":"post-11121","1":"product","2":"type-product","3":"status-publish","4":"has-post-thumbnail","6":"product_cat-blue-mood-records","7":"product_shipping_class-cddvd-shipping","8":"uni_artist_tag-ledfoot","9":"uni_main_artist_tag-ledfoot","10":"uni_artist_genre-blues","12":"first","13":"instock","14":"taxable","15":"shipping-taxable","16":"purchasable","17":"product-type-simple"},"_links":{"self":[{"href":"https:\/\/grappa.no\/no\/wp-json\/wp\/v2\/product\/11121","targetHints":{"allow":["GET"]}}],"collection":[{"href":"https:\/\/grappa.no\/no\/wp-json\/wp\/v2\/product"}],"about":[{"href":"https:\/\/grappa.no\/no\/wp-json\/wp\/v2\/types\/product"}],"replies":[{"embeddable":true,"href":"https:\/\/grappa.no\/no\/wp-json\/wp\/v2\/comments?post=11121"}],"wp:featuredmedia":[{"embeddable":true,"href":"https:\/\/grappa.no\/no\/wp-json\/wp\/v2\/media\/26877"}],"wp:attachment":[{"href":"https:\/\/grappa.no\/no\/wp-json\/wp\/v2\/media?parent=11121"}],"wp:term":[{"taxonomy":"product_brand","embeddable":true,"href":"https:\/\/grappa.no\/no\/wp-json\/wp\/v2\/product_brand?post=11121"},{"taxonomy":"product_cat","embeddable":true,"href":"https:\/\/grappa.no\/no\/wp-json\/wp\/v2\/product_cat?post=11121"},{"taxonomy":"product_tag","embeddable":true,"href":"https:\/\/grappa.no\/no\/wp-json\/wp\/v2\/product_tag?post=11121"}],"curies":[{"name":"wp","href":"https:\/\/api.w.org\/{rel}","templated":true}]}}