{"id":11119,"date":"2005-03-04T00:00:00","date_gmt":"2005-03-03T23:00:00","guid":{"rendered":"http:\/\/www.grappa.no\/albums\/uncategorized\/meditatus\/"},"modified":"2020-07-17T08:14:04","modified_gmt":"2020-07-17T07:14:04","slug":"meditatus","status":"publish","type":"product","link":"https:\/\/grappa.no\/no\/albums\/grappa\/meditatus\/","title":{"rendered":"Meditatus"},"content":{"rendered":"<p><\/p>\n<p>Jazzmeditasjon over gamle ord<\/p>\n<p>Meditatus er en meditasjon over messens ord, b\u00f8nner og trosutsagn som har v\u00e6rt i bruk i v\u00e5r kultur i over tusen \u00e5r \u2013 og en meditasjon over hvordan det er \u00e5 leve, \u00e5 tro og \u00e5 h\u00e5pe i dag. Pianisten Jan Gunnar Hoff og Bod\u00f8 Domkor gir her ut denne messen som for f\u00f8rste gang ble fremf\u00f8rt i Bod\u00f8 Domkirke i desember 2004. Med seg har de B\u00f8rge Petersen-\u00d8verleir p\u00e5 gitar, Tore Brunborg p\u00e5 saksofon, Bj\u00f8rn Kjellemyr p\u00e5 kontrabass og Audun Kleive p\u00e5 slagverk. <\/p>\n<p>Jan Gunnar Hoff n\u00e6rmer seg de gamle ordene med varsomhet, og han har lagt hovedvekten p\u00e5 messens innledningsb\u00f8nn, ordene fra den blinde tiggeren som Det nye testamentet forteller om \u2013 et rop om hjelp, et rop fra en som ikke har oversikt, fra en som er i n\u00f8d, men som likevel har kraft igjen til \u00e5 rope. Kombinasjonen mellom gamle ord og vakre toner som b\u00e6rer langt og har stort rom lokker lytteren inn i et velkjent musikalsk landskap hvor man lett kan la seg henf\u00f8re. Det vellykkede m\u00f8tet mellom den kristne tradisjonen og den nykomponerte jazzmusikken blir b\u00e5ret frem av sangbare linjer og elegante kompositoriske l\u00f8sninger som gir lytteren en helt uforglemmelig opplevelse.<\/p>\n<p><!--more--><\/p>\n<h4><\/h4>\n<\/p>\n<h4><\/h4>\n<p><h4><\/h4>\n<\/p>\n<p><\/p>","protected":false},"excerpt":{"rendered":"<p>M\u00f8tet mellom den kristne tradisjonen og den nykomponerte jazzmusikken blir b\u00e5ret frem av sangbare linjer og elegante kompositoriske l\u00f8sninger som gir lytteren en helt uforglemmelig opplevelse.<\/p>\n","protected":false},"featured_media":27008,"comment_status":"closed","ping_status":"open","template":"","meta":[],"product_brand":[],"product_cat":[6],"product_tag":[],"class_list":{"0":"post-11119","1":"product","2":"type-product","3":"status-publish","4":"has-post-thumbnail","6":"product_cat-grappa","7":"product_shipping_class-cddvd-shipping","8":"uni_artist_tag-audun-kleive","9":"uni_artist_tag-bjorn-kjellemyr","10":"uni_artist_tag-bodo-domkor","11":"uni_artist_tag-jan-gunnar-hoff","12":"uni_artist_tag-tore-brunborg","13":"uni_main_artist_tag-bodo-domkor","14":"uni_artist_genre-choir","15":"uni_artist_genre-jazz","16":"uni_artist_genre-religious","18":"first","19":"outofstock","20":"taxable","21":"shipping-taxable","22":"product-type-simple"},"_links":{"self":[{"href":"https:\/\/grappa.no\/no\/wp-json\/wp\/v2\/product\/11119","targetHints":{"allow":["GET"]}}],"collection":[{"href":"https:\/\/grappa.no\/no\/wp-json\/wp\/v2\/product"}],"about":[{"href":"https:\/\/grappa.no\/no\/wp-json\/wp\/v2\/types\/product"}],"replies":[{"embeddable":true,"href":"https:\/\/grappa.no\/no\/wp-json\/wp\/v2\/comments?post=11119"}],"wp:featuredmedia":[{"embeddable":true,"href":"https:\/\/grappa.no\/no\/wp-json\/wp\/v2\/media\/27008"}],"wp:attachment":[{"href":"https:\/\/grappa.no\/no\/wp-json\/wp\/v2\/media?parent=11119"}],"wp:term":[{"taxonomy":"product_brand","embeddable":true,"href":"https:\/\/grappa.no\/no\/wp-json\/wp\/v2\/product_brand?post=11119"},{"taxonomy":"product_cat","embeddable":true,"href":"https:\/\/grappa.no\/no\/wp-json\/wp\/v2\/product_cat?post=11119"},{"taxonomy":"product_tag","embeddable":true,"href":"https:\/\/grappa.no\/no\/wp-json\/wp\/v2\/product_tag?post=11119"}],"curies":[{"name":"wp","href":"https:\/\/api.w.org\/{rel}","templated":true}]}}