{"id":1108,"date":"2014-09-12T00:00:00","date_gmt":"2014-09-11T23:00:00","guid":{"rendered":"http:\/\/www.grappa.no\/albums\/uncategorized\/sweet-morning-music\/"},"modified":"2016-08-16T09:49:51","modified_gmt":"2016-08-16T08:49:51","slug":"sweet-morning-music","status":"publish","type":"product","link":"https:\/\/grappa.no\/no\/albums\/grappa\/sweet-morning-music\/","title":{"rendered":"Sweet Morning Music"},"content":{"rendered":"<p><\/p>\n<p>10 \u00e5r som plateartist<\/p>\n<p>Etter suksessen med julejazz-albumet \u00ab&#8217;Round About Christmas\u00bb, gikk Hilde Louise over i rollen som Miss Adelaide i musikalen \u00abGuys And Dolls\u00bb, som gledet 40.000 publikummere, inkludert pressen, p\u00e5 Oslo Nye Teater.<br \/>\nN\u00e5 er artisten i skrive-modus for neste prosjekt, men ting skjer parallellt, som vanlig.<br \/>\nI anledning Hilde Louises 10 \u00e5rs jubileum som plate-artist, gir Grappa ut albumet \u00abSweet Morning Music\u00bb 12. september 2014. Albumet er en samling av artistens mest karakteristiske l\u00e5ter satt sammen i en ny kontekst. Asbj\u00f8rnsens mangslungne karriere som scene-katt, via kabaret, jazz og musikal, speiles i utvalget. <\/p>\n<p>Rundt lanseringen gj\u00f8r hun utvalgte konserter med sin nysl\u00e5tte jazz-kvintett: Anders Aarum p\u00e5 tangenter, Svein Erik Martinsen p\u00e5 gitar, Jens Fossum p\u00e5 kontrabass og Hermund Nyg\u00e5rd p\u00e5 trommer.<\/p>\n<p><!--more--><\/p>\n<p>10 \u00e5r som plateartist<\/p>\n<h4>Samleplate<\/h4>\n<p>I anledning Hilde Louises 10 \u00e5rs jubileum som plateartist, gir Grappa ut albumet \u00abSweet Morning Music\u00bb 12. september 2014. Albumet er en samling av artistens mest karakteristiske l\u00e5ter satt sammen i en ny kontekst. Asbj\u00f8rnsens mangslungne karriere som scene-katt, via kabaret, jazz og musikal, speiles i utvalget. Ikke minst blir Hilde Louise n\u00e5 lansert i Tyskland , og har allerede f\u00e5tt str\u00e5lende tilbakemeldinger fra tyskerne.<\/p>\n<p>&quot;Norges svar p\u00e5 Edith Piaf. Ut av beskjeftigelsen med den guddommelige Piaf og tekster av franske filosofer som Jean-Paul Sartre og Simone de Beauvoir, lar Hilde Louise et helt eget kosmos oppst\u00e5. &quot;Sweet Morning Music&quot; er langt mer enn pen salongmusikk til kaffen &#8211; det er et gjennomf\u00f8rt vellykket stykke dr\u00f8mmende, moderne jazz, preget av spilleglede, som p\u00e5 det beste avsl\u00f8rer hvordan inspirerende musikkhistorie kan v\u00e6re&#8230;.p\u00e5 &quot;Sweet Morning Music&quot; viser kunstnerinnen hvordan behagelig jazz og chanson kan smelte sammen.&quot; &#8211; Stagecat.de<\/p>\n<p>\u00abHennes sanger gj\u00f8r inntrykk. Hun er teatral og intim, overveldende og fantasifull(&#8230;) har noe sj\u00f8mannsvals aktig over seg, men klinger likevel sv\u00e6rt fransk\u00bb. &#8211; Du &amp; Ich 4\/5<\/p>\n<p>&quot;Hennes selvskrevne, filigran arrangerte, fantasifulle og jazz-kyssede musikk klinger alt annet enn nordisk..&quot; &#8211; Musikmarkt<\/p>\n<h4>Hilde Louise &amp; The Orchestra er p\u00e5 veien igjen.<\/h4>\n<p>Rundt lanseringen gj\u00f8r hun utvalgte konserter med sin nysl\u00e5tte jazz-kvintett: Anders Aarum p\u00e5 tangenter, Svein Erik Martinsen p\u00e5 gitar, Jens Fossum p\u00e5 kontrabass og Hermund Nyg\u00e5rd p\u00e5 trommer. <\/p>\n<p>Videoer og mer p\u00e5 https:\/\/www.hildelouise.com\/<\/p>\n<h4>Hilde Louise Asbj\u00f8rnsen<\/h4>\n<p>Hilde Louise Asbj\u00f8rnsen har gitt ut 8 solo-album siden 2004. F\u00f8rst ut var \u00abEleven Nights and Two Early Mornings\u00bb(Bonnier Amigo) i 2004. \u00abBirdie Blues\u00bb(2005), innspilt i Rainbow Studio med Karin Krog som co-produsent, ble etterfulgt av Monica Zetterlund-hyllesten \u00abNo vil eg vake med deg\u00bb. Sistnevnte med nynorske tekster av Edvard Hoem og Georg Wadenius som gitarist og musikalsk leder.<br \/>\nI 2008 kom albumet \u00abSound Your Horn\u00bb, Asbj\u00f8rnsens f\u00f8rste utgivelse p\u00e5 egen label.<br \/>\nInnspillingen ble gjort i et naust p\u00e5 Giske, og ble liggende p\u00e5 VG-lista i hele 8 uker.<br \/>\n\u00abNever Ever Going Back\u00bb, ogs\u00e5 p\u00e5 egen label, ble unfanget og f\u00f8dt omtrent samtidig som artistens s\u00f8nn. L\u00e5ten \u00abUndeceivable\u00bb fra dette albumet var en av finalistene i samme \u00e5rs International Songwriting Competition (ISC).<br \/>\nF\u00f8rste samarbeid med Grappa Musikkforlag var live-innspillingen \u00abDivin&#8217; At The Oceansound\u00bb i 2011, med swing-versjoner av l\u00e5ter fra tidligere album. I 2012 kom \u00abM\u00e5nesjuk\u00bb, ogs\u00e5 p\u00e5 Grappa, med tekster p\u00e5 Sykkylvs-dialekt. Julen 2013 kom albumet \u00ab&#8217;Round About Christmas\u00bb, p\u00e5 Sweet Morning Music AS. Albumet inkluderer duetten \u00abChristmas Is A Lullaby\u00bb med Ane Brun, av Jazznytt erkl\u00e6rt \u00abEn norsk jazzklassiker i sjangeren julesanger\u00bb.<\/p>\n<p><\/p>","protected":false},"excerpt":{"rendered":"<p>I anledning Hilde Louises 10 \u00e5rs jubileum som plateartist, gir Grappa ut albumet \u00abSweet Morning Music\u00bb<\/p>\n","protected":false},"featured_media":27134,"comment_status":"closed","ping_status":"open","template":"","meta":[],"product_brand":[],"product_cat":[6],"product_tag":[],"class_list":{"0":"post-1108","1":"product","2":"type-product","3":"status-publish","4":"has-post-thumbnail","6":"product_cat-grappa","7":"product_shipping_class-cddvd-shipping","8":"uni_artist_tag-anders-aarum","9":"uni_artist_tag-atle-nymo","10":"uni_artist_tag-david-gald","11":"uni_artist_tag-espen-alfred-leite-skapengland","12":"uni_artist_tag-finn-hauge","13":"uni_artist_tag-hermund-nygard","14":"uni_artist_tag-hilde-louise-asbjornsen","15":"uni_artist_tag-jan-martin-smordal","16":"uni_artist_tag-jens-fossum","17":"uni_artist_tag-jorgen-gjerde","18":"uni_artist_tag-julie-dahle-aagard","19":"uni_artist_tag-kare-nymark-jr","20":"uni_artist_tag-karen-musaeus","21":"uni_artist_tag-karin-okkenhaug-seim","22":"uni_artist_tag-ketil-westrum-einarsen","23":"uni_artist_tag-klaus-robert-blomvik","24":"uni_artist_tag-lene-kongsvik-johansen","25":"uni_artist_tag-mattias-stahl","26":"uni_artist_tag-renate-staal-nygard","27":"uni_artist_tag-svein-erik-martinsen-anestad","28":"uni_main_artist_tag-hilde-louise-asbjornsen","29":"uni_artist_genre-cabaret","30":"uni_artist_genre-collection","31":"uni_artist_genre-jazz","32":"uni_artist_genre-pop","34":"first","35":"instock","36":"taxable","37":"shipping-taxable","38":"purchasable","39":"product-type-simple"},"_links":{"self":[{"href":"https:\/\/grappa.no\/no\/wp-json\/wp\/v2\/product\/1108","targetHints":{"allow":["GET"]}}],"collection":[{"href":"https:\/\/grappa.no\/no\/wp-json\/wp\/v2\/product"}],"about":[{"href":"https:\/\/grappa.no\/no\/wp-json\/wp\/v2\/types\/product"}],"replies":[{"embeddable":true,"href":"https:\/\/grappa.no\/no\/wp-json\/wp\/v2\/comments?post=1108"}],"wp:featuredmedia":[{"embeddable":true,"href":"https:\/\/grappa.no\/no\/wp-json\/wp\/v2\/media\/27134"}],"wp:attachment":[{"href":"https:\/\/grappa.no\/no\/wp-json\/wp\/v2\/media?parent=1108"}],"wp:term":[{"taxonomy":"product_brand","embeddable":true,"href":"https:\/\/grappa.no\/no\/wp-json\/wp\/v2\/product_brand?post=1108"},{"taxonomy":"product_cat","embeddable":true,"href":"https:\/\/grappa.no\/no\/wp-json\/wp\/v2\/product_cat?post=1108"},{"taxonomy":"product_tag","embeddable":true,"href":"https:\/\/grappa.no\/no\/wp-json\/wp\/v2\/product_tag?post=1108"}],"curies":[{"name":"wp","href":"https:\/\/api.w.org\/{rel}","templated":true}]}}