{"id":1106,"date":"2014-10-10T00:00:00","date_gmt":"2014-10-09T23:00:00","guid":{"rendered":"http:\/\/www.grappa.no\/albums\/uncategorized\/kjente-jeg-deg\/"},"modified":"2016-10-19T11:18:08","modified_gmt":"2016-10-19T10:18:08","slug":"kjente-jeg-deg","status":"publish","type":"product","link":"https:\/\/grappa.no\/no\/albums\/grappa\/kjente-jeg-deg\/","title":{"rendered":"Kjente Jeg Deg"},"content":{"rendered":"<p><\/p>\n<p>Sanger og dikt fra forestillingen \u00abKjente jeg deg?\u00bb &#8211; En forestilling om Rolf Jacobsens diktning og liv.<\/p>\n<p>Da Wenche Medb\u00f8e var p\u00e5 vei hjem til Oslo, &quot;oppslukt&quot; av Rolf Jacobsens fantastiske diktunivers under Rolf Jacobsen-dagene i 2013 i Hamar &#8211; kom ideen om \u00e5 lage noe mer, kanskje flytte dikteren og hans liv opp p\u00e5 en teaterscene? S\u00e5nn ble det. Med instrukt\u00f8r Liv Borg Thorsen, Toralv Marurstad, hjelp fra Rolf Jacobsens venner, og et spennende samarbeid med komponistene og l\u00e5tskriverne Amund Maarud og Kim Edward Bergseth \u2013 ble forstillingen og platen en realitet. Medkomponist og musikkprodusent Kim Edward Bergseth har produsert albumet som inneholder dikt og sanger fra forestillingen. Musikken beveger seg gjennom flere sjangere og musikalsk tonespr\u00e5k, slik forfatterskapet til Rolf Jacobsen beveger seg i sitt eget dikterunivers. Det akustiske lydbilde blir tonegivende gjennom hele albumet. I tillegg har multi-instrumentalisten Amund Maarud satt sitt s\u00e6rpreg, med et utfordrende gitarspill og sin vokale vri \u2013 og p\u00e5 den m\u00e5ten henvender dette ogs\u00e5 seg til det yngre publikummet \u2013 slik at de ogs\u00e5 kan oppdage modernisten Rolf Jacobsen.<\/p>\n<p><!--more--><\/p>\n<p>Sanger og dikt fra forestillingen \u00abKjente jeg deg?\u00bb &#8211; En forestilling om Rolf Jacobsens diktning og liv.<\/p>\n<h4>Et spennende samarbeid<\/h4>\n<p>Instrukt\u00f8r Liv Borg Thorsen ble kontaktet og Rolf Jacobsens venner \u00e5pnet d\u00f8ren til Skappels gate 2 i Hamar, dikterens gamle verksted og hjem. <\/p>\n<p>Med inspirasjon fra diktene, notatb\u00f8kene, lappene, og biografiene &quot;Kjente jeg deg?&quot; av s\u00f8nnen Trond Tend\u00f8 Jacobsen, &quot;Ord m\u00e5 en omvei&quot; en Rolf Jacobsen biografi av Hanne Lillebo og &quot;En dikter &#8211; og hans skygge&quot; av Ove R\u00f8sbak, var arbeidet i gang. Et spennende samarbeid med komponistene og l\u00e5tskriverne Amund Maarud og Kim Edward Bergseth ble igangsatt. <\/p>\n<p>Og ikke minst samarbeidet med Toralv Maurstad, nestor i norsk teater.<\/p>\n<h4>Musikken<\/h4>\n<p>Medkomponist og musikkprodusent Kim Edward Bergseth har produsert albumet som inneholder dikt og sanger fra forestillingen. Musikken beveger seg gjennom flere sjangere og musikalsk tonespr\u00e5k, slik forfatterskapet til Rolf Jacobsen beveger seg i sitt eget dikterunivers. <\/p>\n<p>Det akustiske lydbilde blir tonegivende gjennom hele albumet. I tillegg har multi-instrumentalisten Amund Maarud satt sitt s\u00e6rpreg , med et utfordrende gitarspill og sin vokale vri \u2013 og p\u00e5 den m\u00e5ten henvender dette ogs\u00e5 seg til det yngre publikummet \u2013 slik at de ogs\u00e5 kan oppdage modernisten Rolf Jacobsen.<\/p>\n<h4>Forestillingen<\/h4>\n<p>Forestillingen \u201dKJENTE JEG DEG?\u201d har som intensjon \u00e5 presentere modernisten Rolf Jacobsens diktning og liv med b\u00e5de tekst og musikk til et ungt, nytt og gammelt publikum, og \u00e5 bygge broer mellom generasjonene.<\/p>\n<p>Forestillingen tar for seg dikteren, modernisten, hans politiske engasjement, krigen, NS-tiden, fengsel. Og den sterke kj\u00e6rligheten mellom ham og hans kone Petra.<\/p>\n<p>Forestillingen \u201dKJENTE JEG DEG?\u201d, PREMIERE 6. november kl 20:00, i<br \/>\nROLF JACOBSEN-SALEN i HAMAR KULTURHUS.<br \/>\nF\u00f8rpremiere; 6. november  kl 18:00<br \/>\n7. november kl. 18:00 og 20:00, og 8. november kl. 18:00 <\/p>\n<p>Et utdrag av forestillingen vises under innvielsen av Rolf Jacobsen-salen i Hamar kulturhus 15. oktober 2014.<\/p>\n<p><\/p>","protected":false},"excerpt":{"rendered":"<p>Toralv Maurstad, Amund Maarud og Wenche Medb\u00f8e tar Rolf Jacobsens univers inn i musikken.<\/p>\n","protected":false},"featured_media":27141,"comment_status":"closed","ping_status":"open","template":"","meta":[],"product_brand":[],"product_cat":[6],"product_tag":[],"class_list":{"0":"post-1106","1":"product","2":"type-product","3":"status-publish","4":"has-post-thumbnail","6":"product_cat-grappa","7":"product_shipping_class-cddvd-shipping","8":"uni_artist_tag-amund-maarud","9":"uni_artist_tag-henrik-maarud","10":"uni_artist_tag-kim-edward-bergseth","11":"uni_artist_tag-toralv-maurstad","12":"uni_artist_tag-wenche-medboe","13":"uni_main_artist_tag-amund-maarud","14":"uni_artist_genre-lyric-poetry","15":"uni_artist_genre-norwegian","16":"uni_artist_genre-pop","17":"uni_artist_genre-rock","19":"first","20":"instock","21":"taxable","22":"shipping-taxable","23":"purchasable","24":"product-type-simple"},"_links":{"self":[{"href":"https:\/\/grappa.no\/no\/wp-json\/wp\/v2\/product\/1106","targetHints":{"allow":["GET"]}}],"collection":[{"href":"https:\/\/grappa.no\/no\/wp-json\/wp\/v2\/product"}],"about":[{"href":"https:\/\/grappa.no\/no\/wp-json\/wp\/v2\/types\/product"}],"replies":[{"embeddable":true,"href":"https:\/\/grappa.no\/no\/wp-json\/wp\/v2\/comments?post=1106"}],"wp:featuredmedia":[{"embeddable":true,"href":"https:\/\/grappa.no\/no\/wp-json\/wp\/v2\/media\/27141"}],"wp:attachment":[{"href":"https:\/\/grappa.no\/no\/wp-json\/wp\/v2\/media?parent=1106"}],"wp:term":[{"taxonomy":"product_brand","embeddable":true,"href":"https:\/\/grappa.no\/no\/wp-json\/wp\/v2\/product_brand?post=1106"},{"taxonomy":"product_cat","embeddable":true,"href":"https:\/\/grappa.no\/no\/wp-json\/wp\/v2\/product_cat?post=1106"},{"taxonomy":"product_tag","embeddable":true,"href":"https:\/\/grappa.no\/no\/wp-json\/wp\/v2\/product_tag?post=1106"}],"curies":[{"name":"wp","href":"https:\/\/api.w.org\/{rel}","templated":true}]}}