{"id":1094,"date":"2014-09-19T00:00:00","date_gmt":"2014-09-18T23:00:00","guid":{"rendered":"http:\/\/www.grappa.no\/albums\/uncategorized\/the-young-mothers-a-mothers-work-is-never-done\/"},"modified":"2016-07-11T11:48:10","modified_gmt":"2016-07-11T10:48:10","slug":"the-young-mothers-a-mothers-work-is-never-done","status":"publish","type":"product","link":"https:\/\/grappa.no\/no\/albums\/uncategorized\/the-young-mothers-a-mothers-work-is-never-done\/","title":{"rendered":"The Young Mothers: A mothers work is never done"},"content":{"rendered":"<p><\/p>\n<p>Ingebrigt H\u00e5ker Flatens amerikanske supergruppe<\/p>\n<p>The Young Mothers \u2013 er en supergruppe best\u00e5ende av tungvektere som har bidratt til \u00e5 mye kreativ musikk i New York, Chicago, Texas og Skandinavia. Bandleder og bassist Ingebrigt H\u00e5ker Flaten fra Oppdal har skapt seg et solid navn etter h\u00f8yt aktivitetsniv\u00e5 med band som The Thing, Free Fall, Atomic og Scorch Trio i fler ti\u00e5r. Ingebrigt satte i sammen bandet i 2012 i Houston og har senere selv flyttet til Austin. Gruppas debutalbum &quot;A Mothers Work is Never Done er en overbevisende maktoppvisning innen kreativ musikk. Overraskelsene dukker opp som troll i eske i \u201cThe \u2018Wood\u201d og \u201cRuth\u201d, mens \u201cMol\u00e9\u201d og \u201cTheme from Fanny and Alexander\u201d er gl\u00f8dende og f\u00f8lelsesladde eksempler p\u00e5 moderne jazz og fri impro. Seksmannsgruppas utgangspunkt er briljant og potent musikk av i dag, og de tar opp i seg elementer fra en rekke  tradisjoner utenfor mainstreammusikken: fra grindcore til visjon\u00e6r hip hop.<\/p>\n<p>Sammen med Austinbaserte Flaten stiller fire andre fra Texas og en fra Chicago. Gitarist Jonathan Horne sitt Plutonium Farmers har nylig gitt ut plate med Steve Albini bak spakene. Saksofonist Jason Jackson er en sentral figur i Houstons produktive jazz og impromilj\u00f8, og har spilt med Leroy Jenkins, Pauline Oliveros, og William Parker.<br \/>\nTrompetist og rapper Jawwaad Taylor er opprinnelig fra Houston og flyttet nettopp tilbake til hjembyen fra New York, etter \u00e5 ha spilt og samarbeidet med Jay-Z og MF DOOM. Den Dallasbaserte trommisen og vibrafonisten Stefan Gonzalez, s\u00f8nn av<br \/>\njazztungvekteren Dennis Gonzales, har spilt i utallige jazz, noise, mariachi og grindprosjekter. Chicagobaserte Frank Rosaly \u2013 er en perkusjonist av ypperste klasse som har spilt med storheter som Peter Br\u00f6tzmann, Jeff Parker, Thurston Moore, Roscoe Mitchell og Louis Moholo.<\/p>\n<p>Utgivelsen er ogs\u00e5 tilgjengelig i et begrenset opplag p\u00e5 300 p\u00e5 farget vinyl.<\/p>\n<p><!--more--><\/p>\n<p>The Young Mothers \u2013 er en supergruppe best\u00e5ende av tungvektere som har bidratt til \u00e5 mye kreativ musikk i New York, Chicago, Texas og Skandinavia. Bandleder og bassist Ingebrigt H\u00e5ker Flaten fra Oppdal har skapt seg et solid navn etter h\u00f8yt aktivitetsniv\u00e5 med band som The Thing, Free Fall, Atomic og Scorch Trio i fler ti\u00e5r. Ingebrigt satte i sammen bandet i 2012 i Houston og har senere selv flyttet til Austin.<\/p>\n<h4>Bandet<\/h4>\n<p>Sammen med Austinbaserte Flaten stiller fire andre fra Texas og en fra Chicago. Gitarist Jonathan Horne sitt Plutonium Farmers har nylig gitt ut plate med Steve Albini bak spakene. Saksofonist Jason Jackson er en sentral figur i Houstons produktive jazz og impromilj\u00f8, og har spilt med Leroy Jenkins, Pauline Oliveros, og William Parker.<br \/>\nTrompetist og rapper Jawwaad Taylor er opprinnelig fra Houston og flyttet nettopp tilbake til hjembyen fra New York, etter \u00e5 ha spilt og samarbeidet med Jay-Z og MF DOOM. Den Dallasbaserte trommisen og vibrafonisten Stefan Gonzalez, s\u00f8nn av<br \/>\njazztungvekteren Dennis Gonzales, har spilt i utallige jazz, noise, mariachi og grindprosjekter. Chicagobaserte Frank Rosaly \u2013 er en perkusjonist av ypperste klasse som har spilt med storheter som Peter Br\u00f6tzmann, Jeff Parker, Thurston Moore, Roscoe Mitchell og Louis Moholo.<\/p>\n<p>Utgivelsen er ogs\u00e5 tilgjengelig i et begrenset opplag p\u00e5 300 p\u00e5 farget vinyl.<\/p>\n<h4><\/h4>\n<p><h4><\/h4>\n<\/p>\n<p><\/p>","protected":false},"excerpt":{"rendered":"<p>Ingebrigt H\u00e5ker Flaten fra Oppdal har skapt seg et solid navn etter h\u00f8yt aktivitetsniv\u00e5 med band som The Thing, Free Fall, Atomic og Scorch Trio i fler ti\u00e5r. Ingebrigt satte i sammen bandet i 2012 i Houston og har senere selv flyttet til Austin. Gruppas debutalbum &quot;A Mothers Work is Never Done er en overbevisende maktoppvisning innen kreativ musikk.<\/p>\n","protected":false},"featured_media":27858,"comment_status":"closed","ping_status":"open","template":"","meta":[],"product_brand":[],"product_cat":[6984],"product_tag":[],"class_list":{"0":"post-1094","1":"product","2":"type-product","3":"status-publish","4":"has-post-thumbnail","6":"product_cat-uncategorized","7":"product_shipping_class-cddvd-shipping","8":"uni_artist_tag-the-young-mothers","9":"uni_main_artist_tag-the-young-mothers","10":"uni_artist_genre-hip-hop","11":"uni_artist_genre-jazz","12":"uni_artist_genre-rock","14":"first","15":"instock","16":"taxable","17":"shipping-taxable","18":"purchasable","19":"product-type-simple"},"_links":{"self":[{"href":"https:\/\/grappa.no\/no\/wp-json\/wp\/v2\/product\/1094","targetHints":{"allow":["GET"]}}],"collection":[{"href":"https:\/\/grappa.no\/no\/wp-json\/wp\/v2\/product"}],"about":[{"href":"https:\/\/grappa.no\/no\/wp-json\/wp\/v2\/types\/product"}],"replies":[{"embeddable":true,"href":"https:\/\/grappa.no\/no\/wp-json\/wp\/v2\/comments?post=1094"}],"wp:featuredmedia":[{"embeddable":true,"href":"https:\/\/grappa.no\/no\/wp-json\/wp\/v2\/media\/27858"}],"wp:attachment":[{"href":"https:\/\/grappa.no\/no\/wp-json\/wp\/v2\/media?parent=1094"}],"wp:term":[{"taxonomy":"product_brand","embeddable":true,"href":"https:\/\/grappa.no\/no\/wp-json\/wp\/v2\/product_brand?post=1094"},{"taxonomy":"product_cat","embeddable":true,"href":"https:\/\/grappa.no\/no\/wp-json\/wp\/v2\/product_cat?post=1094"},{"taxonomy":"product_tag","embeddable":true,"href":"https:\/\/grappa.no\/no\/wp-json\/wp\/v2\/product_tag?post=1094"}],"curies":[{"name":"wp","href":"https:\/\/api.w.org\/{rel}","templated":true}]}}