{"id":1088,"date":"2014-08-15T00:00:00","date_gmt":"2014-08-14T23:00:00","guid":{"rendered":"http:\/\/www.grappa.no\/albums\/uncategorized\/fint-a-vaere-rar\/"},"modified":"2016-08-16T09:49:47","modified_gmt":"2016-08-16T08:49:47","slug":"fint-a-vaere-rar","status":"publish","type":"product","link":"https:\/\/grappa.no\/no\/albums\/grappa\/fint-a-vaere-rar\/","title":{"rendered":"Fint \u00e5 v\u00e6re rar"},"content":{"rendered":"<p><\/p>\n<p>Barneplate fra Kaia Huuse<\/p>\n<p>Kaia Huuse har hatt et \u00f8nske om \u00e5 lage kvalitetsmusikk som b\u00e5de voksne og barn kan ha gleden av \u00e5 h\u00f8re p\u00e5 sammen. Den musikken som varer, er gjerne den som faller i smak hos begge parter.<br \/>\n\u00abFint \u00e5 v\u00e6re rar\u00bb inneholder flere melankolske sanger i forhold til hva man kanskje er vant til \u00e5 h\u00f8re p\u00e5 en del av de klassiske barneplatene &#8211; men med hverdagen v\u00e5r som bakteppe er temaene p\u00e5 l\u00e5tene til Kaia tidl\u00f8se.<br \/>\nEn r\u00f8d tr\u00e5d p\u00e5 \u00abFint \u00e5 v\u00e6re rar\u00bb er identitet. M\u00f8tet med dronningene som bestemmer hva alle skal mene, l\u00f8srivelsen fra \u00abde andre\u00bb, drakampen mellom gjengen, skolen og foreldrene, forvirringen om hvem er jeg? N\u00e5r er jeg mest meg? Og hva er mest meg? Det jeg tenker for meg selv? Det jeg viser til andre?<\/p>\n<p><!--more--><\/p>\n<p>Barneplate fra Kaia Huuse<\/p>\n<h4>Med hverdagen som bakteppe<\/h4>\n<p>\u00abFint \u00e5 v\u00e6re rar\u00bb inneholder flere melankolske sanger i forhold til hva man kanskje er vant til \u00e5 h\u00f8re p\u00e5 en del av de klassiske barneplatene &#8211; men med hverdagen v\u00e5r som bakteppe er temaene p\u00e5 l\u00e5tene til Kaia tidl\u00f8se.<br \/>\nEn r\u00f8d tr\u00e5d p\u00e5 \u00abFint \u00e5 v\u00e6re rar\u00bb er identitet. M\u00f8tet med dronningene som bestemmer hva alle skal mene, l\u00f8srivelsen fra \u00abde andre\u00bb, drakampen mellom gjengen, skolen og foreldrene, forvirringen om hvem er jeg? N\u00e5r er jeg mest meg? Og hva er mest meg? Det jeg tenker for meg selv? Det jeg viser til andre?<\/p>\n<h4>Illustrasjoner av Sara Skorgan Teigen<\/h4>\n<p>P\u00e5 denne utgivelsen har Sara Skorgan Teigen st\u00e5tt for illustrasjonene.<br \/>\n\u00abJeg \u00f8nsket \u00e5 f\u00e5 illustrasjoner fra Sara, fordi jeg liker hennes strek. Uttrykket er skj\u00f8rt og s\u00e5rbart, men samtidig sterkt og tydelig og jeg f\u00f8lte at det passet mitt musikalske spr\u00e5k\u00bb &#8211; Kaia Huuse<br \/>\nFor Sara Skorgan Teigen kom tegningene s\u00e5 og si av seg selv n\u00e5r hun h\u00f8rte l\u00e5tene og tolket tekstene.<br \/>\n\u00abUtenom at sangene allerde var veldig billedlige, passet innholdet min strek og interesse veldig godt. Det jeg liker spesielt med Kaias tekster er at de f\u00f8les s\u00e5 \u00e6rlige om den virkelige hverdagen til barn. De r\u00f8rer ved noen veldig essensielle temaer som barn blir konfrontert med, for eksempel det \u00e5 v\u00e6re annerledes eller \u00e5 f\u00f8le seg som en robot. Det syns jeg vekker de voksne ogs\u00e5 \u2013 og jeg kjente meg i hvertfall igjen , b\u00e5de som barn og voksen. Derfor valgte jeg ogs\u00e5 \u00e5 lage figurene litt \u00abfrie for alder\u00bb. &#8211; Sara Skorgan Teigen<\/p>\n<h4><\/h4>\n<\/p>\n<p><\/p>","protected":false},"excerpt":{"rendered":"<p>Kaia Huuse har hatt et \u00f8nske om \u00e5 lage kvalitetsmusikk som b\u00e5de voksne og barn kan ha gleden av \u00e5 h\u00f8re p\u00e5 sammen. Den musikken som varer, er gjerne den som faller i smak hos begge parter.<\/p>\n","protected":false},"featured_media":27089,"comment_status":"closed","ping_status":"open","template":"","meta":[],"product_brand":[],"product_cat":[6],"product_tag":[],"class_list":{"0":"post-1088","1":"product","2":"type-product","3":"status-publish","4":"has-post-thumbnail","6":"product_cat-grappa","7":"product_shipping_class-cddvd-shipping","8":"uni_artist_tag-borre-flyen","9":"uni_artist_tag-frode-berntzen","10":"uni_artist_tag-kaia-huuse","11":"uni_artist_tag-lise-sorensen-voldsdal","12":"uni_main_artist_tag-kaia-huuse","13":"uni_artist_genre-children","14":"uni_artist_genre-norwegian","15":"uni_artist_genre-pop","16":"uni_artist_genre-singersongwriter","18":"first","19":"instock","20":"taxable","21":"shipping-taxable","22":"purchasable","23":"product-type-simple"},"_links":{"self":[{"href":"https:\/\/grappa.no\/no\/wp-json\/wp\/v2\/product\/1088","targetHints":{"allow":["GET"]}}],"collection":[{"href":"https:\/\/grappa.no\/no\/wp-json\/wp\/v2\/product"}],"about":[{"href":"https:\/\/grappa.no\/no\/wp-json\/wp\/v2\/types\/product"}],"replies":[{"embeddable":true,"href":"https:\/\/grappa.no\/no\/wp-json\/wp\/v2\/comments?post=1088"}],"wp:featuredmedia":[{"embeddable":true,"href":"https:\/\/grappa.no\/no\/wp-json\/wp\/v2\/media\/27089"}],"wp:attachment":[{"href":"https:\/\/grappa.no\/no\/wp-json\/wp\/v2\/media?parent=1088"}],"wp:term":[{"taxonomy":"product_brand","embeddable":true,"href":"https:\/\/grappa.no\/no\/wp-json\/wp\/v2\/product_brand?post=1088"},{"taxonomy":"product_cat","embeddable":true,"href":"https:\/\/grappa.no\/no\/wp-json\/wp\/v2\/product_cat?post=1088"},{"taxonomy":"product_tag","embeddable":true,"href":"https:\/\/grappa.no\/no\/wp-json\/wp\/v2\/product_tag?post=1088"}],"curies":[{"name":"wp","href":"https:\/\/api.w.org\/{rel}","templated":true}]}}