{"id":1085,"date":"2014-08-08T00:00:00","date_gmt":"2014-08-07T23:00:00","guid":{"rendered":"http:\/\/www.grappa.no\/albums\/uncategorized\/john-surmanbergen-big-band-another-sky\/"},"modified":"2016-04-19T19:22:14","modified_gmt":"2016-04-19T18:22:14","slug":"john-surmanbergen-big-band-another-sky","status":"publish","type":"product","link":"https:\/\/grappa.no\/no\/albums\/grappa\/john-surmanbergen-big-band-another-sky\/","title":{"rendered":"John Surman\/Bergen Big Band: Another Sky"},"content":{"rendered":"<p><\/p>\n<p>Fruktbart samarbeid<\/p>\n<p>Den britiske komponisten og jazzsaksofonisten har siden starten av karrieren tidlig p\u00e5 sekstitallet v\u00e6rt regnet som en av de fremste europeiske jazzut\u00f8verene. Han har samarbeidet med artister som John McLaughlin, Paul Bley, Karin Krog, Bill Frisell, Ronnie Scott, Paul Motian og Jack DeJohnette. &quot;Another Sky&quot; byr p\u00e5 en time med overskuddspreget og vital ny musikk fra Surmans penn, bestilt av Bergen Big Band til en konsert i Parma i Italia i 2011. <\/p>\n<p>Bergen Big Band (BBB) er et av v\u00e5re fremste storband og ble dannet i 1991 som en videref\u00f8ring av Bergen Band. De har tidligere samarbeidet med bl.a. The Core, Berit Opheim, Phil Woods, Paquito de Rivera, Joe Henderson, Maria Schneider, Diana Krall, Sissel Kyrkjeb\u00f8, Andy Sheppard, Gianluigi Trovesi, Mathias Eick, Dino Zaluzzi, Gustavo Bergalli og Jan Magne F\u00f8rde. Verket de bestilte av Terje Rypdal: Crime Scene, ble utgitt p\u00e5 CD av ECM i 2009. Samarbeidet med John Surman og storbandet har v\u00e6rt n\u00e6rt og har p\u00e5g\u00e5tt gjennom flere \u00e5r. &quot;John har etterhvert blitt en musikalsk mentor for Bergen Big Band. Det har hatt stor betydning for v\u00e5rt fruktbare samarbeid, og verdsettes stor av oss i bandet.&quot; skriver saksofonist Olav Dale i omslagsteksten. &quot;Som alltid n\u00e5r vi arbeider med Mr Surman gir musikerene alt&quot;.<\/p>\n<p>Surman inviterte denne gangen ogs\u00e5 inn sin venn og samarbeidspartenr John Warren inn i prosjektet. Han st\u00e5r bak flere av arrangementene og var ogs\u00e5 med som co-produsent i studio.<\/p>\n<p>I 2006 gav Bergen Big Band ut den kritikerroste CDen \u201dSeagull\u201d i samarbeid med Karin Krog og John Surman. <\/p>\n<p>Releaskonserter for Another Sky:<br \/>\n09. august      Sildajazz, Haugesund<br \/>\n15. august      Oslo Jazzfestival<br \/>\n15. november London Jazz Festival<\/p>\n<p><!--more--><\/p>\n<p>Den britiske komponisten og jazzsaksofonisten har siden starten av karrieren tidlig p\u00e5 sekstitallet v\u00e6rt regnet som en av de fremste europeiske jazzut\u00f8verene. Han har samarbeidet med artister som John McLaughlin, Paul Bley, Karin Krog, Bill Frisell, Ronnie Scott, Paul Motian og Jack DeJohnette. &quot;Another Sky&quot; byr p\u00e5 en time med overskuddspreget og vital ny musikk fra Surmans penn, bestilt av Bergen Big Band til en konsert i Parma i Italia i 2011.<\/p>\n<h4>Bergen Big Band<\/h4>\n<p>Bergen Big Band (BBB) er et av v\u00e5re fremste storband og ble dannet i 1991 som en videref\u00f8ring av Bergen Band. De har tidligere samarbeidet med bl.a. The Core, Berit Opheim, Phil Woods, Paquito de Rivera, Joe Henderson, Maria Schneider, Diana Krall, Sissel Kyrkjeb\u00f8, Andy Sheppard, Gianluigi Trovesi, Mathias Eick, Dino Zaluzzi, Gustavo Bergalli og Jan Magne F\u00f8rde. Verket de bestilte av Terje Rypdal: Crime Scene, ble utgitt p\u00e5 CD av ECM i 2009.<\/p>\n<h4>Fruktbart samarbeid<\/h4>\n<p>Samarbeidet med John Surman og storbandet har v\u00e6rt n\u00e6rt og har p\u00e5g\u00e5tt gjennom flere \u00e5r og har blant annet tidligere resultert i den kritikerroste CDen &quot;Seagull sammen med Karin Krog. &quot;John har etterhvert blitt en musikalsk mentor for Bergen Big Band. Det har hatt stor betydning for v\u00e5rt fruktbare samarbeid, og verdsettes stor av oss i bandet.&quot; skriver saksofonist Olav Dale i omslagsteksten. &quot;N\u00e5r vi arbeider med Mr Surman gir musikerene alt p\u00e5 grunn av Johns fantastiske musikk, hans arbeidsmoral og engasjement&quot;.<\/p>\n<p>Surman inviterte denne gangen ogs\u00e5 inn sin venn og samarbeidspartenr John Warren inn i prosjektet. Han st\u00e5r bak flere av arrangementene og var ogs\u00e5 med som co-produsent i studio.<\/p>\n<p>Releaskonserter for Another Sky:<br \/>\n09. august      Sildajazz, Haugesund<br \/>\n15. august      Oslo Jazzfestival<br \/>\n15. november London Jazz Festival<\/p>\n<h4><\/h4>\n<\/p>\n<p><\/p>","protected":false},"excerpt":{"rendered":"<p>Another Sky&quot; byr p\u00e5 en time med overskuddspreget og vital ny musikk fra Surmans penn, bestilt av Bergen Big Band til en konsert i Parma i Italia i 2011.<\/p>\n","protected":false},"featured_media":27127,"comment_status":"closed","ping_status":"open","template":"","meta":[],"product_brand":[],"product_cat":[6],"product_tag":[],"class_list":{"0":"post-1085","1":"product","2":"type-product","3":"status-publish","4":"has-post-thumbnail","6":"product_cat-grappa","7":"product_shipping_class-cddvd-shipping","8":"uni_artist_tag-bergen-big-band","9":"uni_artist_tag-john-surman","10":"uni_main_artist_tag-john-surman","11":"uni_artist_genre-big-band","12":"uni_artist_genre-instrumental","13":"uni_artist_genre-jazz","15":"first","16":"instock","17":"taxable","18":"shipping-taxable","19":"purchasable","20":"product-type-simple"},"_links":{"self":[{"href":"https:\/\/grappa.no\/no\/wp-json\/wp\/v2\/product\/1085","targetHints":{"allow":["GET"]}}],"collection":[{"href":"https:\/\/grappa.no\/no\/wp-json\/wp\/v2\/product"}],"about":[{"href":"https:\/\/grappa.no\/no\/wp-json\/wp\/v2\/types\/product"}],"replies":[{"embeddable":true,"href":"https:\/\/grappa.no\/no\/wp-json\/wp\/v2\/comments?post=1085"}],"wp:featuredmedia":[{"embeddable":true,"href":"https:\/\/grappa.no\/no\/wp-json\/wp\/v2\/media\/27127"}],"wp:attachment":[{"href":"https:\/\/grappa.no\/no\/wp-json\/wp\/v2\/media?parent=1085"}],"wp:term":[{"taxonomy":"product_brand","embeddable":true,"href":"https:\/\/grappa.no\/no\/wp-json\/wp\/v2\/product_brand?post=1085"},{"taxonomy":"product_cat","embeddable":true,"href":"https:\/\/grappa.no\/no\/wp-json\/wp\/v2\/product_cat?post=1085"},{"taxonomy":"product_tag","embeddable":true,"href":"https:\/\/grappa.no\/no\/wp-json\/wp\/v2\/product_tag?post=1085"}],"curies":[{"name":"wp","href":"https:\/\/api.w.org\/{rel}","templated":true}]}}