{"id":1083,"date":"2014-10-17T00:00:00","date_gmt":"2014-10-16T23:00:00","guid":{"rendered":"http:\/\/www.grappa.no\/albums\/uncategorized\/jan-erik-vold-ta-vare\/"},"modified":"2021-05-10T10:38:42","modified_gmt":"2021-05-10T09:38:42","slug":"jan-erik-vold-ta-vare","status":"publish","type":"product","link":"https:\/\/grappa.no\/no\/albums\/grappa\/jan-erik-vold-ta-vare\/","title":{"rendered":"Jan Erik Vold: ta VARE"},"content":{"rendered":"<p><\/p>\n<p>Jan Erik Volds 75 \u00e5rs dag<\/p>\n<p>Lyriker, oversetter, formidler og samfunnsdebattant Jan Erik Vold er en ruvende skikkelse i norsk kulturliv med en overveldende produksjon \u00e5 vise til. Siden 1969 har han v\u00e6rt n\u00e6rmest ener\u00e5dene i Norge innen jazz&amp;lyrikk sjangeren; f\u00f8rst i samarbeid med Jan Garbarek, senere med bl.a. Egil Kapstad, Red Mitchell, Chet Baker, K\u00e5re Virud, Alfred Janson og Bill Frisell. Han har turn\u00e9rt land og strand rundt med sine ulike jazz&amp;lyrikk prosjekter og truffet et imponerende stort publikum.<\/p>\n<p>Den lekkert utf\u00f8rte 6CD-boksen ta VARE er den bredeste m\u00f8nstringen av Jan Erik Volds jazz&amp;lyrikk karriere s\u00e5 langt og tar for seg hele karrieren. Fordelt p\u00e5 6 CD \u0301er med en total spilletid p\u00e5 godt over 6 timer presenteres smakebiter fra alle albumene Vold har medvirket p\u00e5: fra Briskeby Blues (1969) til helt ferske opptak med Vold og Come Shine fra en konsert i Den Norske Opera tidligere i \u00e5r. Utvalget er gjort av Vold selv. Her finnes alle de mest kjente sporene, men ogs\u00e5 opptak fra NRK Radioteateret med Jan Garbarek og bandet som ikke har v\u00e6rt tilgjengelig p\u00e5 CD tidligere. Utgivelsen utgis i forbindelse med Jan Erik Volds 75 \u00e5rs dag 18. oktober.<\/p>\n<p><!--more--><\/p>\n<p>Lyriker, oversetter, formidler og samfunnsdebattant Jan Erik Vold er en ruvende skikkelse i norsk kulturliv med en overveldende produksjon \u00e5 vise til. Siden 1969 har han v\u00e6rt n\u00e6rmest ener\u00e5dene i Norge innen jazz&amp;lyrikk sjangeren; f\u00f8rst i samarbeid med Jan Garbarek, senere med bl.a. Egil Kapstad, Red Mitchell, Chet Baker, K\u00e5re Virud, Alfred Janson og Bill Frisell. Han har turn\u00e9rt land og strand rundt med sine ulike jazz&amp;lyrikk prosjekter og truffet et imponerende stort publikum.<\/p>\n<h4>Smakebiter fra alle albumene<\/h4>\n<p>Den lekkert utf\u00f8rte 6CD-boksen ta VARE er den bredeste m\u00f8nstringen av Jan Erik Volds jazz&amp;lyrikk karriere s\u00e5 langt og tar for seg hele karrieren. Fordelt p\u00e5 6 CD \u0301er med en total spilletid p\u00e5 godt over 6 timer presenteres smakebiter fra alle albumene Vold har medvirket p\u00e5: fra Briskeby Blues (1969) til helt ferske opptak med Vold og Come Shine fra en konsert i Den Norske Opera tidligere i \u00e5r. Utvalget er gjort av Vold selv. Her finnes alle de mest kjente sporene, men ogs\u00e5 opptak fra NRK Radioteateret med Jan Garbarek og bandet som ikke har v\u00e6rt tilgjengelig p\u00e5 CD tidligere.<\/p>\n<h4>Rikt illustrert<\/h4>\n<p>Boksen inneholder ogs\u00e5 en 100 siders rikt illustrert booklet med tekster om alle albumene, og et intervju med Jan Erik gjort av Vinduet redakt\u00f8r Kaja Schjerven Mollerin. Utgivelsen utgis i forbindelse med Jan Erik Volds 75 \u00e5rs dag 18. oktober. Gyldendal forlag gir p\u00e5 samme tid ut boken &#8220;Vold \u0301s Voice&#8221; som samler alle de dikt Jan Erik Vold har lest inn p\u00e5 sine plater.<\/p>\n<h4>Konserter<\/h4>\n<p>Fredag 17.10 Oslo Victoria<br \/>\nTirsdag 21.10 Kristiansand Kilden<br \/>\nTorsdag 23.10 Haugesund -Festiviteten<br \/>\nFredag 24.10 Bergen \u2013 Bergen jazzforum<br \/>\nL\u00f8rdag 25.10 Stavanger \u2013 Stavanger jf<br \/>\nFredag 31.10 Mo i Rana<br \/>\nS\u00f8ndag 02.11 Bod\u00f8, Galleri Bod\u00f8gaard<\/p>\n<p><\/p>","protected":false},"excerpt":{"rendered":"<p>Den lekkert utf\u00f8rte 6CD-boksen ta VARE er den bredeste m\u00f8nstringen av Jan Erik Volds jazz&amp;lyrikk karriere s\u00e5 langt.<\/p>\n","protected":false},"featured_media":27152,"comment_status":"closed","ping_status":"closed","template":"","meta":[],"product_brand":[],"product_cat":[6],"product_tag":[],"class_list":{"0":"post-1083","1":"product","2":"type-product","3":"status-publish","4":"has-post-thumbnail","6":"product_cat-grappa","7":"product_shipping_class-cddvd-shipping","8":"uni_artist_tag-alfred-janson","9":"uni_artist_tag-anne-haavie","10":"uni_artist_tag-antonio-carlos-jobim","11":"uni_artist_tag-arild-andersen","12":"uni_artist_tag-atle-nymo","13":"uni_artist_tag-bernt-rosengren","14":"uni_artist_tag-billy-strayhorn","15":"uni_artist_tag-bob-dylan","16":"uni_artist_tag-bobo-stenson","17":"uni_artist_tag-brynjulf-blix","18":"uni_artist_tag-carla-bley","19":"uni_artist_tag-chet-baker","20":"uni_artist_tag-chick-corea","21":"uni_artist_tag-cole-porter","22":"uni_artist_tag-dizzy-gillespie","23":"uni_artist_tag-duke-ellington","24":"uni_artist_tag-egil-kapstad","25":"uni_artist_tag-eivind-groven","26":"uni_artist_tag-erlend-skomsvoll","27":"uni_artist_tag-evert-taube","28":"uni_artist_tag-frode-alnaes","29":"uni_artist_tag-george-gershwin","30":"uni_artist_tag-hakon-mjaset-johansen","31":"uni_artist_tag-harold-arlen","32":"uni_artist_tag-harry-warren","33":"uni_artist_tag-hoagy-carmichael","34":"uni_artist_tag-jan-erik-vold","35":"uni_artist_tag-jan-garbarek","36":"uni_artist_tag-jarle-vespestad","37":"uni_artist_tag-jens-gunderssen","38":"uni_artist_tag-john-lennon","39":"uni_artist_tag-john-lewis","40":"uni_artist_tag-john-pal-inderberg","41":"uni_artist_tag-jon-christensen","42":"uni_artist_tag-knut-reiersrud","43":"uni_artist_tag-lester-young","44":"uni_artist_tag-miles-davis","45":"uni_artist_tag-ole-jacob-hansen","46":"uni_artist_tag-palle-danielsen","47":"uni_artist_tag-paul-mccartney","48":"uni_artist_tag-philip-catherine","49":"uni_artist_tag-red-mitchell","50":"uni_artist_tag-richard-rodgers","51":"uni_artist_tag-roy-nikolaisen","52":"uni_artist_tag-sam-jones","53":"uni_artist_tag-sammy-fain","54":"uni_artist_tag-sondre-meisfjord","55":"uni_artist_tag-sonny-rollins","56":"uni_artist_tag-terje-rypdal","57":"uni_artist_tag-terje-venaas","58":"uni_artist_tag-thelonious-monk","59":"uni_artist_tag-trad","60":"uni_artist_tag-wolfgang-amadeus-mozart","61":"uni_main_artist_tag-jan-erik-vold","62":"uni_artist_genre-jazz","63":"uni_artist_genre-norwegian","64":"uni_artist_genre-poetry","66":"first","67":"outofstock","68":"taxable","69":"shipping-taxable","70":"purchasable","71":"product-type-simple"},"_links":{"self":[{"href":"https:\/\/grappa.no\/no\/wp-json\/wp\/v2\/product\/1083","targetHints":{"allow":["GET"]}}],"collection":[{"href":"https:\/\/grappa.no\/no\/wp-json\/wp\/v2\/product"}],"about":[{"href":"https:\/\/grappa.no\/no\/wp-json\/wp\/v2\/types\/product"}],"replies":[{"embeddable":true,"href":"https:\/\/grappa.no\/no\/wp-json\/wp\/v2\/comments?post=1083"}],"wp:featuredmedia":[{"embeddable":true,"href":"https:\/\/grappa.no\/no\/wp-json\/wp\/v2\/media\/27152"}],"wp:attachment":[{"href":"https:\/\/grappa.no\/no\/wp-json\/wp\/v2\/media?parent=1083"}],"wp:term":[{"taxonomy":"product_brand","embeddable":true,"href":"https:\/\/grappa.no\/no\/wp-json\/wp\/v2\/product_brand?post=1083"},{"taxonomy":"product_cat","embeddable":true,"href":"https:\/\/grappa.no\/no\/wp-json\/wp\/v2\/product_cat?post=1083"},{"taxonomy":"product_tag","embeddable":true,"href":"https:\/\/grappa.no\/no\/wp-json\/wp\/v2\/product_tag?post=1083"}],"curies":[{"name":"wp","href":"https:\/\/api.w.org\/{rel}","templated":true}]}}