{"id":1080,"date":"2014-09-12T00:00:00","date_gmt":"2014-09-11T23:00:00","guid":{"rendered":"http:\/\/www.grappa.no\/albums\/uncategorized\/espen-eriksen-gunnar-halle-psalm\/"},"modified":"2018-08-30T09:07:43","modified_gmt":"2018-08-30T08:07:43","slug":"psalm","status":"publish","type":"product","link":"https:\/\/grappa.no\/no\/albums\/grappa\/psalm\/","title":{"rendered":"Psalm"},"content":{"rendered":"<p><\/p>\n<p>Salmeimprovisasjoner<\/p>\n<p>Den drevne unge duoen Gunnar Halle (trompet) og Espen Eriksen (piano) bruker p\u00e5 sitt andre album salmer som utgangspunkt for vakre,  utfordrende og s\u00f8kende improvisasjoner. Uttrykket spenner mellom det m\u00f8rke og innovers\u00f8kende til det mer rytmisk lekne og h\u00f8ystemte. Prosjektet belyser b\u00e5de velkjente og mindre kjente salmer p\u00e5 nye og spennende m\u00e5ter, og viser samtidig hvor stor kraft og slitestyrke som finnes i  materialet.<br \/>\nDuoen hadde allerede spilt en rekke konserter i kirker med dette materialet f\u00f8r de gikk i studio. \u00abVi var i starten redde for at det kunne virke st\u00f8tende og respektl\u00f8st \u00e5 gi kjente og kj\u00e6re h\u00f8ytidssalmer en helt ny innpakning. I stedet har vi utelukkende f\u00e5tt positive tilbakemeldinger fra publikum i alle aldre, og folk er glade for \u00e5 f\u00e5\u00a0nye opplevelser og perspektiver p\u00e5 de ofte eldgamle salmene og folketonene.\u00bb<\/p>\n<p>Albumet ble innspilt i legendariske Rainbow Studio i Oslo i l\u00f8pet av to korte intense innspillings\u00f8kter.<\/p>\n<p>Konserter<br \/>\n16.sept:\u00a0Drammen Sacred Music Festival, Fjell kirke<br \/>\n14.okt:\u00a0Majorstuen kirke, Oslo2.nov: Hauketo-Prinsdal kirke, Oslo<br \/>\n30.nov:\u00a0Sj\u00f8mannskirken i Albir-Villajoyosa, Spania02.des: Sj\u00f8mannskirken\u00a0i Torrevieja, Spania<br \/>\n03.des: Sj\u00f8mannskirken\u00a0p\u00e5 Costa del Sol\/Calahonda, Spania<br \/>\n04.des: Sj\u00f8mannskirken\u00a0p\u00e5 Gran Canaria\/Arguineguin, Spania<br \/>\n06.des:\u00a0Sj\u00f8mannskirken i London, England<br \/>\n10.des:\u00a0Universitetet i Oslo (lunsjkonsert)<br \/>\n10.des:\u00a0Torshov kirke, Oslo<br \/>\n18.des:\u00a0Kongsberg kirke<\/p>\n<p><!--more--><\/p>\n<p>Den drevne unge duoen Gunnar Halle (trompet) og Espen Eriksen (piano) bruker p\u00e5 sitt andre album salmer som utgangspunkt for vakre,  utfordrende og s\u00f8kende improvisasjoner. Uttrykket spenner mellom det m\u00f8rke og innovers\u00f8kende til det mer rytmisk lekne og h\u00f8ystemte. Prosjektet belyser b\u00e5de velkjente og mindre kjente salmer p\u00e5 nye og spennende m\u00e5ter, og viser samtidig hvor stor kraft og slitestyrke som finnes i  materialet.<\/p>\n<h4>Positve tilbakemeldinger<\/h4>\n<p>\u00a0\u00abUtfordringen ved \u00e5 bryne seg p\u00e5 dette materialet og tiltrekningen er p\u00e5 sett og vis to sider av samme sak.\u00bb sier de to. N\u00f8kkelen ble i mange tilfeller \u00e5 fjerne den originale harmoniseringen. \u00abN\u00e5r man st\u00e5r igjen med bare melodien ble det lettere \u00e5 f\u00e5 id\u00e9er b\u00e5de til arrangement og til improvisasjoner.\u00bb<\/p>\n<p>Duoen hadde allerede spilt en rekke konserter i kirker med dette materialet f\u00f8r de gikk i studio. \u00abVi var i starten redde for at det kunne virke st\u00f8tende og respektl\u00f8st \u00e5 gi kjente og kj\u00e6re h\u00f8ytidssalmer en helt ny innpakning. I stedet har vi utelukkende f\u00e5tt positive tilbakemeldinger fra publikum i alle aldre, og folk er glade for \u00e5 f\u00e5\u00a0nye opplevelser og perspektiver p\u00e5 de ofte eldgamle salmene og folketonene.\u00bb<\/p>\n<p>Albumet ble innspilt i legendariske Rainbow Studio i Oslo i l\u00f8pet av to korte intense innspillings\u00f8kter.<\/p>\n<h4>Om duoen<\/h4>\n<p>Gunnar Halle: trompet<br \/>\nF\u00f8dt 1973 i B\u00e6rum. Utdannet i K\u00f8benhavn hvor han etablerte seg som en av Nordens mest etterspurte unge trompetister, og har livn\u00e6rt seg som musiker siden 2001. Han har for det meste samarbeidet med danske, svenske og finske musikere og har turnert mye rundt i verden og spilt p\u00e5 mer enn 70 plater. Gunnar spiller med blant andre Pierre D\u00f8rges Jungle Orchestra (DK), FatDog, duo med Pamelia Kurstin (US), Fattigfolket (N\/S), Josefine Lindstrand (S), Lisbeth Diers (DK), . Gunnar Halle gir ut sitt f\u00f8rste soloalbum p\u00e5 tyske Ozella Music p\u00e5 ny\u00e5ret i 2015.<\/p>\n<p>Espen Eriksen: piano<br \/>\nF\u00f8dt 1974 i Haugesund. Espen er best kjent som leder for Espen Eriksen Trio som til n\u00e5 har gitt ut 2 plater p\u00e5 plateselskapet Rune Grammofon til str\u00e5lende kritikker i inn- og utland. Trioen, som har blitt sammenlignet med Esbj\u00f8rn Svenssons EST og Tord Gustavsen, turnerer ogs\u00e5 mye i Europa og Asia. Eriksen bidro som pianist, l\u00e5tskriver og arrang\u00f8r for Christina Bjordals internasjonale solodebut for Universal Music, og har ellers spilt med popbandet Briskeby og Bendik Hofseth, Audun Erlien, Eivind Aarset og Thomas Str\u00f8nen. Et nytt trio-album er under forberedelse.<\/p>\n<h4>Konserter<\/h4>\n<p>16.sept:\u00a0Drammen Sacred Music Festival, Fjell kirke<br \/>\n14.okt:\u00a0Majorstuen kirke, Oslo2.nov: Hauketo-Prinsdal kirke, Oslo<br \/>\n30.nov:\u00a0Sj\u00f8mannskirken i Albir-Villajoyosa, Spania02.des: Sj\u00f8mannskirken\u00a0i Torrevieja, Spania<br \/>\n03.des: Sj\u00f8mannskirken\u00a0p\u00e5 Costa del Sol\/Calahonda, Spania<br \/>\n04.des: Sj\u00f8mannskirken\u00a0p\u00e5 Gran Canaria\/Arguineguin, Spania<br \/>\n06.des:\u00a0Sj\u00f8mannskirken i London, England<br \/>\n10.des:\u00a0Universitetet i Oslo (lunsjkonsert)<br \/>\n10.des:\u00a0Torshov kirke, Oslo<br \/>\n18.des:\u00a0Kongsberg kirke<\/p>\n<p><\/p>","protected":false},"excerpt":{"rendered":"<p>Den drevne unge duoen Gunnar Halle (trompet) og Espen Eriksen (piano) bruker p\u00e5 sitt andre album salmer som utgangspunkt for vakre,  utfordrende og s\u00f8kende improvisasjoner.<\/p>\n","protected":false},"featured_media":27131,"comment_status":"closed","ping_status":"open","template":"","meta":[],"product_brand":[],"product_cat":[6],"product_tag":[],"class_list":{"0":"post-1080","1":"product","2":"type-product","3":"status-publish","4":"has-post-thumbnail","6":"product_cat-grappa","7":"product_shipping_class-cddvd-shipping","8":"uni_artist_tag-anders-arrebo","9":"uni_artist_tag-caroline-volla-sorlie","10":"uni_artist_tag-espen-eriksen","11":"uni_artist_tag-gunnar-halle","12":"uni_artist_tag-hans-leo-hassler","13":"uni_artist_tag-johann-cruger","14":"uni_artist_tag-l-m-lindeman","15":"uni_artist_tag-thomas-john-williams","16":"uni_artist_tag-trond-kverno","17":"uni_artist_tag-william-henry-monk","18":"uni_main_artist_tag-espen-eriksen","19":"uni_artist_genre-improvised-music","20":"uni_artist_genre-jazz","21":"uni_artist_genre-religious","23":"first","24":"instock","25":"taxable","26":"shipping-taxable","27":"purchasable","28":"product-type-simple"},"_links":{"self":[{"href":"https:\/\/grappa.no\/no\/wp-json\/wp\/v2\/product\/1080","targetHints":{"allow":["GET"]}}],"collection":[{"href":"https:\/\/grappa.no\/no\/wp-json\/wp\/v2\/product"}],"about":[{"href":"https:\/\/grappa.no\/no\/wp-json\/wp\/v2\/types\/product"}],"replies":[{"embeddable":true,"href":"https:\/\/grappa.no\/no\/wp-json\/wp\/v2\/comments?post=1080"}],"wp:featuredmedia":[{"embeddable":true,"href":"https:\/\/grappa.no\/no\/wp-json\/wp\/v2\/media\/27131"}],"wp:attachment":[{"href":"https:\/\/grappa.no\/no\/wp-json\/wp\/v2\/media?parent=1080"}],"wp:term":[{"taxonomy":"product_brand","embeddable":true,"href":"https:\/\/grappa.no\/no\/wp-json\/wp\/v2\/product_brand?post=1080"},{"taxonomy":"product_cat","embeddable":true,"href":"https:\/\/grappa.no\/no\/wp-json\/wp\/v2\/product_cat?post=1080"},{"taxonomy":"product_tag","embeddable":true,"href":"https:\/\/grappa.no\/no\/wp-json\/wp\/v2\/product_tag?post=1080"}],"curies":[{"name":"wp","href":"https:\/\/api.w.org\/{rel}","templated":true}]}}