{"id":1075,"date":"2014-09-26T00:00:00","date_gmt":"2014-09-25T23:00:00","guid":{"rendered":"http:\/\/www.grappa.no\/albums\/uncategorized\/frode-haltli-vagabonde-blu\/"},"modified":"2018-08-27T18:33:07","modified_gmt":"2018-08-27T17:33:07","slug":"vagabonde-blu","status":"publish","type":"product","link":"https:\/\/grappa.no\/no\/albums\/hubro\/vagabonde-blu\/","title":{"rendered":"Vagabonde Blu"},"content":{"rendered":"<p><\/p>\n<p>Solo Haltli<\/p>\n<p>Akkordeonist Frode Haltli har lenge v\u00e6rt en musiker vi holder meget h\u00f8yt, og som vi er stolte av \u00e5 f\u00e5 utgi et album med p\u00e5 HUBRO. Haltli har en unik formidlingsevne og hopper mellom et bredt spekter av utrykk med den st\u00f8rste selvf\u00f8lgelighet. Han kan f\u00e5 svarte noteark til \u00e5 puste p\u00e5 samtidsmusikkfestival den ene kvelden og spille et bluegrassband den neste kvelden &#8211; uten \u00e5 bevege seg utenfor sin musikalske komfortsone.<\/p>\n<p>\u201cVagabond Blu\u201d er hans fjerde album i eget navn, men hans f\u00f8rste soloalbum. P\u00e5 albumet fremf\u00f8rer han verk av Salvatore Sciarrino, Arne Nordheim og Aldo Clementi live foran et publikum i et rom med s\u00e5 mektig og uvanlig akustikk at det p\u00e5virker hvordan musikken blir spilt. <\/p>\n<p>Kunstneren Emanuel Vigeland (1875-1948) reiste i 1926 en atelierbygning i hagen sin p\u00e5 Slemdal i Oslo. Hans intensjon var at det skulle fungere som et framtidig museum for hans skulpturer og malerier, men senere murte han igjen alle vinduer og bestemte at huset ogs\u00e5 skulle st\u00e5 igjen som hans eget mausoleum. Emanuel Vigelands urne hviler over den lave inngangsd\u00f8ren til Tomba Emmanuelle. \u00abN\u00e5r \u00f8ynene venner seg til m\u00f8rket ser man de fantastiske og groteske livsfreskene som dekker vegger og tak i det store, kj\u00f8lige rommet. Den enorme akustikken gir en levende og lang delay p\u00e5 hele registeret av lyder, noe som gj\u00f8r det bortimot umulig \u00e5 f\u00f8re en vanlig samtale. Stillheten r\u00e5der vanligvis, man hvisker instinktivt hvis man vil si noe her.\u00bb skriver Frode Haltli i omslagsteksten. Rommet har tidligere blitt brukt til innspillinger med bl.a. Diamanda Galas, Huntsville, Susanne Sundf\u00f8r og Stian Westerhus.  <\/p>\n<p>\u201cSom ut\u00f8ver av prim\u00e6rt akustisk musikk s\u00e5 spiller jeg alltid p\u00e5 lag med akustikk og rom. Her er rommet en s\u00e5 aktiv medspiller at det forandrer musikken og mitt spill radikalt. Jeg lytter og venter, eller spiller offensivt p\u00e5 rommet slik at enkelte lyder kan v\u00e6re vanskelig \u00e5 si om de kommer fra instrumentet, fra etterklangen, en blanding av de to, eller simpelthen fra en publikummer som tilfeldigvis kommer borti jakken sin. Den akustiske framf\u00f8ringen blir re-mixet live av et rom. \u201c<\/p>\n<p>Releasekonsert: 27.09.2014 i Emmanuel Vigelands Mausoleum<\/p>\n<p><!--more--><\/p>\n<p>Akkordeonist Frode Haltli har lenge v\u00e6rt en musiker vi holder meget h\u00f8yt, og som vi er stolte av \u00e5 f\u00e5 utgi et album med p\u00e5 HUBRO. Haltli har en unik formidlingsevne og hopper mellom et bredt spekter av utrykk med den st\u00f8rste selvf\u00f8lgelighet. Han kan f\u00e5 svarte noteark til \u00e5 puste p\u00e5 samtidsmusikkfestival den ene kvelden og spille et bluegrassband den neste kvelden &#8211; uten \u00e5 bevege seg utenfor sin musikalske komfortsone.<\/p>\n<h4>Tomba Emanuelle<\/h4>\n<p>Kunstneren Emanuel Vigeland (1875-1948) reiste i 1926 en atelierbygning i hagen sin p\u00e5 Slemdal i Oslo. Hans intensjon var at det skulle fungere som et framtidig museum for hans skulpturer og malerier, men senere murte han igjen alle vinduer og bestemte at huset ogs\u00e5 skulle st\u00e5 igjen som hans eget mausoleum. Emanuel Vigelands urne hviler over den lave inngangsd\u00f8ren til Tomba Emmanuelle. \u00abN\u00e5r \u00f8ynene venner seg til m\u00f8rket ser man de fantastiske og groteske livsfreskene som dekker vegger og tak i det store, kj\u00f8lige rommet. Den enorme akustikken gir en levende og lang delay p\u00e5 hele registeret av lyder, noe som gj\u00f8r det bortimot umulig \u00e5 f\u00f8re en vanlig samtale. Stillheten r\u00e5der vanligvis, man hvisker instinktivt hvis man vil si noe her.\u00bb skriver Frode Haltli i omslagsteksten. Rommet har tidligere blitt brukt til innspillinger med bl.a. Diamanda Galas, Huntsville, Susanne Sundf\u00f8r og Stian Westerhus.  <\/p>\n<p>\u201cSom ut\u00f8ver av prim\u00e6rt akustisk musikk s\u00e5 spiller jeg alltid p\u00e5 lag med akustikk og rom. Her er rommet en s\u00e5 aktiv medspiller at det forandrer musikken og mitt spill radikalt. Jeg lytter og venter, eller spiller offensivt p\u00e5 rommet slik at enkelte lyder kan v\u00e6re vanskelig \u00e5 si om de kommer fra instrumentet, fra etterklangen, en blanding av de to, eller simpelthen fra en publikummer som tilfeldigvis kommer borti jakken sin. Den akustiske framf\u00f8ringen blir re-mixet live av et rom. \u201c<\/p>\n<h4>Tre komponister<\/h4>\n<p>De to italienske komponistene Salvatore Sciarrino (f. 1947) og Aldo Clementi (1925-2011) ble begge f\u00f8dt p\u00e5 Sicilia. Sciarrino foretar i Vagabonde blu (1998) en n\u00e6rstudie av \u00f8rsm\u00e5 luft- og st\u00f8ylyder, av toner, akkorder og glissandi i pianissimo. I m\u00f8tet med Vigelands rom tilf\u00f8res komposisjonen en ekstra dimensjon n\u00e5r de sm\u00e5, isolerte hendelsene i musikken bl\u00e5ses opp og blir noe mye st\u00f8rre. <\/p>\n<p>Aldo Clementi skriver om Ein kleines&#8230; (1998) at musikken skal spilles som en vuggesang. Enkle, to-stemte variasjoner over et modalt tema repeteres om og om igjen, mens dynamikk og tempo gradvis bygges ned, som en lang vuggesang som f\u00f8lger barnet inn i s\u00f8vnen.<\/p>\n<p>Arne Nordheims (1931-2010) Flashing (1985) har Haltli spilt siden han var ten\u00e5ring. Han spilte ogs\u00e5 inn verket p\u00e5 albumet \u00abArne Nordheim Complete Accordion Works\u00bb (Simax 2012). \u00abEn av mine viktigste intensjoner med den innspillingen var \u00e5 vise de store mulighetene for fortolkning av Nordheims musikk.\u00bb I akustikken I Tomba Emmanuelle transformeres Nordheims soloverk Flashing til et n\u00e6rmest elektronisk klingende stykke musikk. \u00abMed livs- og d\u00f8dsfresker p\u00e5 alle kanter, blir dette min hommage \u00e0 Nordheim: Hans musikk slynges ut i rommet, ut i universet, ut i evigheten.\u00bb<\/p>\n<h4>Om Frode Haltli<\/h4>\n<p>Frode Haltli (f. 1975 I Norge) begynte \u00e5 spille akkordeon da han var syv \u00e5r. Som barn spilte han mest folkemusikk, men begynte snart \u00e5 befatte seg en bredere palett av sjangere og musikkformer. Ved \u00e5 spille verk av komponister som Pietr Fiala, Per N\u00f8rg\u00e5rd, Arne Nordheim og klassiske verk utviklet han sv\u00e6rt gode tekniske ferdigheter i tillegg til en dyp forst\u00e5else for ny musikk. Haltli studerte ved Norges Musikkh\u00f8yskole og senere ved Det Kongelige Danske Musikkonservatorium, der han var avgangselev i 2000. I 2001 ble han av Rikskonsertene k\u00e5ret til \u00c5rets unge solist, og kom ogs\u00e5 p\u00e5 andreplass under den internasjonale \u201cGaudeamus  Interpreters Competition 1999\u201d i Nederland. <\/p>\n<p>Haltli har et et bredt utvalg av moderne klassiske verk p\u00e5 repertoaret og har opptr\u00e5dt med strykeorkestere, Sinfoniettaer og symfoniorkestre over hele verden. Han har samarbeidet med Ardittikvartetten og flere andre strykekvartetter. <\/p>\n<p>Hans debutplate \u00abLooking on Darkness\u00bb ble utgitt av ECM i 2002 og fikk sv\u00e6rt gode kritikker. P\u00e5 samme selskap har han senere utgitt albumet \u00abPassing Images\u00bb (ECM) sammen med trompetist Arve Henriksen, bratsjist Garth Knox og vokalist Maja Ratkje og duoalbumet \u00abYeraz\u00bb sammen med saksofonist Trygve Seim. Han spilte musikk rotfestet i den norske folkemusikktradisjonen med bandet Rusk, sammen med folkesanger Unni L\u00f8vlid og felespiller Vegar V\u00e5rdal og har i senere \u00e5r gjort en rekke prosjekter med felespiller Gjermund Larsen. <\/p>\n<p>Haltli spiller regelmessig med trioen Poing, sammen med saksofonist Rolf-Erik Nystr\u00f8m og kontrabassist H\u00e5kon Thelin. Sammen har de bestilt mer enn 60 nye verk fra komponister over hele verden, og utgitt en rekke album.<br \/>\nFrode Haltli underviser i akkordeon p\u00e5 Norges musikkh\u00f8gskole.<\/p>\n<p>Releasekonsert: 27.09.2014 i Emmanuel Vigelands Mausoleum<\/p>\n<p><\/p>","protected":false},"excerpt":{"rendered":"<p>Vagabond Blu\u201d er hans fjerde album i eget navn, men hans f\u00f8rste soloalbum. P\u00e5 albumet fremf\u00f8rer han verk av Salvatore Sciarrino, Arne Nordheim og Aldo Clementi live foran et publikum i et rom med s\u00e5 mektig og uvanlig akustikk at det p\u00e5virker hvordan musikken blir spilt.<\/p>\n","protected":false},"featured_media":27417,"comment_status":"closed","ping_status":"open","template":"","meta":[],"product_brand":[],"product_cat":[36],"product_tag":[],"class_list":{"0":"post-1075","1":"product","2":"type-product","3":"status-publish","4":"has-post-thumbnail","6":"product_cat-hubro","7":"product_shipping_class-cddvd-shipping","8":"uni_artist_tag-aldo-clementi","9":"uni_artist_tag-arne-nordheim","10":"uni_artist_tag-frode-haltli","11":"uni_artist_tag-salvatore-sciarrino","12":"uni_main_artist_tag-frode-haltli","13":"uni_artist_genre-chamber-music","14":"uni_artist_genre-contemporary-music","15":"uni_artist_genre-solo","17":"first","18":"instock","19":"taxable","20":"shipping-taxable","21":"purchasable","22":"product-type-simple"},"_links":{"self":[{"href":"https:\/\/grappa.no\/no\/wp-json\/wp\/v2\/product\/1075","targetHints":{"allow":["GET"]}}],"collection":[{"href":"https:\/\/grappa.no\/no\/wp-json\/wp\/v2\/product"}],"about":[{"href":"https:\/\/grappa.no\/no\/wp-json\/wp\/v2\/types\/product"}],"replies":[{"embeddable":true,"href":"https:\/\/grappa.no\/no\/wp-json\/wp\/v2\/comments?post=1075"}],"wp:featuredmedia":[{"embeddable":true,"href":"https:\/\/grappa.no\/no\/wp-json\/wp\/v2\/media\/27417"}],"wp:attachment":[{"href":"https:\/\/grappa.no\/no\/wp-json\/wp\/v2\/media?parent=1075"}],"wp:term":[{"taxonomy":"product_brand","embeddable":true,"href":"https:\/\/grappa.no\/no\/wp-json\/wp\/v2\/product_brand?post=1075"},{"taxonomy":"product_cat","embeddable":true,"href":"https:\/\/grappa.no\/no\/wp-json\/wp\/v2\/product_cat?post=1075"},{"taxonomy":"product_tag","embeddable":true,"href":"https:\/\/grappa.no\/no\/wp-json\/wp\/v2\/product_tag?post=1075"}],"curies":[{"name":"wp","href":"https:\/\/api.w.org\/{rel}","templated":true}]}}