{"id":1074,"date":"2014-11-14T00:00:00","date_gmt":"2014-11-13T23:00:00","guid":{"rendered":"http:\/\/www.grappa.no\/albums\/uncategorized\/sno\/"},"modified":"2016-04-19T19:21:55","modified_gmt":"2016-04-19T18:21:55","slug":"sno","status":"publish","type":"product","link":"https:\/\/grappa.no\/no\/albums\/grappa\/sno\/","title":{"rendered":"Sn\u00f8"},"content":{"rendered":"<p><\/p>\n<p>Stemningsfull vinterplate fra Pitsj<\/p>\n<p>Med sin nye plate SN\u00d8 vil Pitsj ut i vinteren. Den vakre og hvite tiden, de m\u00f8rke m\u00e5nedene.<br \/>\nDenne gangen har vokalkvintetten for f\u00f8rste gang med egenkomponert materiale \u2013 mens andre l\u00e5ter er bestillingsverk signert fantastiske komponister som Helge Lien, Hanne Hukkelberg og Wenche Losnegaard.<\/p>\n<p>Pitsj har laget en stemingsfull vinterplate som rommer mange temperaturer \u2013 fra hard og bitende frost, til lette sn\u00f8fjon fra en myk vinterhimmel.<\/p>\n<p><!--more--><\/p>\n<p>Pitsj er tilbake med en stemningsfull vinterplate i ulike temperaturer &#8211; fra hard og bitende frost til lette sn\u00f8fjon fra en myk vinterhimmel. \u00abSn\u00f8\u00bb tar oss ut i den vakre, hvite tiden og de m\u00f8rke m\u00e5nedene. Som juleplate er dette en ganske unik l\u00e5tsamling. Her er det ikke bare funnet plass til den hvite julegleden, men ogs\u00e5 til det m\u00f8rkeste av alt; julesorgen. For f\u00f8rste gang gir vokalkvintetten ut egenskrevet musikk i en sound som er b\u00e5de myk og kraftfull.<\/p>\n<h4>Sn\u00f8ens ulike temperaturer<\/h4>\n<p>Det sies at eskimoene har hundre ulike ord for sn\u00f8. Denne utgivelsen har en rekke sanger om sn\u00f8, og Pitsj-jentene har gjort seg opp en mening om de ulike sn\u00f8typene de synger om. Sangstilen er rett og slett knyttet opp til en definert temperatur. Spesielt l\u00e5ta \u00abSnowflakes\u00bb som Hanne Hukkelberg har skrevet &#8211; skulle de synge l\u00e5ta med stemmene fulle av 18 harde minusgrader, eller bare med 1 myk minusgrad med kram sn\u00f8 og dus vinterhimmel? Klangen er helt ulik. \u00abDet er s\u00e5nne ting vi forsker p\u00e5 n\u00e5r vi jobber sammen. Vi er ekstremt nerdete n\u00e5r det gjelder det \u00e5 skape ulike klanger og stemninger med stemmene som et ensemble\u00bb forklarer Ane Carmen Roggen.<\/p>\n<h4>Kvinnebusiness<\/h4>\n<p>Debutalbumet Pitsj ga vokalgruppen mye oppmerksomhet. Albumet brakte dem til topps p\u00e5 Norsktoppen og programmet Kjempesjansen p\u00e5 NRK, og de fulgte opp med albumet Gjenfortellinger i 2009. Som en ren kvinnebusiness er det en utfordring \u00e5 holde full fart, for gruppens forel\u00f8pig \u00e5ttende barnef\u00f8dsel er n\u00e6rt forest\u00e5ende. Da arbeidet med Sn\u00f8 startet tok de et valg om \u00e5 holde koken og arbeide p\u00e5 den m\u00e5ten det lar seg gj\u00f8re for unge m\u00f8dre. Under innspilling sov en nyf\u00f8dt baby p\u00e5 bakrommet i studio .<\/p>\n<h4>S\u00e6rpreget vokalgruppe<\/h4>\n<p>Vokalgruppen Pitsj er fem sterke stemmer som beveger seg i landskapet mellom jazz, pop og folk. De er en av landets mest s\u00e6rpregede sanggrupper, best\u00e5ende av to s\u00f8skenpar og \u00e9n \u00abs\u00f8ster i \u00e5nden\u00bb (Kruse, Roggen, Skybakmoen) og har blant annet turnert i Latin-Amerika, Japan, \u00d8st-Europa og Skandinavia. Pitsj sin egen Anja Eline Skybakmoen har skrevet mye av musikken, samtidig som hennes egen karriere som jazz- og popartist n\u00e5 er i ferd med \u00e5 ta av. Hanne Hukkelberg og Helge Lien har ogs\u00e5 bidratt med l\u00e5ter p\u00e5 utgivelsen. Anders R\u00f8ine (den mannlige halvdelen av duoen Sudan Dudan) spiller langeleik, og albumet er produsert av J\u00f8rund Fluge Samuelsen, kjent fra samarbeid med Gjermund Larsen Trio og Aasmund Nordstoga. <\/p>\n<p>Konserter:<br \/>\n15.11: Chagall, Bergen<br \/>\n20.11: Bar Moskus, Trondheim<br \/>\n22.11: Kulturkirken Jakob, Oslo<br \/>\n07.12: Sekkefabrikken kulturhus, Slemmestad<br \/>\n13.12: Vannt\u00e5rnet, Nesodden<\/p>\n<p><\/p>","protected":false},"excerpt":{"rendered":"<p>Pitsj er tilbake med en stemningsfull vinterplate i ulike temperaturer &#8211; fra hard og bitende frost til lette sn\u00f8fjon fra en myk vinterhimmel. \u00abSn\u00f8\u00bb tar oss ut i den vakre, hvite tiden og de m\u00f8rke m\u00e5nedene.<\/p>\n","protected":false},"featured_media":27130,"comment_status":"closed","ping_status":"open","template":"","meta":[],"product_brand":[],"product_cat":[6],"product_tag":[],"class_list":{"0":"post-1074","1":"product","2":"type-product","3":"status-publish","4":"has-post-thumbnail","6":"product_cat-grappa","7":"product_shipping_class-cddvd-shipping","8":"uni_artist_tag-anders-erik-roine","9":"uni_artist_tag-ane-carmen-roggen","10":"uni_artist_tag-anja-eline-skybakmoen","11":"uni_artist_tag-hanne-hukkelberg","12":"uni_artist_tag-helge-lien","13":"uni_artist_tag-jacob-g-meidell","14":"uni_artist_tag-james-r-murray","15":"uni_artist_tag-jorund-fluge-samuelsen","16":"uni_artist_tag-pitsj","17":"uni_artist_tag-steve-swallow","18":"uni_artist_tag-trad","19":"uni_artist_tag-william-j-kirkpatrick","20":"uni_main_artist_tag-pitsj","21":"uni_artist_genre-a-cappella","22":"uni_artist_genre-choir","23":"uni_artist_genre-christmas-music","24":"uni_artist_genre-pop","25":"uni_artist_genre-winter-music","27":"first","28":"instock","29":"taxable","30":"shipping-taxable","31":"purchasable","32":"product-type-simple"},"_links":{"self":[{"href":"https:\/\/grappa.no\/no\/wp-json\/wp\/v2\/product\/1074","targetHints":{"allow":["GET"]}}],"collection":[{"href":"https:\/\/grappa.no\/no\/wp-json\/wp\/v2\/product"}],"about":[{"href":"https:\/\/grappa.no\/no\/wp-json\/wp\/v2\/types\/product"}],"replies":[{"embeddable":true,"href":"https:\/\/grappa.no\/no\/wp-json\/wp\/v2\/comments?post=1074"}],"wp:featuredmedia":[{"embeddable":true,"href":"https:\/\/grappa.no\/no\/wp-json\/wp\/v2\/media\/27130"}],"wp:attachment":[{"href":"https:\/\/grappa.no\/no\/wp-json\/wp\/v2\/media?parent=1074"}],"wp:term":[{"taxonomy":"product_brand","embeddable":true,"href":"https:\/\/grappa.no\/no\/wp-json\/wp\/v2\/product_brand?post=1074"},{"taxonomy":"product_cat","embeddable":true,"href":"https:\/\/grappa.no\/no\/wp-json\/wp\/v2\/product_cat?post=1074"},{"taxonomy":"product_tag","embeddable":true,"href":"https:\/\/grappa.no\/no\/wp-json\/wp\/v2\/product_tag?post=1074"}],"curies":[{"name":"wp","href":"https:\/\/api.w.org\/{rel}","templated":true}]}}