{"id":1073,"date":"2015-02-20T00:00:00","date_gmt":"2015-02-19T23:00:00","guid":{"rendered":"http:\/\/www.grappa.no\/albums\/uncategorized\/nattblomst\/"},"modified":"2016-08-09T14:18:10","modified_gmt":"2016-08-09T13:18:10","slug":"haddy-nattblomst","status":"publish","type":"product","link":"https:\/\/grappa.no\/no\/albums\/grappa\/haddy-nattblomst\/","title":{"rendered":"Haddy \u2013 Nattblomst"},"content":{"rendered":"<p><\/p>\n<p>Haddy &#8211; Nattblomst<\/p>\n<p>\u00abNattblomst\u00bb er Haddys f\u00f8rste album p\u00e5 norsk. Tekster og melodier er Haddys egne.Mesteparten av albumet er spilt inn i uthuset til gitarist og produsent \u00d8rnulv Snortheim, som Haddy har jobbet sammen med i ti \u00e5r. Albumet har blitt til en viseplate og det er i visene Haddy selv f\u00f8ler seg hjemme, men man kan ogs\u00e5 finne elementer av b\u00e5de blues-, folk- og pop.<\/p>\n<p>Haddy er godt kjent for mange fra de utallige store direktesendingene hun har ledet, fra Eurovision Song Contest og Idrettsgallaer, til Grunnlovsjubileum, TV-aksjoner og Minnemarkering for 22.juli. <\/p>\n<p>Samtidig jobber hun som journalist, sanger og l\u00e5tskriver. Hun har gitt ut tre album f\u00f8r \u00abNattblomst\u00bb, alle p\u00e5 engelsk \u2013 i tillegg til \u00e5 ha v\u00e6rt spaltist i Dagbladet, gitt ut en barnebok og skrevet teaterstykke for ungdom.<\/p>\n<p><!--more--><\/p>\n<p>\u00abNattblomst\u00bb er Haddys f\u00f8rste album p\u00e5 norsk.<\/p>\n<h4>H\u00f8rer hjemme i visene<\/h4>\n<p>Mesteparten av \u00abNattblomst\u00bb er spilt inn i Dakkota Studio p\u00e5 Hamar, i uthuset til gitarist og produsent \u00d8rnulv Snortheim. \u00d8rnulv og Haddy har jobbet sammen i 10 \u00e5r i \u00e5r, og \u00d8rnulv st\u00e5r ogs\u00e5 bak en av melodiene p\u00e5 platen. Akustisk gitar, piano, cello og fele utgj\u00f8r mesteparten av lydbildet p\u00e5 platen.<\/p>\n<p>&#8211; Dette er en viseplate. Man vil nok finne b\u00e5de blues-, folk- og pop-elementer i den. Men det er i visene jeg h\u00f8rer hjemme \u2013 sier Haddy selv.<\/p>\n<h4>Det skumleste<\/h4>\n<p>Haddy har ledet mange store direktesendinger, fra Eurovison Song Contest og Idrettsgallaer til Grunnlovsjubileum, Tv-aksjoner og Minnemarkering for 22. juli. Men musikken er det skumleste hun gj\u00f8r. <\/p>\n<p>&#8211; I musikken har jeg ingenting \u00e5 gjemme meg bak. Spesielt n\u00e5r jeg synger p\u00e5 norsk og i et s\u00e5 \u00e5pent musikalsk landskap. Det jeg er mest stolt av med denne platen er n\u00e6rheten og alt som ikke er perfekt. Jeg har v\u00e6rt i studio p\u00e5 gode og d\u00e5rlige dager. Det h\u00f8res.<\/p>\n<h4>Bare Haddy<\/h4>\n<p>Haddys tidligere plater har alltid blitt gitt ut med hennes fulle navn. Denne gangen er det bare Haddy.<\/p>\n<p>&#8211; Folk har slitt nok med \u00e5 pr\u00f8ve \u00e5 skrive og uttale etternavnet mitt riktig. Jeg syns de skal f\u00e5 slippe det n\u00e5. Jeg er s\u00e5 norsk at jeg syntes \u00e5 bare v\u00e6re fornavn var litt j\u00e5lete, men n\u00e5 er jeg gammel nok til \u00e5 bl\u00e5se i det. Dessuten har jeg fjernet apostrofen i etternavnet mitt. Ikke helt praktisk i tastaturets tidsalder.<\/p>\n<p>Haddy Njie er programleder, journalist, sanger og l\u00e5tskriver som siden 2009 har ledet mange store sendinger for NRK. Hun har gitt ut tre album f\u00f8r \u00abNattblomst\u00bb, alle p\u00e5 engelsk.<br \/>\nHaddy har ogs\u00e5 v\u00e6rt spaltist i Dagbladet, gitt ut en barnebok og skrevet et teaterstykke for ungdom.<\/p>\n<p><\/p>","protected":false},"excerpt":{"rendered":"<p>Tekster og melodier er Haddys egne.<\/p>\n","protected":false},"featured_media":27129,"comment_status":"closed","ping_status":"open","template":"","meta":[],"product_brand":[],"product_cat":[6],"product_tag":[],"class_list":{"0":"post-1073","1":"product","2":"type-product","3":"status-publish","4":"has-post-thumbnail","6":"product_cat-grappa","7":"product_shipping_class-cddvd-shipping","8":"uni_artist_tag-bernt-andre-moen","9":"uni_artist_tag-camilla-tomta","10":"uni_artist_tag-fredrik-lyngas-pedersen","11":"uni_artist_tag-haddy-njie","12":"uni_artist_tag-olav-mjelva","13":"uni_artist_tag-ornulv-snortheim","14":"uni_artist_tag-oystein-bergsvik","15":"uni_artist_tag-paulin-skoglund-voss","16":"uni_artist_tag-tor-egil-kreken","17":"uni_main_artist_tag-haddy-njie","18":"uni_artist_genre-blues","19":"uni_artist_genre-folk-music","20":"uni_artist_genre-pop","21":"uni_artist_genre-singersongwriter","23":"first","24":"instock","25":"taxable","26":"shipping-taxable","27":"purchasable","28":"product-type-simple"},"_links":{"self":[{"href":"https:\/\/grappa.no\/no\/wp-json\/wp\/v2\/product\/1073","targetHints":{"allow":["GET"]}}],"collection":[{"href":"https:\/\/grappa.no\/no\/wp-json\/wp\/v2\/product"}],"about":[{"href":"https:\/\/grappa.no\/no\/wp-json\/wp\/v2\/types\/product"}],"replies":[{"embeddable":true,"href":"https:\/\/grappa.no\/no\/wp-json\/wp\/v2\/comments?post=1073"}],"wp:featuredmedia":[{"embeddable":true,"href":"https:\/\/grappa.no\/no\/wp-json\/wp\/v2\/media\/27129"}],"wp:attachment":[{"href":"https:\/\/grappa.no\/no\/wp-json\/wp\/v2\/media?parent=1073"}],"wp:term":[{"taxonomy":"product_brand","embeddable":true,"href":"https:\/\/grappa.no\/no\/wp-json\/wp\/v2\/product_brand?post=1073"},{"taxonomy":"product_cat","embeddable":true,"href":"https:\/\/grappa.no\/no\/wp-json\/wp\/v2\/product_cat?post=1073"},{"taxonomy":"product_tag","embeddable":true,"href":"https:\/\/grappa.no\/no\/wp-json\/wp\/v2\/product_tag?post=1073"}],"curies":[{"name":"wp","href":"https:\/\/api.w.org\/{rel}","templated":true}]}}