{"id":1072,"date":"2014-11-07T00:00:00","date_gmt":"2014-11-06T23:00:00","guid":{"rendered":"http:\/\/www.grappa.no\/albums\/uncategorized\/the-love-connection\/"},"modified":"2016-08-16T09:49:40","modified_gmt":"2016-08-16T08:49:40","slug":"the-love-connection","status":"publish","type":"product","link":"https:\/\/grappa.no\/no\/albums\/grappa\/the-love-connection\/","title":{"rendered":"The Love Connection"},"content":{"rendered":"<p><\/p>\n<p>Et livstidsprosjekt<\/p>\n<p>De har pr\u00f8vd, men klarer ikke \u00e5 skilles. Og etter ti \u00e5r som band, gir The Love Connection endelig ut sitt f\u00f8rste album. Det tok fem \u00e5r \u00e5 mekke, og sjelden har det v\u00e6rt mer passende \u00e5 si; bedre sent enn aldri. Resultatet av det som best beskrives som en evig hyttetur, er en varm, melodi\u00f8s lykkepille av en plate, frontet av tre av landets fremste vokalister; Thom Hell, Marte Wulff og Frank Hammersland. \u00c5 debutere som plateartister etter ti \u00e5r som band, er ikke alle forunt. Marte, Thom, Frank og de andre kaller The Love Connection for et livstidsprosjekt, s\u00e5 det er mye som taler for at vi vil kunne glede oss over poplykke fra denne kanten i lang tid fremover.<\/p>\n<p><!--more--><\/p>\n<p>De har pr\u00f8vd, men klarer ikke \u00e5 skilles. Og etter ti \u00e5r som band, gir The Love Connection endelig ut sitt f\u00f8rste album. Det tok fem \u00e5r \u00e5 mekke, og sjelden har det v\u00e6rt mer passende \u00e5 si; bedre sent enn aldri. Resultatet av det som best beskrives som en evig hyttetur, er en varm, melodi\u00f8s lykkepille av en plate, frontet av tre av landets fremste vokalister; Thom Hell, Marte Wulff og Frank Hammersland.<\/p>\n<h4>Den som skriker h\u00f8yest vinner<\/h4>\n<p>The Love Connection best\u00e5r av Thom Hell, Frank Hammersland, Marte Wulff, \u00d8rjan Liav\u00e5g, Vidar Ersfjord, J\u00f8rn Raknes og Bjarte J\u00f8rgensen. De holdt jevn kontakt og spilte litt sporadisk &#8211; og s\u00e5, som i eventyret, dro de syv gode vennene til en g\u00e5rd i Sverige og begynte \u00e5 jobbe med bandets f\u00f8rste plate. Det var i 2009. Men det kom andre prosjekter, folk fikk familier, ting tok litt tid. Ved neste m\u00f8te var Marte Wulff h\u00f8ygravid, men holdt koken og nektet \u00e5 legge seg f\u00f8r det var morgen. Prosessen har v\u00e6rt mer fest enn slit. Med tre frontfigurer og ingen sjef, gjaldt demokratiets spilleregel nummer en; den som skriker h\u00f8yest vinner. Og alle har insett at de er blitt for gamle til \u00e5 krangle.<\/p>\n<h4>En perfekt h\u00f8stplate<\/h4>\n<p>The Love Connection er ogs\u00e5 navnet p\u00e5 albumet, som er akkurat hva det gir seg ut for \u00e5 v\u00e6re: Et uslitelig b\u00e5nd mellom gode venner. At Thom Hell og Marte Wulff startet det hele som kj\u00e6restepar, er samtidig ingen hemmelighet. Men trekantforholdet oppstod tidlig; Da det ble slutt med Marte, flyttet Thom rett inn p\u00e5 et ledig rom hos Frank. N\u00e5 l\u00e5ter de bare veldig bra sammen, alle tre. P\u00e5 plata synger de stort sett l\u00e5tene de selv har skrevet, men alle bidrar p\u00e5 alt. Det resulterer i nydelige harmonier og et solid tr\u00f8kk over hele linja. <\/p>\n<p>Gladl\u00e5ta &quot;New World In The Morning&quot;, platas eneste coverl\u00e5t, inspirerer til \u00e5 cruise rundt p\u00e5 landet med nedrullet vindu og vind i luggen, men The Love Connection er likevel en perfekt h\u00f8stplate. Er det noe vi trenger n\u00e5r kulda biter, s\u00e5 er det en upbeat popl\u00e5t \u00e5 varme oss p\u00e5, og slike finner vi flere prakteksempler  p\u00e5 her. Noen spor tenderer ogs\u00e5 mot rolig prog- rock i velkjent Thom Hell-\u00e5nd, mens andre igjen har elementer av country og folk, og avsl\u00f8rer en kj\u00e6rlighet til steel gitaren.<\/p>\n<h4>Et livstidsprosjekt<\/h4>\n<p>Gjengen er alt i gang med \u00e5 skrive stoff til neste plate, &amp;quot;som alts\u00e5 ikke skal ta fem \u00e5r&amp;quot;, og gleder seg stort til \u00e5 spille live igjen. Med energien de syv kompisene produserer sammen, er det mye som tyder p\u00e5 at det b\u00e5de vil l\u00e5te bra og v\u00e6re veldig underholdende n\u00e5r de igjen st\u00e5r samlet p\u00e5 en scene. The Love Connection dyrker umiddelbar musikkglede; det handler om at ting ikke m\u00e5 v\u00e6re blankpolerte og perfekte, men at musikken skal lages med store doser kj\u00e6rlighet. <\/p>\n<p>\u00c5 debutere som plateartister etter ti \u00e5r som band, er ikke alle forunt. Marte, Thom, Frank og de andre  kaller The Love Connection for et livstidsprosjekt, s\u00e5 det er mye som taler for at vi vil kunne glede oss over poplykke fra denne kanten i lang tid fremover. <\/p>\n<p>Thom Hell har tidligere gitt ut hele syv soloalbum, de to f\u00f8rste med nettopp The Love Connection som backingband. Han har vunnet tre Spellemann-priser og Det store korslaget med &amp;quot;Team Thom&amp;quot;. Marte Wulff har gitt ut fire plater, v\u00e6rt nominert til Spellemannspris, spilt over 300 konserter over hele Norge og samarbeidet med en rekke artister, inkludert hele Kristiansand symfoniorkester. Frank Hammersland har v\u00e6rt et velkjent navn helt siden han frontet 90-tallets bergenske superband, Pogo Pops som gjenoppstod i 2006, for ikke \u00e5 glemme Popium som dukket opp i 1998. N\u00e5 gir han, som Marte, ogs\u00e5 ut musikk p\u00e5 norsk, n\u00e6rmere bestemt poprock p\u00e5 bergensk.<\/p>\n<p><\/p>","protected":false},"excerpt":{"rendered":"<p>Det er noe med lyden, et sound som bare akkurat dette bandet f\u00e5r til sammen.<\/p>\n","protected":false},"featured_media":27133,"comment_status":"closed","ping_status":"open","template":"","meta":[],"product_brand":[],"product_cat":[6],"product_tag":[],"class_list":{"0":"post-1072","1":"product","2":"type-product","3":"status-publish","4":"has-post-thumbnail","6":"product_cat-grappa","7":"product_shipping_class-cddvd-shipping","8":"uni_artist_tag-bjarte-jorgensen","9":"uni_artist_tag-frank-hammersland","10":"uni_artist_tag-jorn-raknes","11":"uni_artist_tag-kenneth-lewis","12":"uni_artist_tag-marte-wulff","13":"uni_artist_tag-roger-whittaker","14":"uni_artist_tag-the-love-connection","15":"uni_artist_tag-thom-hell","16":"uni_main_artist_tag-the-love-connection","17":"uni_artist_genre-pop","19":"first","20":"instock","21":"taxable","22":"shipping-taxable","23":"purchasable","24":"product-type-simple"},"_links":{"self":[{"href":"https:\/\/grappa.no\/no\/wp-json\/wp\/v2\/product\/1072","targetHints":{"allow":["GET"]}}],"collection":[{"href":"https:\/\/grappa.no\/no\/wp-json\/wp\/v2\/product"}],"about":[{"href":"https:\/\/grappa.no\/no\/wp-json\/wp\/v2\/types\/product"}],"replies":[{"embeddable":true,"href":"https:\/\/grappa.no\/no\/wp-json\/wp\/v2\/comments?post=1072"}],"wp:featuredmedia":[{"embeddable":true,"href":"https:\/\/grappa.no\/no\/wp-json\/wp\/v2\/media\/27133"}],"wp:attachment":[{"href":"https:\/\/grappa.no\/no\/wp-json\/wp\/v2\/media?parent=1072"}],"wp:term":[{"taxonomy":"product_brand","embeddable":true,"href":"https:\/\/grappa.no\/no\/wp-json\/wp\/v2\/product_brand?post=1072"},{"taxonomy":"product_cat","embeddable":true,"href":"https:\/\/grappa.no\/no\/wp-json\/wp\/v2\/product_cat?post=1072"},{"taxonomy":"product_tag","embeddable":true,"href":"https:\/\/grappa.no\/no\/wp-json\/wp\/v2\/product_tag?post=1072"}],"curies":[{"name":"wp","href":"https:\/\/api.w.org\/{rel}","templated":true}]}}