{"id":1071,"date":"2014-09-19T00:00:00","date_gmt":"2014-09-18T23:00:00","guid":{"rendered":"http:\/\/www.grappa.no\/albums\/uncategorized\/safe-sound\/"},"modified":"2016-08-16T09:49:40","modified_gmt":"2016-08-16T08:49:40","slug":"safe-sound","status":"publish","type":"product","link":"https:\/\/grappa.no\/no\/albums\/grappa\/safe-sound\/","title":{"rendered":"Safe &amp; Sound"},"content":{"rendered":"<p><\/p>\n<p>Orbo &#8211; Safe &amp; Sound<\/p>\n<p>\u201cSafe &amp; Sound\u201d er albumet som f\u00f8lger opp EP\u2019en \u201cMan O\u2019 War\u201d utgitt tidligere i \u00e5r. Tolv l\u00e5ter, hvorav Ole Reinert Berg-Olsen er l\u00e5tskriver p\u00e5 elleve av dem. Albumet er produsert av ham og longshot Reidar F. Opdal.<br \/>\nAlbumet er en klassisk blanding av britisk og amerikansk rock, og Orbo har med seg to av musikerne fra The Longshots, Magnus Skylstad p\u00e5 trommer og Reidar Opdal p\u00e5 piano. I tillegg er Eirik Larsson p\u00e5 bass og amerikanerne Angela Primm og Gayle Mayes p\u00e5 backingvokal. EP\u2019en \u201cMan O\u2019 War\u201d h\u00f8stet meget gode kritikker.<br \/>\n\u201cDet er organisk i uttrykket med akustiske gitarer, trillende pianotoner og en ringende el- gitar\u201d. (Bergensavisen, terningkast 5)<br \/>\n\u201cDenne EPen med fire l\u00e5tar er ein forsmak p\u00e5 eit heilt album som kjem seinare i \u00e5r. Og ut i fr\u00e5 det som er her gir det grunn til \u00e5 glede seg.\u201d (Firdaposten, terningkast 5)<br \/>\n\u201cL\u00e5tskriverkunst i full bredde!\u201d (Oppland Arbeiderblad, terningkast 5)<\/p>\n<p><!--more--><\/p>\n<p>\u201cSafe &amp; Sound\u201d er albumet som f\u00f8lger opp EP\u2019en \u201cMan O\u2019 War\u201d utgitt tidligere i \u00e5r. Tolv l\u00e5ter, hvorav Ole Reinert Berg-Olsen er l\u00e5tskriver p\u00e5 elleve av dem. Albumet er produsert av ham og longshot Reidar F. Opdal.<\/p>\n<h4>H\u00f8stet gode kritikker<\/h4>\n<p>EP\u2019en \u201cMan O\u2019 War\u201d h\u00f8stet meget gode kritikker.<br \/>\n\u201cDet er organisk i uttrykket med akustiske gitarer, trillende pianotoner og en ringende el- gitar\u201d. (Bergensavisen, terningkast 5)<br \/>\n\u201cDenne EPen med fire l\u00e5tar er ein forsmak p\u00e5 eit heilt album som kjem seinare i \u00e5r. Og ut i fr\u00e5 det som er her gir det grunn til \u00e5 glede seg.\u201d (Firdaposten, terningkast 5)<br \/>\n\u201cL\u00e5tskriverkunst i full bredde!\u201d (Oppland Arbeiderblad, terningkast 5)<\/p>\n<h4>Orbo; Ole Reinert Berg-Olsen<\/h4>\n<p>Ole Reinert Berg-Olsen, kjent under artistnavnet ORBO, er en norsk vokalist, gitarist, l\u00e5tskriver og produsent.<\/p>\n<p>Han er frontfigur i det norske bandet ORBO &amp; The Longshots som han selv startet i 2000. Han har vunnet to Spellemannspriser, som artist i 2008\/09 for albumet High Roller med ORBO &amp; The Longshots og som l\u00e5tskriver i 2009\/10 for albumet Soul Deep av Noora Noor.<\/p>\n<p>Han vokste opp p\u00e5 Hop i Fana utenfor Bergen, men bosatte seg senere i Os Kommune i Hordaland. Han har medvirket p\u00e5 en rekke utgivelser og gav i 2013 ut sin f\u00f8rste soloplate, &quot;Steingard&quot; med gjesteopptredener av blant annet Steinar Albrigtsen, Monika Nordli og Herborg Kr\u00e5kevik m.fl. Denne h\u00f8sten kommer han alts\u00e5 ut med sitt andre soloalbum; &quot;Safe &amp; Sound&quot;.<\/p>\n<h4><\/h4>\n<\/p>\n<p><\/p>","protected":false},"excerpt":{"rendered":"<p>\u201cSafe &amp; Sound\u201d er albumet som f\u00f8lger opp EP\u2019en \u201cMan O\u2019 War\u201d utgitt tidligere i \u00e5r. Tolv l\u00e5ter, hvorav Ole Reinert Berg-Olsen er l\u00e5tskriver p\u00e5 elleve av dem.<\/p>\n","protected":false},"featured_media":27124,"comment_status":"closed","ping_status":"open","template":"","meta":[],"product_brand":[],"product_cat":[6],"product_tag":[],"class_list":{"0":"post-1071","1":"product","2":"type-product","3":"status-publish","4":"has-post-thumbnail","6":"product_cat-grappa","7":"product_shipping_class-cddvd-shipping","8":"uni_artist_tag-angela-primm","9":"uni_artist_tag-barry-alan-gibb","10":"uni_artist_tag-eirik-larsson","11":"uni_artist_tag-gayle-mayes","12":"uni_artist_tag-magnus-aserud-skylstad","13":"uni_artist_tag-maurice-ernest-gibb","14":"uni_artist_tag-orbo-ole-reinert-berg-olsen","15":"uni_artist_tag-reidar-f-opdal","16":"uni_artist_tag-robin-hugh-gibb","17":"uni_main_artist_tag-orbo-ole-reinert-berg-olsen","18":"uni_artist_genre-rock","20":"first","21":"instock","22":"taxable","23":"shipping-taxable","24":"purchasable","25":"product-type-simple"},"_links":{"self":[{"href":"https:\/\/grappa.no\/no\/wp-json\/wp\/v2\/product\/1071","targetHints":{"allow":["GET"]}}],"collection":[{"href":"https:\/\/grappa.no\/no\/wp-json\/wp\/v2\/product"}],"about":[{"href":"https:\/\/grappa.no\/no\/wp-json\/wp\/v2\/types\/product"}],"replies":[{"embeddable":true,"href":"https:\/\/grappa.no\/no\/wp-json\/wp\/v2\/comments?post=1071"}],"wp:featuredmedia":[{"embeddable":true,"href":"https:\/\/grappa.no\/no\/wp-json\/wp\/v2\/media\/27124"}],"wp:attachment":[{"href":"https:\/\/grappa.no\/no\/wp-json\/wp\/v2\/media?parent=1071"}],"wp:term":[{"taxonomy":"product_brand","embeddable":true,"href":"https:\/\/grappa.no\/no\/wp-json\/wp\/v2\/product_brand?post=1071"},{"taxonomy":"product_cat","embeddable":true,"href":"https:\/\/grappa.no\/no\/wp-json\/wp\/v2\/product_cat?post=1071"},{"taxonomy":"product_tag","embeddable":true,"href":"https:\/\/grappa.no\/no\/wp-json\/wp\/v2\/product_tag?post=1071"}],"curies":[{"name":"wp","href":"https:\/\/api.w.org\/{rel}","templated":true}]}}