{"id":1070,"date":"2015-05-08T00:00:00","date_gmt":"2015-05-07T23:00:00","guid":{"rendered":"http:\/\/www.grappa.no\/albums\/uncategorized\/julie-dahle-aagard-lauvet\/"},"modified":"2016-10-31T11:02:50","modified_gmt":"2016-10-31T10:02:50","slug":"julie-dahle-aagard-lauvet","status":"publish","type":"product","link":"https:\/\/grappa.no\/no\/albums\/grappa\/julie-dahle-aagard-lauvet\/","title":{"rendered":"Julie Dahle Aag\u00e5rd : Lauvet"},"content":{"rendered":"<p><\/p>\n<p>F\u00f8rste album p\u00e5 norsk fra Julie Dahle Aag\u00e5rd <\/p>\n<p>Julie Dahle Aag\u00e5rd synger denne gangen p\u00e5 sin egen dialekt: nord-tr\u00f8ndersk.<\/p>\n<p>Hennes forrige album ble Spellemannsnominert i klassen \u00c5rets Kvinnelige Artist 2009. Det klinger fortsatt hest og jazzete, men musikken er n\u00e5 mer preget av b\u00e5de roots, fado og folk.<br \/>\nAll tekst og musikk er nyskrevet av Julie selv, og resultatet er et godt stykke unna det de fleste forbinder med tr\u00f8ndersk musikk de seneste \u00e5ra.Med seg p\u00e5 plata har hun fantastiske musikere som har fargelagt plata sammen med henne: Anders Aarum, Erik Holm, Bj\u00f8rn Holm, Kjetil Steensn\u00e6s, Geir Sundst\u00f8l og David Wallumr\u00f8d.<\/p>\n<p><!--more--><\/p>\n<p>Etter str\u00e5lende kritikker og Spellemannsnominasjon har vi ventet lenge p\u00e5 neste album fra Julie Dahle Aag\u00e5rd. N\u00e5 er hun klar med sitt nye album &quot;Lauvet&quot;, og denne gang p\u00e5 sin egen dialekt ; nord-tr\u00f8ndersk.<\/p>\n<h4>Synger p\u00e5 egen dialekt<\/h4>\n<p>All tekst og musikk er nyskrevet av Julie selv, og resultatet er et godt stykke unna det de fleste<br \/>\nforbinder med tr\u00f8ndersk musikk de seneste \u00e5ra.<\/p>\n<p>Med seg p\u00e5 plata har hun fantastiske musikere som har fargelagt plata sammen med henne:<br \/>\nAnders Aarum, Erik Holm, Bj\u00f8rn Holm, Kjetil Steensn\u00e6s, Geir Sundst\u00f8l og David Wallumr\u00f8d.<\/p>\n<p>Julie om plata:<br \/>\nDette har v\u00e6rt en viktig prosess for meg som l\u00e5tskriver, tekstforfatter og sanger. Endelig f\u00f8ler jeg<br \/>\nmeg fri og sikker. Det \u00e5 f\u00e5 synge p\u00e5 egen dialekt uten \u00e5 m\u00e5tte gi slipp p\u00e5 m\u00e5ten man synger p\u00e5,<br \/>\nhar v\u00e6rt veldig interessant og morsomt.<br \/>\nDet \u00e5 t\u00f8rre \u00e5 skrive rett fra levra uten \u00e5 bli for intim, har v\u00e6rt utfordrende, ettersom de fleste<br \/>\ntekstene gjenspeiler livet mitt de siste \u00e5rene.<br \/>\nJeg har ogs\u00e5 hatt gleden av \u00e5 jobbe med to fabelaktige produsenter, Erik Holm og Anders Aarum.<br \/>\nDe har vridd p\u00e5 materialet, og bidratt med sin musikalske ekspertise i alle ledd i prosessen.<\/p>\n<h4>Julie Dahle Aag\u00e5rd<\/h4>\n<p>Julie er fra Flatanger i Nord Tr\u00f8ndelag, og er utdannet sanger fra jazzlinja ved Musikkonservatoriet<br \/>\ni Trondheim. Hun har jobbet som artist og skuespiller i mange \u00e5r og har gitt ut flere plater. Hun ble i 2010 nominert til Spellemannsprisen i kategorien \u201d \u00c5rets Kvinnelige Artist\u201d for plata Stompin\u2019 Feet som var<br \/>\nprodusert av Anders Aarum.<\/p>\n<p>Julie har ogs\u00e5 god erfaring fra teater og har blant annet spilt hovedrollen som Edit Piaf i forestillingen Piaf, og Polly i Tolvskillingsoperaen p\u00e5 Det Norske Teatret, samt ogs\u00e5 hovedrollen som Mabel i forestillingen Mack&amp;Mabel p\u00e5 Hedmark Teater, for \u00e5 nevne noe.<\/p>\n<h4><\/h4>\n<\/p>\n<p><\/p>","protected":false},"excerpt":{"rendered":"<p>Selv om det denne gangen er p\u00e5 norsk, s\u00e5 klinger det fortsatt hest og jazzete, men musikken er n\u00e5 mer preget av b\u00e5de roots, fado og folk.<\/p>\n","protected":false},"featured_media":27120,"comment_status":"closed","ping_status":"open","template":"","meta":[],"product_brand":[],"product_cat":[6],"product_tag":[],"class_list":{"0":"post-1070","1":"product","2":"type-product","3":"status-publish","4":"has-post-thumbnail","6":"product_cat-grappa","7":"product_shipping_class-cddvd-shipping","8":"uni_artist_tag-anders-aarum","9":"uni_artist_tag-bjorn-holm","10":"uni_artist_tag-david-wallumrod","11":"uni_artist_tag-erik-holm","12":"uni_artist_tag-geir-sundstol","13":"uni_artist_tag-julie-dahle-aagard","14":"uni_artist_tag-kjetil-steensnaes","15":"uni_main_artist_tag-julie-dahle-aagard","16":"uni_artist_genre-jazz","17":"uni_artist_genre-norwegian-lyrics","18":"uni_artist_genre-pop","20":"first","21":"instock","22":"taxable","23":"shipping-taxable","24":"purchasable","25":"product-type-simple"},"_links":{"self":[{"href":"https:\/\/grappa.no\/no\/wp-json\/wp\/v2\/product\/1070","targetHints":{"allow":["GET"]}}],"collection":[{"href":"https:\/\/grappa.no\/no\/wp-json\/wp\/v2\/product"}],"about":[{"href":"https:\/\/grappa.no\/no\/wp-json\/wp\/v2\/types\/product"}],"replies":[{"embeddable":true,"href":"https:\/\/grappa.no\/no\/wp-json\/wp\/v2\/comments?post=1070"}],"wp:featuredmedia":[{"embeddable":true,"href":"https:\/\/grappa.no\/no\/wp-json\/wp\/v2\/media\/27120"}],"wp:attachment":[{"href":"https:\/\/grappa.no\/no\/wp-json\/wp\/v2\/media?parent=1070"}],"wp:term":[{"taxonomy":"product_brand","embeddable":true,"href":"https:\/\/grappa.no\/no\/wp-json\/wp\/v2\/product_brand?post=1070"},{"taxonomy":"product_cat","embeddable":true,"href":"https:\/\/grappa.no\/no\/wp-json\/wp\/v2\/product_cat?post=1070"},{"taxonomy":"product_tag","embeddable":true,"href":"https:\/\/grappa.no\/no\/wp-json\/wp\/v2\/product_tag?post=1070"}],"curies":[{"name":"wp","href":"https:\/\/api.w.org\/{rel}","templated":true}]}}