{"id":1069,"date":"2014-08-22T00:00:00","date_gmt":"2014-08-21T23:00:00","guid":{"rendered":"http:\/\/www.grappa.no\/albums\/uncategorized\/a-naerme-seg-det-naere\/"},"modified":"2016-04-19T19:21:48","modified_gmt":"2016-04-19T18:21:48","slug":"a-naerme-seg-det-naere","status":"publish","type":"product","link":"https:\/\/grappa.no\/no\/albums\/grappa\/a-naerme-seg-det-naere\/","title":{"rendered":"\u00c5 N\u00e6rme Seg Det N\u00e6re"},"content":{"rendered":"<p><\/p>\n<p>Elin Furubotn &#8211; \u00c5 N\u00e6rme seg det n\u00e6re <\/p>\n<p>Elin Furubotn gir n\u00e5 ut sitt sjette album; &quot;\u00c5 n\u00e6rme seg det n\u00e6re&quot;. Musikken hennes, som befinner seg i skj\u00e6ringspunktet mellom vise, pop og jazz, fargelegges denne gang av sytten musikere fra Stavanger Symfoniorkester. Bysbarnet Morten Abel bidrar p\u00e5 duetten \u201cS\u00e5 lett det kan ver\u201d som lekende understreker l\u00e5ttittelen med en fengende melodi.<\/p>\n<p>Tekstene p\u00e5 albumet er fylt av varme, n\u00e6re hverdagsglimt med alvor og humor. De tar for seg alt fra Elins barnlige og lekne mormor som ble 100 \u00e5r, til ten\u00e5rings-s\u00f8nnen som nekter henne \u00e5 spille Karpe Diem p\u00e5 hennes egen bursdag.<\/p>\n<p><!--more--><\/p>\n<p>Elin Furubotn gir ut sitt sjette album : &quot;\u00c5 n\u00e6rme seg det n\u00e6re&quot;<\/p>\n<h4>N\u00e6re hverdagsglimt med alvor og humor<\/h4>\n<p>Tekstene p\u00e5 albumet er fylt av varme, n\u00e6re hverdagsglimt med alvor og humor. De tar for seg alt fra Elins barnlige og lekne mormor som ble 100 \u00e5r, til ten\u00e5rings-s\u00f8nnen som nekter henne \u00e5 spille Karpe Diem p\u00e5 hennes egen bursdag. <\/p>\n<p>Elin uttaler selv om albumet:<br \/>\n\u201cJeg laget denne platen etter at Stavanger Symfoniporkesetrer arrangerte konsert med meg og mine sanger i konserthuset i Stavanger. Dette var s\u00e5 stort for meg at jeg ville dokumentere det p\u00e5 mitt sjette album\u201d.<\/p>\n<p>Albumet best\u00e5r av tre sanger fra tidligere album, i tillegg til syv nye.<\/p>\n<p>Helge Andreas Norbakken (Kari Bremnes og Mari Boine) spiller perkusjon p\u00e5 albumet. I tilleg bidrar Allan Vigre (gitar)og Erlend Aasland (banjo) foruten Furubotn selv p\u00e5 gitar. Erik Waldejer har skrevet symfoni-arrangementer og H\u00e5kon Berge har bidratt til medprodusent. Michael Hartung har mikset platen i Propeller Studio.<\/p>\n<h4>Om Elin Furubotn<\/h4>\n<p>Elin Furubotn har lang fartstid som artist, tekstforfatter og komponist og har p\u00e5 sine fem tidligere album, sunget seg inn i mange hjerter med hverdagsromantiske tekster p\u00e5 Rogalandsdialekt. S\u00e6rlig sangen \u201dI det stille\u201d har f\u00e5tt mye spilletid p\u00e5 NRK P1 de siste \u00e5rene. Hun har turnert i inn og utland og sangene har ogs\u00e5 blitt spillt i europeiske radiostasjoner. Ogs\u00e5 i USA fikk hun oppmerksomhet for sitt internasjonale album Heilt Nye Vei (2012) og vant en Indie-pris i Colorado for beste album i hennes kategori.<\/p>\n<h4><\/h4>\n<\/p>\n<p><\/p>","protected":false},"excerpt":{"rendered":"<p>Musikken til Elin Furubotn, som befinner seg i skj\u00e6ringspunktet mellom vise, pop og jazz, fargelegges denne gang av sytten musikere fra Stavanger Symfoniorkester<\/p>\n","protected":false},"featured_media":27128,"comment_status":"closed","ping_status":"open","template":"","meta":[],"product_brand":[],"product_cat":[6],"product_tag":[],"class_list":{"0":"post-1069","1":"product","2":"type-product","3":"status-publish","4":"has-post-thumbnail","6":"product_cat-grappa","7":"product_shipping_class-cddvd-shipping","8":"uni_artist_tag-allan-vigre","9":"uni_artist_tag-anders-frost","10":"uni_artist_tag-beate-klev","11":"uni_artist_tag-bjarte-mo","12":"uni_artist_tag-elin-furubotn","13":"uni_artist_tag-erlend-aasland","14":"uni_artist_tag-frithjof-hungnes","15":"uni_artist_tag-gjertrud-okland","16":"uni_artist_tag-gyrid-erlandsen","17":"uni_artist_tag-hakon-berge","18":"uni_artist_tag-hans-andreas-horntveth-jansen","19":"uni_artist_tag-helge-andreas-norbakken","20":"uni_artist_tag-hjalmar-kvam","21":"uni_artist_tag-ivan-zavgorodniy","22":"uni_artist_tag-ivar-atle-fjordheim","23":"uni_artist_tag-jacob-dobewall","24":"uni_artist_tag-james-herstatt","25":"uni_artist_tag-karin-venaas","26":"uni_artist_tag-kristoffer-bonsaksen","27":"uni_artist_tag-liv-opdal-eggestad","28":"uni_artist_tag-michael-scott-hartung","29":"uni_artist_tag-morten-abel","30":"uni_artist_tag-stacy-dixon","31":"uni_artist_tag-steven-james-horn","32":"uni_artist_tag-torger-sanne","33":"uni_artist_tag-zane-kalnina","34":"uni_artist_tag-zeljko-djerdj","35":"uni_main_artist_tag-elin-furubotn","36":"uni_artist_genre-norwegian","37":"uni_artist_genre-orchestral","38":"uni_artist_genre-pop","39":"uni_artist_genre-singersongwriter","41":"first","42":"instock","43":"taxable","44":"shipping-taxable","45":"purchasable","46":"product-type-simple"},"_links":{"self":[{"href":"https:\/\/grappa.no\/no\/wp-json\/wp\/v2\/product\/1069","targetHints":{"allow":["GET"]}}],"collection":[{"href":"https:\/\/grappa.no\/no\/wp-json\/wp\/v2\/product"}],"about":[{"href":"https:\/\/grappa.no\/no\/wp-json\/wp\/v2\/types\/product"}],"replies":[{"embeddable":true,"href":"https:\/\/grappa.no\/no\/wp-json\/wp\/v2\/comments?post=1069"}],"wp:featuredmedia":[{"embeddable":true,"href":"https:\/\/grappa.no\/no\/wp-json\/wp\/v2\/media\/27128"}],"wp:attachment":[{"href":"https:\/\/grappa.no\/no\/wp-json\/wp\/v2\/media?parent=1069"}],"wp:term":[{"taxonomy":"product_brand","embeddable":true,"href":"https:\/\/grappa.no\/no\/wp-json\/wp\/v2\/product_brand?post=1069"},{"taxonomy":"product_cat","embeddable":true,"href":"https:\/\/grappa.no\/no\/wp-json\/wp\/v2\/product_cat?post=1069"},{"taxonomy":"product_tag","embeddable":true,"href":"https:\/\/grappa.no\/no\/wp-json\/wp\/v2\/product_tag?post=1069"}],"curies":[{"name":"wp","href":"https:\/\/api.w.org\/{rel}","templated":true}]}}