{"id":1068,"date":"2014-08-29T00:00:00","date_gmt":"2014-08-28T23:00:00","guid":{"rendered":"http:\/\/www.grappa.no\/albums\/uncategorized\/retro-last-impression\/"},"modified":"2016-09-08T08:32:39","modified_gmt":"2016-09-08T07:32:39","slug":"retro-last-impression","status":"publish","type":"product","link":"https:\/\/grappa.no\/no\/albums\/uncategorized\/retro-last-impression\/","title":{"rendered":"Retro: last impression"},"content":{"rendered":"<p><\/p>\n<p>ZUMA P\u00c5 VINYL<\/p>\n<p>Zuma er norsk synthpop p\u00e5 sitt beste! Med lanseringen av \u201cRetro \u2013 Last Impression\u00bb 29. august er popduoen Zuma tilbake. Ordentlig tilbake, med 10 l\u00e5ter \u2013 p\u00e5 vinyl. Digital utgave av albumet innholder i tillegg 5 bonusspor!<\/p>\n<p>\u2013 Etter tre CD-er og en mengde samleplater synes vi det var p\u00e5 tide. Det er noe eget med LP-formatet, med lyden, med f\u00f8lelsen. Zuma skulle egentlig alltid ha v\u00e6rt p\u00e5 vinyl.<br \/>\nRingen er p\u00e5 et vis sluttet, vi er tilbake der hvor vi skulle ha startet, p\u00e5 vinyl p\u00e5 slutten av 80-tallet. Dr\u00f8mmen var jo ikke \u00e5 utgi musikk som MP3, men p\u00e5 ekte LP-plate! &#8211; Alexander Stenerud og Henrik Njaa (Zuma)<\/p>\n<p><!--more--><\/p>\n<p>ZUMA P\u00c5 VINYL<\/p>\n<h4>Endelig vinyl<\/h4>\n<p>Etter tre CD-er og en mengde samleplater synes Zuma det var p\u00e5 tide. Det er noe eget med LP-formatet, med lyden, med f\u00f8lelsen. Zuma skulle egentlig alltid ha v\u00e6rt p\u00e5 vinyl.<br \/>\nRingen er p\u00e5 et vis sluttet, man er tilbake der hvor man skulle ha startet, p\u00e5 vinyl p\u00e5 slutten av 80-tallet. Dr\u00f8mmen til Zuma var jo ikke \u00e5 utgi musikk som MP3, men p\u00e5 ekte LP-plate!<\/p>\n<h4>Selger til gull og herjer p\u00e5 hitlistene<\/h4>\n<p>Zuma tok form i 1995 etter at Stenerud og Njaa vant en demokonkurranse p\u00e5 NRK P3, men slo for alvor igjennom i 2001. Dette \u00e5ret ble debutalbumet \u201cJuno\u00bb lanser og ble det mest solgte norske debutalbumet dette \u00e5ret med over 20\u00a0000 solgte CDer.  Zuma var ogs\u00e5 et de mest spilte norske bandene p\u00e5 radio med bl.a.  hitl\u00e5tene \u201cPearl\u201d og \u201cThe Tram\u201d som l\u00e5 ukesvis p\u00e5 topplistene. For albumet  \u201cJuno\u00bb ble Zuma nominert til b\u00e5de Spellemannsprisen og HitAwards.<\/p>\n<h4>Tv-serier og Melodi Grand Prix<\/h4>\n<p>To ar senere ga duoen ut \u201cRainboy\u00bb, med enda to radiohits, i tillegg til VG-lista-slageren \u201cJoy in the City\u00bb. Denne ble ogs\u00e5 brukt som  kjenningsmelodi p\u00e5 NRKs TV-serie \u201cLekestue\u201d.  Siden ble det flere singler. Zumas forel\u00f8pig siste CD kom med samlealbumet \u201cPearls\u201d i 2010, som ogs\u00e5 inneholdt to nye l\u00e5ter.<br \/>\nI 2008 ble  Zuma spurt om \u00e5 delta i Melodi Grand Prix, og r duoen kom til \u00abSiste Sjansen\u00bb med l\u00e5ten \u00abAlways, Always\u00bb. Vokalist og hovedl\u00e5tskriver Alexander Stenerud var med i Melodi Grand Prix 2009 som soloartist hvor hans l\u00e5t \u00abFind My Girl\u00bb n\u00e5dde 3.plass i finalen. I 2010 opptrer han igjen alene, denne gang med l\u00e5ten \u00abGive It To Me\u00bb som ogs\u00e5 denne gang gikk direkte til finalen i Oslo Spektrum.<\/p>\n<p>ZUMA ER:<br \/>\nAlexander Stenerud, vokal og gitar<br \/>\nHenrik Njaa, keyboards og programmering<\/p>\n<p><\/p>","protected":false},"excerpt":{"rendered":"<p>Zuma er norsk synthpop p\u00e5 sitt beste! Med lanseringen av \u201cRetro \u2013 Last Impression\u00bb 29. august er popduoen Zuma tilbake. Ordentlig tilbake, med 10 l\u00e5ter \u2013 p\u00e5 vinyl.<\/p>\n","protected":false},"featured_media":27857,"comment_status":"closed","ping_status":"open","template":"","meta":[],"product_brand":[],"product_cat":[6984],"product_tag":[],"class_list":{"0":"post-1068","1":"product","2":"type-product","3":"status-publish","4":"has-post-thumbnail","6":"product_cat-uncategorized","7":"product_shipping_class-vinyl-shipping","8":"uni_artist_tag-alexander-stenerud","9":"uni_artist_tag-henrik-njaa","10":"uni_artist_tag-jan-tore-diesen","11":"uni_artist_tag-kim-edward-bergseth","12":"uni_artist_tag-magnus-rostadmo","13":"uni_artist_tag-zuma","14":"uni_main_artist_tag-zuma","15":"uni_artist_genre-pop","16":"uni_artist_genre-scandinavian","18":"first","19":"instock","20":"taxable","21":"shipping-taxable","22":"purchasable","23":"product-type-simple"},"_links":{"self":[{"href":"https:\/\/grappa.no\/no\/wp-json\/wp\/v2\/product\/1068","targetHints":{"allow":["GET"]}}],"collection":[{"href":"https:\/\/grappa.no\/no\/wp-json\/wp\/v2\/product"}],"about":[{"href":"https:\/\/grappa.no\/no\/wp-json\/wp\/v2\/types\/product"}],"replies":[{"embeddable":true,"href":"https:\/\/grappa.no\/no\/wp-json\/wp\/v2\/comments?post=1068"}],"wp:featuredmedia":[{"embeddable":true,"href":"https:\/\/grappa.no\/no\/wp-json\/wp\/v2\/media\/27857"}],"wp:attachment":[{"href":"https:\/\/grappa.no\/no\/wp-json\/wp\/v2\/media?parent=1068"}],"wp:term":[{"taxonomy":"product_brand","embeddable":true,"href":"https:\/\/grappa.no\/no\/wp-json\/wp\/v2\/product_brand?post=1068"},{"taxonomy":"product_cat","embeddable":true,"href":"https:\/\/grappa.no\/no\/wp-json\/wp\/v2\/product_cat?post=1068"},{"taxonomy":"product_tag","embeddable":true,"href":"https:\/\/grappa.no\/no\/wp-json\/wp\/v2\/product_tag?post=1068"}],"curies":[{"name":"wp","href":"https:\/\/api.w.org\/{rel}","templated":true}]}}