{"id":1067,"date":"2015-02-13T00:00:00","date_gmt":"2015-02-12T23:00:00","guid":{"rendered":"http:\/\/www.grappa.no\/albums\/uncategorized\/eivind-sander-tilgi-meg\/"},"modified":"2016-04-19T19:21:45","modified_gmt":"2016-04-19T18:21:45","slug":"eivind-sander-tilgi-meg","status":"publish","type":"product","link":"https:\/\/grappa.no\/no\/albums\/grappa\/eivind-sander-tilgi-meg\/","title":{"rendered":"Eivind Sander: Tilgi Meg"},"content":{"rendered":"<p><\/p>\n<p>Eivind Sander &#8211; Tilgi meg<\/p>\n<p>Det har tatt 10 \u00e5r for Eivind \u00e5 f\u00e5 denne platen klar. 10 \u00e5r med mye minner, drama og historie. Endelig er den her; Tilgi meg.<\/p>\n<p>I 2005 gikk Reza Aghamir, Olav Erik Johansen i studio og startet innspillingen. Samarbeid ble avsluttet, prosjektet ble lagt p\u00e5 is og det var mange ulike faktorer som gjorde at det m\u00e5tte bli 2012 f\u00f8r Eivind igjen bestemte seg for \u00e5 samle sammen gutta for \u00e5 f\u00e5 det ferdig.<br \/>\nHistorien er lang og innholdsrik, og for Eivind har \u00abTilgi meg\u00bb blitt en personlig historie og plate. <\/p>\n<p>Eivind sier selv om albumet:<br \/>\n\u00abJeg skriver viser. Hadde jeg sunget dem, hadde jeg v\u00e6rt visesanger. Men jeg synger ikke, jeg rapper. S\u00e5 hva er jeg da? Viserapper? Dette er ikke hip-hop, det er ikke tradisjonell visesang \u2013 det er noe midt i mellom. S\u00e5 la oss kalle det viserap.\u00bb  &#8211; Eivind Sander, 2015<\/p>\n<p><!--more--><\/p>\n<p>Det har tatt 10 \u00e5r for Eivind Sander \u00e5 f\u00e5 denne platen klar. 10 \u00e5r med mye minner, drama og historie. Endelig er den her; &quot;Tilgi meg&quot;.<\/p>\n<h4>Viser og rap?<\/h4>\n<p>\u00abJeg skriver viser. Hadde jeg sunget dem, hadde jeg v\u00e6rt visesanger. Men jeg synger ikke, jeg rapper. S\u00e5 hva er jeg da? Viserapper? Dette er ikke hip-hop, det er ikke tradisjonell visesang \u2013 det er noe midt i mellom. S\u00e5 la oss kalle det viserap.\u00bb  &#8211; Eivind Sander, 2015<\/p>\n<p>I 2005 gikk Eivind Sander, Reza Aghamir, Olav Erik Johansen i studio og startet innspillingen. Samarbeid ble avsluttet, prosjektet ble lagt p\u00e5 is og det var mange ulike faktorer som gjorde at det m\u00e5tte bli 2012 f\u00f8r Eivind igjen bestemte seg for \u00e5 samle sammen gutta for \u00e5 f\u00e5 det ferdig.<br \/>\nDet ligger mye historie bak denne platen og for Eivind har \u00abTilgi meg\u00bb blitt et veldig personlig og spesielt album. Musikken er inspirert av rap, soul, og visesang. All rap er norskspr\u00e5klig, men refrengene er b\u00e5de p\u00e5 norsk og engelsk.<\/p>\n<h4>Eivind Sander<\/h4>\n<p>Eivind Sander gikk ut fra Teaterh\u00f8gskolen i 1997, og har v\u00e6rt tilknyttet b\u00e5de, Centralteatret og Nationaltheatret. Eivind\u00a0 Sander er en skuespiller med b\u00e5de seri\u00f8se og humoristiske roller p\u00e5 sin CV. Han ble for mange kjent som Tom Lund i TV-seriene &quot;Nissene p\u00e5 loven&quot; og &quot;Nissene over skog og hei&quot; . Eivind Sander har ogs\u00e5 hatt store roller i publikumssuksessene &quot;Uro&quot;, &quot;Buddy&quot;, &quot;Ran&quot;, &quot;Den unge Fleksnes&quot;, &quot;Koselig med Peis&quot; og &quot;Hodejegerne&quot;. For rollen som Ove Kjikerud i Morten Tyldums &quot;Hodejegerne&quot; h\u00f8stet Eivind godord ogs\u00e5 internasjonalt, bl.a. i det amerikanske kulturmagasinet Variety. I 2014 hadde Eivind en av hovedrollene i TVNorge suksessen &quot;Neste Sommer&quot;. For den rollen ble han nominert til Gullruten for beste mannlige skuespiller 2014. <\/p>\n<p>Eivind ga i 2002 ut sin f\u00f8rste singel p\u00e5 Grappa Musikk forlag; \u00abFra en benk i parken\/Eg ser\u00bb, hvor Eivind b\u00e5de fikk l\u00e5ne, &#8211; og til og med skrive litt om p\u00e5 &#8211; \u00abEg ser\u00bb av Bj\u00f8rn Eidsv\u00e5g.  Singelen \u00abVi tar det som det kommer\u00bb kom i 2003. \u00c5ret etter kom debutalbumet \u00abMellom Fjord &amp; Fjell\u00bb produsert av Jacob Young.<\/p>\n<h4>Releasekonsert: 13.februar &#8211; Uh\u00f8rt, Oslo<\/h4>\n<\/p>\n<p><\/p>","protected":false},"excerpt":{"rendered":"<p>Dette er ikke hip-hop, det er ikke tradisjonell visesang \u2013 det er noe midt i mellom. S\u00e5 la oss kalle det viserap.  &#8211; Eivind Sander<\/p>\n","protected":false},"featured_media":27126,"comment_status":"closed","ping_status":"open","template":"","meta":[],"product_brand":[],"product_cat":[6],"product_tag":[],"class_list":{"0":"post-1067","1":"product","2":"type-product","3":"status-publish","4":"has-post-thumbnail","6":"product_cat-grappa","7":"product_shipping_class-cddvd-shipping","8":"uni_artist_tag-anne-wik-larssen","9":"uni_artist_tag-bjorn-einar-hanstveit","10":"uni_artist_tag-christian-tim-petterson","11":"uni_artist_tag-douglas-gibb","12":"uni_artist_tag-eivind-sander","13":"uni_artist_tag-hamlet-pedersen","14":"uni_artist_tag-kenya-emil","15":"uni_artist_tag-knut-reiersrud","16":"uni_artist_tag-maria-mohn","17":"uni_artist_tag-olav-erik-johansen","18":"uni_artist_tag-ralph-johnson","19":"uni_artist_tag-reza-aghamir","20":"uni_artist_tag-samuel-pottle","21":"uni_artist_tag-torbjorn-alsos-raae","22":"uni_artist_tag-trond-kjelsas","23":"uni_main_artist_tag-eivind-sander","24":"uni_artist_genre-norwegian","25":"uni_artist_genre-pop","26":"uni_artist_genre-rap","27":"uni_artist_genre-singersongwriter","29":"first","30":"instock","31":"taxable","32":"shipping-taxable","33":"purchasable","34":"product-type-simple"},"_links":{"self":[{"href":"https:\/\/grappa.no\/no\/wp-json\/wp\/v2\/product\/1067","targetHints":{"allow":["GET"]}}],"collection":[{"href":"https:\/\/grappa.no\/no\/wp-json\/wp\/v2\/product"}],"about":[{"href":"https:\/\/grappa.no\/no\/wp-json\/wp\/v2\/types\/product"}],"replies":[{"embeddable":true,"href":"https:\/\/grappa.no\/no\/wp-json\/wp\/v2\/comments?post=1067"}],"wp:featuredmedia":[{"embeddable":true,"href":"https:\/\/grappa.no\/no\/wp-json\/wp\/v2\/media\/27126"}],"wp:attachment":[{"href":"https:\/\/grappa.no\/no\/wp-json\/wp\/v2\/media?parent=1067"}],"wp:term":[{"taxonomy":"product_brand","embeddable":true,"href":"https:\/\/grappa.no\/no\/wp-json\/wp\/v2\/product_brand?post=1067"},{"taxonomy":"product_cat","embeddable":true,"href":"https:\/\/grappa.no\/no\/wp-json\/wp\/v2\/product_cat?post=1067"},{"taxonomy":"product_tag","embeddable":true,"href":"https:\/\/grappa.no\/no\/wp-json\/wp\/v2\/product_tag?post=1067"}],"curies":[{"name":"wp","href":"https:\/\/api.w.org\/{rel}","templated":true}]}}