{"id":1064,"date":"2011-08-26T00:00:00","date_gmt":"2011-08-25T23:00:00","guid":{"rendered":"http:\/\/www.grappa.no\/albums\/uncategorized\/blackwood\/"},"modified":"2016-10-11T14:02:16","modified_gmt":"2016-10-11T13:02:16","slug":"blackwood","status":"publish","type":"product","link":"https:\/\/grappa.no\/no\/albums\/grappa\/blackwood\/","title":{"rendered":"Blackwood"},"content":{"rendered":"<p><\/p>\n<p>Bj\u00f8rn Berge &#8211; Blackwood<\/p>\n<p>Bj\u00f8rn Berge startet sitt eget bluegrassband p\u00e5 midten av 80-tallet, men har n\u00e5 de siste 15 \u00e5rene v\u00e6rt fullt opptatt med sin solokarriere som gitarist og \u00e5 rendyrke og utforske mulighetene som ligger i det \u00e5 spille 6- og 12-strengs gitar. Han har utgitt 9 album s\u00e5 langt, hvorav 2 av dem har resultert i Spellemannspris og album nr. 10 kommer n\u00e5 i august, med tittelen &quot;Blackwood&quot;. P\u00e5 dette nye albumet har Berge skrevet alle l\u00e5tene selv, utenom to. Musikalsk sett g\u00e5r han litt mer tilbake til r\u00f8ttene og det er en naturlig videref\u00f8ring av hans forrige album &quot;Fretwork&quot; fra 2009.<br \/>\nBj\u00f8rn Berge har spilt gitar og banjo siden han var 13 \u00e5r gammel. Siden den gang har han v\u00e6rt opptatt av \u00e5 spille musikk og har i l\u00f8pet av sin karriere opparbeidet seg et ry for \u00e5 v\u00e6re en gitarist helt i verdenstoppen. Hans \u201dfingerpicking-style\u201d er det ikke mange som gj\u00f8r han etter og hans unike niv\u00e5 har gjort han til en ettertraktet artist p\u00e5 den europeiske arena, foruten konserter i Canada og USA.<\/p>\n<p><!--more--><\/p>\n<p>Bj\u00f8rn Berge har spilt gitar og banjo siden han var 13 \u00e5r gammel. Siden den gang har han v\u00e6rt opptatt av \u00e5 spille musikk og har i l\u00f8pet av sin karriere opparbeidet seg et ry for \u00e5 v\u00e6re en gitarist helt i verdenstoppen.<\/p>\n<h4>Tilbake til r\u00f8ttene<\/h4>\n<p>Han startet sitt eget bluegrassband p\u00e5 midten av 80-tallet, men har n\u00e5 de siste 15 \u00e5rene v\u00e6rt fullt opptatt med sin solokarriere som gitarist og \u00e5 rendyrke og utforske mulighetene som ligger i det \u00e5 spille 6- og 12-strengs gitar. Han har utgitt 9 album s\u00e5 langt, hvorav 2 av dem har resultert i Spellemannspris og album nr. 10 kommer n\u00e5 i august, med tittelen &quot;Blackwood&quot;. P\u00e5 dette nye albumet har Berge skrevet alle l\u00e5tene selv, utenom to. Musikalsk sett g\u00e5r han litt mer tilbake til r\u00f8ttene og det er en naturlig videref\u00f8ring av hans forrige album &quot;Fretwork&quot; fra 2009.<\/p>\n<h4>Arbeidsfelt<\/h4>\n<p>De siste 7-8 \u00e5rene har Bj\u00f8rn Berge gjort hele Europa som sitt arbeidsfelt, noe som inneb\u00e6rer utallige reised\u00f8gn pr. \u00e5r og han bes\u00f8ker jevnlig flere av de store jazz-, blues- og gitarfestivaler rundt omkring. Musikken hans er vanskelig \u00e5 sette i b\u00e5s da han kombinerer flere musikalske sjangere, men i hovedtrekk befinner han seg i folk-\/bluessegmentet ispedd elementer fra bl.a. rock og funk. Han fremf\u00f8rer stort sett eget materiale, men han gj\u00f8r ogs\u00e5 sine egne tolkninger og versjoner av l\u00e5ter fra artister\/band som Red Hot Chili Peppers, John Butler Trio, Joni Mitchell og Motorhead for \u00e5 nevne noen.<\/p>\n<p>Av festivaler som er bes\u00f8kt de siste par \u00e5rene kan nevnes:<br \/>\nRoskilde Festival (DK), Cisco Ottawa Bluesfest (CAN), Versailles Jazzfestival (FR), Nice Guitarfestival (FR), Nuits de la Guitarre, Patrimonio, (FR &#8211; Korsika), Sheperd\u2019s Bush Empire (UK), Arezzo Wave Love Festival (IT), Basel Guitarfestival (CH), Notodden Bluesfestival (NO), Burg Hertzberg Festival (DE)<\/p>\n<h4><\/h4>\n<\/p>\n<p><\/p>","protected":false},"excerpt":{"rendered":"<p>Musikalsk sett g\u00e5r han litt mer tilbake til r\u00f8ttene og det er en naturlig videref\u00f8ring av hans forrige album &quot;Fretwork&quot; fra 2009.<\/p>\n","protected":false},"featured_media":27057,"comment_status":"closed","ping_status":"open","template":"","meta":[],"product_brand":[],"product_cat":[6],"product_tag":[],"class_list":{"0":"post-1064","1":"product","2":"type-product","3":"status-publish","4":"has-post-thumbnail","6":"product_cat-grappa","7":"product_shipping_class-cddvd-shipping","8":"uni_artist_tag-bjorn-berge","9":"uni_artist_tag-john-estes","10":"uni_artist_tag-joni-mitchell","11":"uni_artist_tag-karl-christian-gronhaug","12":"uni_artist_tag-kjetil-ulland","13":"uni_main_artist_tag-bjorn-berge","14":"uni_artist_genre-blues","15":"uni_artist_genre-rhythm-and-blues","16":"uni_artist_genre-rock","18":"first","19":"instock","20":"taxable","21":"shipping-taxable","22":"purchasable","23":"product-type-simple"},"_links":{"self":[{"href":"https:\/\/grappa.no\/no\/wp-json\/wp\/v2\/product\/1064","targetHints":{"allow":["GET"]}}],"collection":[{"href":"https:\/\/grappa.no\/no\/wp-json\/wp\/v2\/product"}],"about":[{"href":"https:\/\/grappa.no\/no\/wp-json\/wp\/v2\/types\/product"}],"replies":[{"embeddable":true,"href":"https:\/\/grappa.no\/no\/wp-json\/wp\/v2\/comments?post=1064"}],"wp:featuredmedia":[{"embeddable":true,"href":"https:\/\/grappa.no\/no\/wp-json\/wp\/v2\/media\/27057"}],"wp:attachment":[{"href":"https:\/\/grappa.no\/no\/wp-json\/wp\/v2\/media?parent=1064"}],"wp:term":[{"taxonomy":"product_brand","embeddable":true,"href":"https:\/\/grappa.no\/no\/wp-json\/wp\/v2\/product_brand?post=1064"},{"taxonomy":"product_cat","embeddable":true,"href":"https:\/\/grappa.no\/no\/wp-json\/wp\/v2\/product_cat?post=1064"},{"taxonomy":"product_tag","embeddable":true,"href":"https:\/\/grappa.no\/no\/wp-json\/wp\/v2\/product_tag?post=1064"}],"curies":[{"name":"wp","href":"https:\/\/api.w.org\/{rel}","templated":true}]}}