{"id":1039,"date":"2014-01-31T00:00:00","date_gmt":"2014-01-30T23:00:00","guid":{"rendered":"http:\/\/www.grappa.no\/albums\/uncategorized\/erlend-viken-trio-frie-toyler\/"},"modified":"2019-07-12T06:26:53","modified_gmt":"2019-07-12T05:26:53","slug":"frie-toyler","status":"publish","type":"product","link":"https:\/\/grappa.no\/no\/albums\/heilo\/frie-toyler\/","title":{"rendered":"Frie t\u00f8yler"},"content":{"rendered":"<p><\/p>\n<p>Samspilt triodebut<\/p>\n<p>Felespilleren Erlend Viken er medlem av Earlybird Stringband, og har vunnet priser for sine plater med Aslak Brimi. Han komponerer musikk til Frikar Dance Company og har bidratt p\u00e5 en rekke plateutgivelser, senest med OnklP &amp; De Fjerne Slektningene og p\u00e5 den dobbelt spellemannsnominerte plata til Erlend Ropstad. I 2012 vant Erlend den h\u00f8ythengende Intro-folk prisen, og i kj\u00f8lvannet av dette dannet han trioen som n\u00e5 platedebuterer.  Med seg har han gitarist Juhani Silvola (tidligere Highasakite og Adj\u00e1gas) og den enest\u00e5ende svenske cellisten Jonas Bleckman. Begrepet \u00abpower trio\u00bb brukes oftest innen rocken, men passer vel s\u00e5 godt her. Flere av l\u00e5tene p\u00e5 plata er inspirert av konkrete hendelser, som postfestivalblues i \u00a8Etterdagen\u00a8, inspirasjon fra hjemfjellene i \u00a8Bl\u00e5bu\u00a8, og desperat jakt etter den gjenglemte \u00a8Kebabfela\u00a8.<\/p>\n<p><!--more--><\/p>\n<h4><\/h4>\n<\/p>\n<h4><\/h4>\n<p><h4><\/h4>\n<\/p>\n<p><\/p>","protected":false},"excerpt":{"rendered":"<p>Begrepet \u00abpower trio\u00bb brukes oftest innen rocken, men passer vel s\u00e5 godt her.<\/p>\n","protected":false},"featured_media":27320,"comment_status":"closed","ping_status":"open","template":"","meta":[],"product_brand":[],"product_cat":[35],"product_tag":[],"class_list":{"0":"post-1039","1":"product","2":"type-product","3":"status-publish","4":"has-post-thumbnail","6":"product_cat-heilo","7":"product_shipping_class-cddvd-shipping","8":"uni_artist_tag-erlend-viken","9":"uni_artist_tag-erlend-viken-trio","10":"uni_artist_tag-joe-larose","11":"uni_artist_tag-jonas-bleckman","12":"uni_artist_tag-juhani-silvola","13":"uni_artist_tag-magnus-stinnerbom","14":"uni_artist_tag-martin-langlie","15":"uni_artist_tag-sjur-viken","16":"uni_artist_tag-trad","17":"uni_main_artist_tag-erlend-viken-trio","18":"uni_artist_genre-folk-music","19":"uni_artist_genre-instrumental","21":"first","22":"instock","23":"taxable","24":"shipping-taxable","25":"purchasable","26":"product-type-simple"},"_links":{"self":[{"href":"https:\/\/grappa.no\/no\/wp-json\/wp\/v2\/product\/1039","targetHints":{"allow":["GET"]}}],"collection":[{"href":"https:\/\/grappa.no\/no\/wp-json\/wp\/v2\/product"}],"about":[{"href":"https:\/\/grappa.no\/no\/wp-json\/wp\/v2\/types\/product"}],"replies":[{"embeddable":true,"href":"https:\/\/grappa.no\/no\/wp-json\/wp\/v2\/comments?post=1039"}],"wp:featuredmedia":[{"embeddable":true,"href":"https:\/\/grappa.no\/no\/wp-json\/wp\/v2\/media\/27320"}],"wp:attachment":[{"href":"https:\/\/grappa.no\/no\/wp-json\/wp\/v2\/media?parent=1039"}],"wp:term":[{"taxonomy":"product_brand","embeddable":true,"href":"https:\/\/grappa.no\/no\/wp-json\/wp\/v2\/product_brand?post=1039"},{"taxonomy":"product_cat","embeddable":true,"href":"https:\/\/grappa.no\/no\/wp-json\/wp\/v2\/product_cat?post=1039"},{"taxonomy":"product_tag","embeddable":true,"href":"https:\/\/grappa.no\/no\/wp-json\/wp\/v2\/product_tag?post=1039"}],"curies":[{"name":"wp","href":"https:\/\/api.w.org\/{rel}","templated":true}]}}