{"id":1037,"date":"2014-11-28T00:00:00","date_gmt":"2014-11-27T23:00:00","guid":{"rendered":"http:\/\/www.grappa.no\/albums\/uncategorized\/tonesvarm-gjennom-35-ar\/"},"modified":"2022-06-03T13:13:58","modified_gmt":"2022-06-03T12:13:58","slug":"tonesvarm-gjennom-35-ar","status":"publish","type":"product","link":"https:\/\/grappa.no\/no\/albums\/heilo\/tonesvarm-gjennom-35-ar\/","title":{"rendered":"Tonesvarm gjennom 35 \u00e5r"},"content":{"rendered":"<p><\/p>\n<p>Kirsten Br\u00e5ten Berg &#8211; Tonesvarm<\/p>\n<p>35 \u00e5r etter Kirsten Br\u00e5ten Berg lanserte sitt f\u00f8rste album, er det tid for \u00e5 utgi en etterlengtet samleplate. Dobbel-CDen best\u00e5r av noen av de mangfoldige musikalske samarbeida til Kirsten gjennom en kvinnesalder. Her blir det servert \u00e9n plate med folkemusikk, og \u00e9n med viser. Arendals-sangeren som er kjent for \u00e5 v\u00e6re en av Norges fremste kvedere, treffer hjerterota til en hel mengde lyttere. Den naturlige kraften og styrken i stemmen til Kirsten skaper en stemning og atmosf\u00e6re som tvinger en til dansegulvet n\u00e5r hun st\u00e5r p\u00e5 scenen. Mer enn noen annen folkesanger har hun kanskje m\u00f8tt lengslene folk har etter \u00e5 kjenne v\u00e5r egen musikk i hjertet.<\/p>\n<p><!--more--><\/p>\n<p>35 \u00e5r etter Kirsten Br\u00e5ten Berg lanserte sitt f\u00f8rste album, er det tid for \u00e5 utgi en etterlengtet samleplate. Dobbel-CDen best\u00e5r av noen av de mangfoldige musikalske samarbeida til Kirsten gjennom en kvinnesalder.<\/p>\n<h4>Teksten fra hjertet<\/h4>\n<p>Her blir det servert \u00e9n plate med folkemusikk, og \u00e9n med viser. Arendals-sangeren som er kjent for \u00e5 v\u00e6re en av Norges fremste kvedere, treffer hjerterota til en hel mengde lyttere. Kirsten mener at tekster alltid har v\u00e6rt sv\u00e6rt viktig for henne \u00e5 formidle som kveder. Det skal ligge s\u00e5 n\u00e6rt talestemmen som mulig, og en m\u00e5 fortelle en tekst fra sitt eget hjerte. Samtidig mener hun at fela har formet henne mye. Hun har kvedet med felespillerne Gunnar Stubseid og Hallvard T. Bj\u00f8rgum i Slinkombas, og arbeidet mye med Annbj\u00f8rg Lien de siste \u00e5rene.<\/p>\n<h4>Drar lytteren inn i sangen<\/h4>\n<p>Den naturlige kraften og styrken i stemmen til Kirsten skaper en stemning og atmosf\u00e6re som tvinger en til dansegulvet n\u00e5r hun st\u00e5r p\u00e5 scenen. Hun drar lytterne inn i sangen, og stemmen hennes har g\u00e5tt til hjertet til mang en lytter. Mer enn noen annen folkesanger har hun kanskje m\u00f8tt lengslene folk har etter \u00e5 kjenne v\u00e5r egen musikk i hjertet.<\/p>\n<h4><\/h4>\n<p><\/p>","protected":false},"excerpt":{"rendered":"<p>Mer enn noen annen folkesanger har Kirsten Br\u00e5ten Berg m\u00f8tt lengslene folk har etter \u00e5 kjenne v\u00e5r egen musikk i hjertet.<\/p>\n","protected":false},"featured_media":27324,"comment_status":"closed","ping_status":"closed","template":"","meta":[],"product_brand":[],"product_cat":[35],"product_tag":[],"class_list":{"0":"post-1037","1":"product","2":"type-product","3":"status-publish","4":"has-post-thumbnail","6":"product_cat-heilo","7":"product_shipping_class-cddvd-shipping","8":"uni_artist_tag-kirsten-braten-berg","9":"uni_main_artist_tag-kirsten-braten-berg","10":"uni_artist_genre-collection","11":"uni_artist_genre-folk-music","12":"uni_artist_genre-norwegian","14":"first","15":"outofstock","16":"taxable","17":"shipping-taxable","18":"purchasable","19":"product-type-simple"},"_links":{"self":[{"href":"https:\/\/grappa.no\/no\/wp-json\/wp\/v2\/product\/1037","targetHints":{"allow":["GET"]}}],"collection":[{"href":"https:\/\/grappa.no\/no\/wp-json\/wp\/v2\/product"}],"about":[{"href":"https:\/\/grappa.no\/no\/wp-json\/wp\/v2\/types\/product"}],"replies":[{"embeddable":true,"href":"https:\/\/grappa.no\/no\/wp-json\/wp\/v2\/comments?post=1037"}],"wp:featuredmedia":[{"embeddable":true,"href":"https:\/\/grappa.no\/no\/wp-json\/wp\/v2\/media\/27324"}],"wp:attachment":[{"href":"https:\/\/grappa.no\/no\/wp-json\/wp\/v2\/media?parent=1037"}],"wp:term":[{"taxonomy":"product_brand","embeddable":true,"href":"https:\/\/grappa.no\/no\/wp-json\/wp\/v2\/product_brand?post=1037"},{"taxonomy":"product_cat","embeddable":true,"href":"https:\/\/grappa.no\/no\/wp-json\/wp\/v2\/product_cat?post=1037"},{"taxonomy":"product_tag","embeddable":true,"href":"https:\/\/grappa.no\/no\/wp-json\/wp\/v2\/product_tag?post=1037"}],"curies":[{"name":"wp","href":"https:\/\/api.w.org\/{rel}","templated":true}]}}