{"id":1035,"date":"2014-10-17T00:00:00","date_gmt":"2014-10-16T23:00:00","guid":{"rendered":"http:\/\/www.grappa.no\/albums\/uncategorized\/sigmund-groven-collection-nr-1-harmonica-hits\/"},"modified":"2016-04-19T19:21:09","modified_gmt":"2016-04-19T18:21:09","slug":"sigmund-groven-collection-nr-1-harmonica-hits","status":"publish","type":"product","link":"https:\/\/grappa.no\/no\/albums\/grappa\/sigmund-groven-collection-nr-1-harmonica-hits\/","title":{"rendered":"Sigmund Groven Collection nr.1 &quot;Harmonica Hits&quot;"},"content":{"rendered":"<p><\/p>\n<p>Beina p\u00e5 bakken og hjertet i kunsten<\/p>\n<p>Sigmund Groven gir ut f\u00f8rste album &#8211; i en serie p\u00e5 tre &#8211; med utvalgte innspillinger fra sin 40 \u00e5r lange karriere som plateartist. Samlingen inneholder ogs\u00e5 nye og tidligere ikke utgitte innspillinger. Harmonica Hits inneholder \u2013 som tittelen tilsier \u2013 flere av Grovens mest kjente sanger. Sigmund Groven har bl\u00e5st stadig nye hemmeligheter ut av munnspillet i snart 50 \u00e5r! Forbl\u00f8ffende trygg i stil og regi, hele veien. <\/p>\n<p>Fra Sigmunds f\u00f8rste LP \u00abS\u00e5 spiller vi harmonica\u00bb (1975) til hans nyeste album har han f\u00e5tt fantastiske kritikker og en fanskare verden rundt. Nesten like lenge som han har reist rundt og formidlet sin musikk har han ogs\u00e5 komponert musikk som tilf\u00f8rer genuin stemning til de norske \u00e5rstidene. Hver eneste m\u00e5ned korresponderer aldeles perfekt med \u00e9n eller flere melodier signert Sigmund Groven. Andre l\u00e5ter bobler av mer urbane riff, for eksempel n\u00e5r munnspillet presenterer sine lysbilder av juli-ettermiddag i storbyen &#8211; ved et bord i en tiltalende bistro. Det kan formidle karnevalsl\u00f8yer i en l\u00e5t s\u00e5 friskt og fyrrig arrangert at den ble en hit. Grovens munnspill gir tone til s\u00e5 mange steder. Norges munnspill-bauta har beina p\u00e5 bakken og hjertet i kunsten \u2013 og det vil b\u00e5de nye og gamle lyttere f\u00e5 oppleve med denne samlingen.<\/p>\n<p><!--more--><\/p>\n<p>Sigmund Groven gir ut f\u00f8rste album &#8211; i en serie p\u00e5 tre &#8211; med utvalgte innspillinger fra sin 40 \u00e5r lange karriere som plateartist. Samlingen inneholder ogs\u00e5 nye og tidligere ikke utgitte innspillinger. Harmonica Hits inneholder \u2013 som tittelen tilsier \u2013 flere av Grovens mest kjente sanger. Sigmund Groven har bl\u00e5st stadig nye hemmeligheter ut av munnspillet i snart 50 \u00e5r! Forbl\u00f8ffende trygg i stil og regi, hele veien.<\/p>\n<h4>Viktig musikalsk ambassad\u00f8r<\/h4>\n<p>Fra Sigmunds f\u00f8rste LP \u00abS\u00e5 spiller vi harmonica\u00bb (1975) til hans nyeste album har han f\u00e5tt fantastiske kritikker og en fanskare verden rundt. I Europa har han v\u00e6rt p\u00e5 turn\u00e9 med det engelske Academy of St. Martin in the Fields og Rotterdam Filharmoniske Orkester. I Asia har han hatt turn\u00e9er i Japan med egne konserter i Casals Hall i Tokyo og Kyoto Konserhus, samt at S\u00f8r-Koreas st\u00f8rste TV-kanal laget et lengre program om hans musikk. Spesielt i Asia er Groven popul\u00e6r. \u00abHamOrgan\u00bb innspilt sammen med organisten Iver Kleive i Blu-ray Surround-lyd, ble i 2012 tildelt prisen for \u00abBest Recording\u00bb ved Guangzhou Music Awards i Kina.<\/p>\n<h4>Poesi uten ord<\/h4>\n<p>Nesten like lenge som han har reist rundt og formidlet sin musikk har han ogs\u00e5 komponert musikk som tilf\u00f8rer genuin stemning til de norske \u00e5rstidene. Hver eneste m\u00e5ned korresponderer aldeles perfekt med \u00e9n eller flere melodier signert Sigmund Groven. Andre l\u00e5ter bobler av mer urbane riff, for eksempel n\u00e5r munnspillet presenterer sine lysbilder av juli-ettermiddag i storbyen &#8211; ved et bord i en tiltalende bistro. Han kan formidle karnevalsl\u00f8yer i en l\u00e5t s\u00e5 friskt og fyrrig arrangert at den ble en hit. Grovens munnspill gir tone til s\u00e5 mange steder. Norges munnspill-bauta har beina p\u00e5 bakken og hjertet i kunsten \u2013 og det vil b\u00e5de nye og gamle lyttere f\u00e5 oppleve med denne samlingen.<\/p>\n<h4><\/h4>\n<\/p>\n<p><\/p>","protected":false},"excerpt":{"rendered":"<p>\u00abSigmund Groven utnytter til fulle munnspillets store spennvidde og klanglige muligheter. Han framst\u00e5r i dag uten tvil som en av de fineste munnspillut\u00f8verene i verden.\u00bb &#8211; Sir George Martin, produsent for The Beatles<\/p>\n","protected":false},"featured_media":27123,"comment_status":"closed","ping_status":"open","template":"","meta":[],"product_brand":[],"product_cat":[6],"product_tag":[],"class_list":{"0":"post-1035","1":"product","2":"type-product","3":"status-publish","4":"has-post-thumbnail","6":"product_cat-grappa","7":"product_shipping_class-cddvd-shipping","8":"uni_artist_tag-anne-vada","9":"uni_artist_tag-arne-peter-rognan","10":"uni_artist_tag-arve-tellefsen","11":"uni_artist_tag-bent-aserud","12":"uni_artist_tag-bent-fabricius-bjerre","13":"uni_artist_tag-bjorn-kjellemyr","14":"uni_artist_tag-bjorn-ole-rasch","15":"uni_artist_tag-bob-telson","16":"uni_artist_tag-cole-porter","17":"uni_artist_tag-donald-phillips","18":"uni_artist_tag-e-y-harburg","19":"uni_artist_tag-erik-amundsen","20":"uni_artist_tag-erik-bye","21":"uni_artist_tag-espen-rud","22":"uni_artist_tag-frode-alnaes","23":"uni_artist_tag-geir-bohren","24":"uni_artist_tag-george-gershwin","25":"uni_artist_tag-harold-arlen","26":"uni_artist_tag-helge-iberg","27":"uni_artist_tag-henning-sommerro","28":"uni_artist_tag-ivar-anton-waagaard","29":"uni_artist_tag-iver-kleive","30":"uni_artist_tag-jan-berger","31":"uni_artist_tag-john-lennon","32":"uni_artist_tag-john-wilson","33":"uni_artist_tag-ketil-bjornstad","34":"uni_artist_tag-kjell-larsen","35":"uni_artist_tag-kjetil-bjerkestrand","36":"uni_artist_tag-krusekvartetten","37":"uni_artist_tag-munich-studio-strings","38":"uni_artist_tag-nils-petter-nyren","39":"uni_artist_tag-norwegian-radio-orchestra","40":"uni_artist_tag-ole-edvard-antonsen","41":"uni_artist_tag-pal-thowsen","42":"uni_artist_tag-paul-mccartney","43":"uni_artist_tag-pete-knutsen","44":"uni_artist_tag-petter-brambani","45":"uni_artist_tag-rainbow-filmharmonic-orchestra","46":"uni_artist_tag-sigmund-groven","47":"uni_artist_tag-sigurd-jansen","48":"uni_artist_tag-steinar-larsen","49":"uni_artist_tag-steinar-ofsdal","50":"uni_artist_tag-svein-christiansen","51":"uni_artist_tag-svein-erik-borja","52":"uni_artist_tag-sveinung-hovensjo","53":"uni_artist_tag-terje-venaas","54":"uni_artist_tag-tommy-reilly","55":"uni_artist_tag-tor-hauge","56":"uni_artist_tag-willy-andresen","57":"uni_main_artist_tag-sigmund-groven","58":"uni_artist_genre-folk-music","59":"uni_artist_genre-instrumental","60":"uni_artist_genre-pop","61":"uni_artist_genre-traditional","62":"uni_artist_genre-world-music","64":"first","65":"instock","66":"taxable","67":"shipping-taxable","68":"purchasable","69":"product-type-simple"},"_links":{"self":[{"href":"https:\/\/grappa.no\/no\/wp-json\/wp\/v2\/product\/1035","targetHints":{"allow":["GET"]}}],"collection":[{"href":"https:\/\/grappa.no\/no\/wp-json\/wp\/v2\/product"}],"about":[{"href":"https:\/\/grappa.no\/no\/wp-json\/wp\/v2\/types\/product"}],"replies":[{"embeddable":true,"href":"https:\/\/grappa.no\/no\/wp-json\/wp\/v2\/comments?post=1035"}],"wp:featuredmedia":[{"embeddable":true,"href":"https:\/\/grappa.no\/no\/wp-json\/wp\/v2\/media\/27123"}],"wp:attachment":[{"href":"https:\/\/grappa.no\/no\/wp-json\/wp\/v2\/media?parent=1035"}],"wp:term":[{"taxonomy":"product_brand","embeddable":true,"href":"https:\/\/grappa.no\/no\/wp-json\/wp\/v2\/product_brand?post=1035"},{"taxonomy":"product_cat","embeddable":true,"href":"https:\/\/grappa.no\/no\/wp-json\/wp\/v2\/product_cat?post=1035"},{"taxonomy":"product_tag","embeddable":true,"href":"https:\/\/grappa.no\/no\/wp-json\/wp\/v2\/product_tag?post=1035"}],"curies":[{"name":"wp","href":"https:\/\/api.w.org\/{rel}","templated":true}]}}