{"id":1033,"date":"2015-08-21T00:00:00","date_gmt":"2015-08-20T23:00:00","guid":{"rendered":"http:\/\/www.grappa.no\/albums\/uncategorized\/tung-orn-flyr-lavt-best-of-busk\/"},"modified":"2016-11-18T16:39:24","modified_gmt":"2016-11-18T15:39:24","slug":"tung-orn-flyr-lavt-best-of-busk","status":"publish","type":"product","link":"https:\/\/grappa.no\/no\/albums\/blue-mood-records\/tung-orn-flyr-lavt-best-of-busk\/","title":{"rendered":"Tung \u00d8rn Flyr Lavt \u2013 Best of Busk"},"content":{"rendered":"<p><\/p>\n<p>Samleplate fra Vidar Busk.<\/p>\n<p>Etter en lang og innholdsrik karriere har Vidar Busk n\u00e5 samlet noen av sine beste innspillinger til en \u00abbest of\u00bb samleplate. <\/p>\n<p>Vidar Busk har siden platedebuten i 1997 utmerket seg som en av v\u00e5re fremste gitarister. Foruten \u00e5 ha levert en rekke utgivelser som har oppn\u00e5dd klassikerstatus, h\u00f8ye listeplasseringer og h\u00f8ye salgstall, er Busk kjent som en viktig p\u00e5driver i utbredelsen av bluesmusikken her i landet. <\/p>\n<p>Vidar har beveget seg gjennom musikalske landskap som blues\/rockabilly (hans f\u00f8rste album) og til sin kritikkerroste triologi \u00abVenus Texas\u00bb (2001), Lovebuzz (2003) og Starfish (2006), basert p\u00e5 en varm blueset, soulfull poplyd. Sammen Kid Andersen og Junior Watson, gav han ut albumet \u00abGuitarmageddon\u00bb (2005) og \u00abJookbox Charade\u00bb ble innspilt med The Voo Dooz i 2007. Begge platene ble m\u00f8tt med stor entusiasme og gode kritikker. I 2011 relanserte Vidar Busk &amp; His True Believers albumet \u00abStompin&#8217; Our Feet With Joy\u00bb og samme \u00e5r gav han ogs\u00e5 ut albumet \u00abTroublecaster\u00bb med prosjektet Vidar Busk &amp; His Bubble of Trouble.<\/p>\n<p><!--more--><\/p>\n<p>Etter en lang og innholdsrik karriere har Vidar Busk n\u00e5 samlet noen av sine beste innspillinger til en \u00abbest of\u00bb samleplate.<\/p>\n<h4>Musikalske landskap<\/h4>\n<p>Vidar har beveget seg gjennom musikalske landskap som blues\/rockabilly (hans f\u00f8rste album) og til sin kritikkerroste triologi \u00abVenus Texas\u00bb (2001), Lovebuzz (2003) og Starfish (2006), basert p\u00e5 en varm blueset, soulfull poplyd. Sammen Kid Andersen og Junior Watson, gav han ut albumet \u00abGuitarmageddon\u00bb (2005) og \u00abJookbox Charade\u00bb ble innspilt med The Voo Dooz i 2007. Begge platene ble m\u00f8tt med stor entusiasme og gode kritikker. I 2011 relanserte Vidar Busk &amp; His True Believers albumet \u00abStompin&#8217; Our Feet With Joy\u00bb og samme \u00e5r gav han ogs\u00e5 ut albumet \u00abTroublecaster\u00bb med prosjektet Vidar Busk &amp; His Bubble of Trouble.<\/p>\n<h4>Biografi<\/h4>\n<p>I tillegg til \u00e5 gi ut samleplaten &quot;Tung \u00d8rn Flyr Lavt&quot;, har ogs\u00e5 Vidar i august 2015 kommet med sin biografi. &quot;Balladen om Vidar Busk&quot; utgis av Aschehoug og er skrevet av Erik Holien. Aschehoug beskriver boken slik: <\/p>\n<p>&quot;Balladen om Vidar Busk&quot; er en underholdende og faglig fundert bok om de ulike bluessjangerne og om betydningsfulle gitarister &#8211; s\u00e6rlig innenfor den amerikanske musikerkulturen og historien. &quot;Balladen om Vidar Busk&quot; handler ogs\u00e5 om mennesket Vidar Busk, og om omkostningene av et kompromissl\u00f8st rock&#8217;n&#8217;roll-liv. Boka er kanskje det n\u00e6rmeste vi kommer internasjonale biografier om rockelegender som Johnny Cash, Keith Richards og Jimi Hendrix. Du trenger med andre ord ikke v\u00e6re gitarnerd eller bluesentusiast for \u00e5 la deg forf\u00f8re.<\/p>\n<h4><\/h4>\n<\/p>\n<p><\/p>","protected":false},"excerpt":{"rendered":"<p>Etter en lang og innholdsrik karriere har Vidar Busk n\u00e5 samlet noen av sine beste innspillinger til en \u00abbest of\u00bb samleplate.<\/p>\n","protected":false},"featured_media":26892,"comment_status":"closed","ping_status":"open","template":"","meta":[],"product_brand":[],"product_cat":[51],"product_tag":[],"class_list":{"0":"post-1033","1":"product","2":"type-product","3":"status-publish","4":"has-post-thumbnail","6":"product_cat-blue-mood-records","7":"product_shipping_class-cddvd-shipping","8":"uni_artist_tag-a-duhlin-olsen","9":"uni_artist_tag-alexander-pettersen","10":"uni_artist_tag-alexis-blackmore","11":"uni_artist_tag-ambrosia-parsley","12":"uni_artist_tag-anders-engen","13":"uni_artist_tag-andre-orvik","14":"uni_artist_tag-arne-fjeld-rasmussen","15":"uni_artist_tag-atle-sponberg","16":"uni_artist_tag-audun-erlien","17":"uni_artist_tag-bernhard-seland","18":"uni_artist_tag-bjorn-holm","19":"uni_artist_tag-c-willis","20":"uni_artist_tag-carsten-loly","21":"uni_artist_tag-catherine-bullock","22":"uni_artist_tag-christine-e-gjesme","23":"uni_artist_tag-dag-yri","24":"uni_artist_tag-daniel-dalnoki","25":"uni_artist_tag-daniel-rosmo","26":"uni_artist_tag-david-brian-gonzalez","27":"uni_artist_tag-david-c-york","28":"uni_artist_tag-dimitri-tiomkin","29":"uni_artist_tag-duke-mcvinnie","30":"uni_artist_tag-eileen-siegel","31":"uni_artist_tag-eileen-siegl","32":"uni_artist_tag-eric-malling","33":"uni_artist_tag-erlend-gjerde","34":"uni_artist_tag-frankie-lee-sems","35":"uni_artist_tag-geir-lysne","36":"uni_artist_tag-hamlet-pedersen","37":"uni_artist_tag-hans-josef-groh","38":"uni_artist_tag-harald-aadland","39":"uni_artist_tag-hilde-marstrander","40":"uni_artist_tag-ingvild-hammer","41":"uni_artist_tag-jan-unneberg","42":"uni_artist_tag-johnny-augland","43":"uni_artist_tag-jon-gjesme","44":"uni_artist_tag-jon-wien-sonstebo","45":"uni_artist_tag-jorgen-gjerde","46":"uni_artist_tag-jorn-christensen","47":"uni_artist_tag-jorn-halbakken","48":"uni_artist_tag-junior-watson","49":"uni_artist_tag-marlena-shaw","50":"uni_artist_tag-martin-windstad","51":"uni_artist_tag-mikko-lampila","52":"uni_artist_tag-ned-washington","53":"uni_artist_tag-ole-evensen","54":"uni_artist_tag-oyvind-fossheim","55":"uni_artist_tag-petter-baarli","56":"uni_artist_tag-r-c-finnigan","57":"uni_artist_tag-richard-evans","58":"uni_artist_tag-robert-miller","59":"uni_artist_tag-ronny-sveen","60":"uni_artist_tag-rune-endal","61":"uni_artist_tag-sigurd-kohn","62":"uni_artist_tag-silje-yri","63":"uni_artist_tag-solve-sigerland","64":"uni_artist_tag-stig-ove-ose","65":"uni_artist_tag-the-extraordinaires","66":"uni_artist_tag-thomas-cahill-holand","67":"uni_artist_tag-tine-agotnes","68":"uni_artist_tag-tor-r-henriksen","69":"uni_artist_tag-trond-augland","70":"uni_artist_tag-vegard-johnsen","71":"uni_artist_tag-vidar-busk","72":"uni_main_artist_tag-vidar-busk","73":"uni_artist_genre-blues","74":"uni_artist_genre-collection","75":"uni_artist_genre-pop","76":"uni_artist_genre-rockabilly","78":"first","79":"instock","80":"taxable","81":"shipping-taxable","82":"purchasable","83":"product-type-simple"},"_links":{"self":[{"href":"https:\/\/grappa.no\/no\/wp-json\/wp\/v2\/product\/1033","targetHints":{"allow":["GET"]}}],"collection":[{"href":"https:\/\/grappa.no\/no\/wp-json\/wp\/v2\/product"}],"about":[{"href":"https:\/\/grappa.no\/no\/wp-json\/wp\/v2\/types\/product"}],"replies":[{"embeddable":true,"href":"https:\/\/grappa.no\/no\/wp-json\/wp\/v2\/comments?post=1033"}],"wp:featuredmedia":[{"embeddable":true,"href":"https:\/\/grappa.no\/no\/wp-json\/wp\/v2\/media\/26892"}],"wp:attachment":[{"href":"https:\/\/grappa.no\/no\/wp-json\/wp\/v2\/media?parent=1033"}],"wp:term":[{"taxonomy":"product_brand","embeddable":true,"href":"https:\/\/grappa.no\/no\/wp-json\/wp\/v2\/product_brand?post=1033"},{"taxonomy":"product_cat","embeddable":true,"href":"https:\/\/grappa.no\/no\/wp-json\/wp\/v2\/product_cat?post=1033"},{"taxonomy":"product_tag","embeddable":true,"href":"https:\/\/grappa.no\/no\/wp-json\/wp\/v2\/product_tag?post=1033"}],"curies":[{"name":"wp","href":"https:\/\/api.w.org\/{rel}","templated":true}]}}