{"id":1030,"date":"2014-08-29T00:00:00","date_gmt":"2014-08-28T23:00:00","guid":{"rendered":"http:\/\/www.grappa.no\/albums\/uncategorized\/spor\/"},"modified":"2016-04-19T19:21:04","modified_gmt":"2016-04-19T18:21:04","slug":"spor","status":"publish","type":"product","link":"https:\/\/grappa.no\/no\/albums\/heilo\/spor\/","title":{"rendered":"Spor"},"content":{"rendered":"<p><\/p>\n<p>Dobbel-CD fra Stubseid og M\u00f6ller<\/p>\n<p>\u00abSpor\u00bb er en etterlengtet dobbel-CD som best\u00e5r av de to kritikerroste albumene \u00abRamesl\u00e5tten\u00bb og \u00abReisaren\u00bb. Gunnar Stubseid og Ale M\u00f6ller m\u00f8ttes for f\u00f8rste gang i 1986, hvor den f\u00f8rste Falun Folkemusikk Festival ble arrangert. Dette m\u00f8tet var starten p\u00e5 et livslangt vennskap og et fantastisk spennende musikalsk samarbeid. Kombinasjonen mellom mandolaen til M\u00f6ller smeltet sammen med hardingfela, fikk fram egenarten i musikken til Stubseid som spillemann. Dette samspillet skapte en helt ny dimensjon.<\/p>\n<p><!--more--><\/p>\n<p>\u00abSpor\u00bb er en etterlengtet dobbel-CD som best\u00e5r av de to kritikerroste albumene \u00abRamesl\u00e5tten\u00bb og \u00abReisaren\u00bb.<\/p>\n<h4>Ramesl\u00e5tten<\/h4>\n<p>Bare ett \u00e5r etter m\u00f8tet mellom duoen, gav de ut LP-platen \u00abRamesl\u00e5tten\u00bb, med Kirsten Br\u00e5ten Berg som gjesteartist. P\u00e5 plata ble det presentert sl\u00e5tter og stev fra Setesdal, spilt p\u00e5 hardingfele og det som tidligere ble kalt bosoki. Denne plata oppn\u00e5dde stor oppmerksomhet grunnet en produksjon som representerte noe helt nytt p\u00e5 samspillfronten, og gav en h\u00f8y kunstnerlig kvalitet. \u00abRamesl\u00e5tten\u00bb ble nominert til Spellemannprisen i Folkemusikksjangeren dette \u00e5ret.<\/p>\n<h4>\u00abReisaren\u00bb<\/h4>\n<p>I 1997 gav de ut CD-en \u00abReisaren\u00bb, som kan betraktes som en videref\u00f8ring av samspillprosjektet. Kirsten Br\u00e5ten Berg er gjesteartist p\u00e5 denne utgivelsen ogs\u00e5. Instrumentet som tidligere het Bosoki hadde n\u00e5 f\u00e5tt navnet mandola, som gjennom pionerarbeidet til M\u00f6ller har blitt et akseptert folkemusikkinstrument i Sverige. Denne plata ble ogs\u00e5 nominert til spellemannprisen.       <\/p>\n<p>Duoen som fremdeles har konserter sammen og stadig utvider repertoaret, er n\u00e5 klare for \u00e5 gi ut \u00abSpor\u00bb, som inneholder de to fantastiske platene som ikke er tilgjengelige i dag. Det er derfor p\u00e5 sin plass \u00e5 utgi en etterlengtet dobbel-CD fylt med spennende og inspirerende musikalitet.<\/p>\n<h4><\/h4>\n<\/p>\n<p><\/p>","protected":false},"excerpt":{"rendered":"<p>Kombinasjonen mellom mandolaen til M\u00f6ller smeltet sammen med hardingfela, fikk fram egenarten i musikken til Stubseid som spillemann. Dette samspillet skapte en helt ny dimensjon.<\/p>\n","protected":false},"featured_media":27323,"comment_status":"closed","ping_status":"open","template":"","meta":[],"product_brand":[],"product_cat":[35],"product_tag":[],"class_list":{"0":"post-1030","1":"product","2":"type-product","3":"status-publish","4":"has-post-thumbnail","6":"product_cat-heilo","7":"product_shipping_class-cddvd-shipping","8":"uni_artist_tag-ale-moller","9":"uni_artist_tag-gunnar-stubseid","10":"uni_artist_tag-hallvard-kvale","11":"uni_artist_tag-jens-graasvoll","12":"uni_artist_tag-trad","13":"uni_main_artist_tag-ale-moller","14":"uni_artist_genre-folk-music","15":"uni_artist_genre-traditional","17":"first","18":"instock","19":"taxable","20":"shipping-taxable","21":"purchasable","22":"product-type-simple"},"_links":{"self":[{"href":"https:\/\/grappa.no\/no\/wp-json\/wp\/v2\/product\/1030","targetHints":{"allow":["GET"]}}],"collection":[{"href":"https:\/\/grappa.no\/no\/wp-json\/wp\/v2\/product"}],"about":[{"href":"https:\/\/grappa.no\/no\/wp-json\/wp\/v2\/types\/product"}],"replies":[{"embeddable":true,"href":"https:\/\/grappa.no\/no\/wp-json\/wp\/v2\/comments?post=1030"}],"wp:featuredmedia":[{"embeddable":true,"href":"https:\/\/grappa.no\/no\/wp-json\/wp\/v2\/media\/27323"}],"wp:attachment":[{"href":"https:\/\/grappa.no\/no\/wp-json\/wp\/v2\/media?parent=1030"}],"wp:term":[{"taxonomy":"product_brand","embeddable":true,"href":"https:\/\/grappa.no\/no\/wp-json\/wp\/v2\/product_brand?post=1030"},{"taxonomy":"product_cat","embeddable":true,"href":"https:\/\/grappa.no\/no\/wp-json\/wp\/v2\/product_cat?post=1030"},{"taxonomy":"product_tag","embeddable":true,"href":"https:\/\/grappa.no\/no\/wp-json\/wp\/v2\/product_tag?post=1030"}],"curies":[{"name":"wp","href":"https:\/\/api.w.org\/{rel}","templated":true}]}}