{"id":1029,"date":"2014-03-14T00:00:00","date_gmt":"2014-03-13T23:00:00","guid":{"rendered":"http:\/\/www.grappa.no\/albums\/uncategorized\/mitt-hjerte-er-ditt-en-hyllest-til-alf-proysen\/"},"modified":"2016-08-16T09:37:52","modified_gmt":"2016-08-16T08:37:52","slug":"mitt-hjerte-er-ditt-en-hyllest-til-alf-proysen","status":"publish","type":"product","link":"https:\/\/grappa.no\/no\/albums\/grappa\/mitt-hjerte-er-ditt-en-hyllest-til-alf-proysen\/","title":{"rendered":"Mitt hjerte er ditt &#8211; en hyllest til Alf Pr\u00f8ysen"},"content":{"rendered":"<p><\/p>\n<p>En hyllest til Alf Pr\u00f8ysen<\/p>\n<p>Det er slik det skal v\u00e6re n\u00e5r hundre\u00e5rs\u00e5ret for Alf Pr\u00f8ysens f\u00f8dsel blir markert: Det er kanskje ingen som egner seg bedre enn Maj Britt Andersen til \u00e5 hylle mesteren. Det til tross for at de to aldri m\u00f8tte hverandre og at Maj Britt kommer fra feil sie ta Mj\u00f8sa! S\u00e5 langt i Maj Britts karriere har det blitt tre cder basert p\u00e5 Pr\u00f8ysens skatter.; \u00abKj\u00e6rtegn\u00bb (1992), \u00abD\u00f8rstokken heme\u00bb (2004) og \u00abOnger er rare\u00bb (2006), og i anledning 100-\u00e5rsjubileet samles disse tre albumene n\u00e5 i en ny innpakning.<\/p>\n<p>Maj Britt, f\u00f8dt p\u00e5 \u00d8stre Toten 14 \u00e5r f\u00f8r Pr\u00f8ysen gikk bort, har hatt et tett og n\u00e6rt forhold til Pr\u00f8ysen helt siden hun var bitte liten. Fra hun h\u00f8rte stemma hans p\u00e5 Barnetimen for de minste p\u00e5 \u00abSparegrisen\u00bb og etter fjernsynets innmarsj p\u00e5 Toten p\u00e5 60-tallett. Gjennom de mange ti\u00e5ra og de mange hundre Pr\u00f8ysen-forestillingene Maj Britt har gjort for b\u00e5de barn og voksne, skj\u00f8nte hun at sangsskatten til Pr\u00f8yse var i ferd med \u00e5 forsvinne. Veldig mange av de minste kjente ikke til de aller mest kjente Pr\u00f8ysen-sangene, og det har Maj Britt brukt mye av karriera si til \u00e5 gj\u00f8re noe med.<\/p>\n<p>Maj Britt kommer fra Skreia i Oppland &#8211; visstnok veldig langt unna Ringsaker i Hedmark. Men n\u00e5r det gjelder Alf Pr\u00f8ysen og alle oss andre i dette langstrakte landet, s\u00e5 er det ikke slik. Han er en del av oss uansett hvor vi kommer fra og det har Maj Britt Andersen v\u00e6rt med p\u00e5 \u00e5 formidle i flere ti\u00e5r og det har hun heldigvis tenkt \u00e5 fortsette med.<\/p>\n<p><!--more--><\/p>\n<p>En hyllest til Alf Pr\u00f8ysen<\/p>\n<h4>Arven etter Pr\u00f8ysen<\/h4>\n<p>2014 er og blir et spesielt \u00e5r i Norges-historia. Det er 200 \u00e5r siden Norge fikk sin egen grunnlov og gikk fra \u00e5 v\u00e6re en del av den dansk-norske &quot;helstat&quot; til en union med Sverige. I den unionen fikk Norge status som egen stat, men hadde felles konge med Sverige. Resten er som det heter &#8211; historie. <\/p>\n<p>Hundre \u00e5r seinere, p\u00e5 Rudsh\u00f8gda i Ringsaker, n\u00e6rmere bestemt den 23. juli 1914, skjedde det noe som ogs\u00e5 skulle vise seg \u00e5 f\u00e5 historiske konsekvenser &#8211; Alf Pr\u00f8ysen blei f\u00f8dt. Forfatteren og visedikteren skulle, fram til han la ned penna for godt og stemma stilna den 23. november 1970, sette et preg p\u00e5 oss alle som ikke kan sammenliknes med noen andres. Ogs\u00e5 etter hans bortgang, og for stadig nye generasjoner, har Alf Pr\u00f8ysen og hans diktning betydd enormt mye og Maj Britt har v\u00e6rt og er en viktig videreformidler av arva etter Pr\u00f8ysen.<\/p>\n<h4>Pr\u00f8ysens univers<\/h4>\n<p>Maj Britt, f\u00f8dt p\u00e5 \u00d8stre Toten 14 \u00e5r f\u00f8r Pr\u00f8ysen gikk bort, har hatt et tett og n\u00e6rt forhold til Pr\u00f8ysen  helt siden hun var bitte liten. Fra hun h\u00f8rte stemma hans p\u00e5 Barnetimen for de minste p\u00e5 &quot;Sparegrisen&quot; og etter fjernsynets innmarsj p\u00e5 Toten p\u00e5 60-tallett. Der fikk hun &quot;m\u00f8te&quot; Pr\u00f8ysen og Anne-Cath. Vestly sammen og siden har Pr\u00f8ysens univers v\u00e6rt en viktig del av Maj Britt. Over alt &#8211; hjemme, p\u00e5 skolen, i koret, p\u00e5 radio og p\u00e5 tv &#8211; fantes det biter av Alf Pr\u00f8ysens univers. N\u00e5 er det ikke slik lenger og er det opp til Maj Britt vil hun gjerne bidra til \u00e5 l\u00f8fte fram igjen denne unike skatten til nye generasjoner. Dette er nemlig en del av kulturarva v\u00e5r som vi ikke har r\u00e5d til \u00e5 miste. Veldig mange av de minste kjenner ikke de aller mest kjente Pr\u00f8ysen-sangene, og det har Maj Britt brukt mye av karriera si til \u00e5 gj\u00f8re noe med.<\/p>\n<p>Helt siden Maj Britt debuterte som skuespiller p\u00e5 Det Norske Teatret i 1988 i suksessforestillinga &quot;S\u00e5 seile vi p\u00e5 Mj\u00f8sa&quot;, har hun v\u00e6rt en Pr\u00f8ysen-ambassad\u00f8r. Der blei hun kjent med Pr\u00f8ysen igjen som voksen og nysgjerrigheten blei vekka p\u00e5 nytt.<\/p>\n<h4>Trilogi med Maj Britts Pr\u00f8ysen-tolkninger<\/h4>\n<p>S\u00e5 langt i Maj Britts karriere har det blitt tre plater eller cder basert p\u00e5 Pr\u00f8ysens skatter. F\u00f8rst kom &amp;quot;Kj\u00e6rtegn&amp;quot; i 1992. Maj Britt hadde funnet &amp;quot;ukjente&amp;quot; Pr\u00f8ysen-tekster i &amp;quot;Pr\u00f8ysens samlede verker&amp;quot; p\u00e5 biblioteket og Geir Holmsen hadde skrevet melodier til dem, men f\u00f8r Maj Britt turte \u00e5 gi det ut satte hun seg p\u00e5 toget til Nittedal, aldri s\u00e5 lite nerv\u00f8s. Hun ville nemlig h\u00f8re hva Else Pr\u00f8ysen, enka etter Alf, syntes om det de hadde gjort. Else likte det og mente at det ville Alf gjort ogs\u00e5! Geir hadde funnet tonen i tekstene &#8211; det vemodige, det s\u00e5re, men samtidg det humoristiske og &amp;quot;Kj\u00e6rtegn&amp;quot; gikk sin seiersgang landet rundt.<\/p>\n<p>I 2013 var Maj Britt p\u00e5 Pr\u00f8ysenfestivalen med familieorkesteret med dattera Daniela og mannen Geir &#8211; p\u00e5 sj\u00f8lveste Pr\u00f8ysenstua p\u00e5 Ringsaker. Der kom de aller mest ihuga Pr\u00f8ysen-tilhengerne bort og lurte p\u00e5 hvor det var mulig \u00e5 f\u00e5 tak i platene. Med denne samlinga er det alts\u00e5 mulig \u00e5 f\u00e5 h\u00f8re alle de tre utgivelsene samla for f\u00f8rste gang. Denne trilogien med Maj Britts Pr\u00f8ysen-tolkninger markerer nok et jubileum &#8211; dette er nemlig hennes cd nummer 20 totalt.<\/p>\n<p>To sv\u00e6rt viktige hendelser for Norge og nordmenn markeres i 2014. Vi roper like godt hurra for b\u00e5de Norge og Alf Pr\u00f8ysen.<\/p>\n<p>Tor Hammer\u00f8 &#8211; januar 2014<\/p>\n<p>For intervjuavtaler, sp\u00f8rsm\u00e5l, bilder eller ytterligere informasjon, kontakt:<br \/>\nAtle B\u00f8ckmann, 91538717 \/ 22201899, atle@indianer.nu<br \/>\nGlenn Larsen, 95036062 \/ 22201899, glenn@indianer.nu<\/p>\n<p><\/p>","protected":false},"excerpt":{"rendered":"<p>Det er kanskje ingen som egner seg bedre enn Maj Britt Andersen til \u00e5 hylle mesteren Alf Pr\u00f8ysen.<\/p>\n","protected":false},"featured_media":27119,"comment_status":"closed","ping_status":"open","template":"","meta":[],"product_brand":[],"product_cat":[6],"product_tag":[],"class_list":{"0":"post-1029","1":"product","2":"type-product","3":"status-publish","4":"has-post-thumbnail","6":"product_cat-grappa","7":"product_shipping_class-cddvd-shipping","8":"uni_artist_tag-alfred-janson","9":"uni_artist_tag-arild-solum","10":"uni_artist_tag-arild-stav","11":"uni_artist_tag-arne-i-oian","12":"uni_artist_tag-arthur-hogstedt","13":"uni_artist_tag-berit-vaernes-cardas","14":"uni_artist_tag-bjarne-amdahl","15":"uni_artist_tag-bjorn-charles-dreyer","16":"uni_artist_tag-bjorn-kjellemyr","17":"uni_artist_tag-carl-anders-sponberg","18":"uni_artist_tag-chen-huang","19":"uni_artist_tag-egil-monn-iversen","20":"uni_artist_tag-eini-langmoen","21":"uni_artist_tag-eldar-vagan","22":"uni_artist_tag-elisabeth-sonstevold","23":"uni_artist_tag-emery-cardas","24":"uni_artist_tag-erik-eikeland","25":"uni_artist_tag-finn-ludt","26":"uni_artist_tag-frode-larsen","27":"uni_artist_tag-gaston-rene-wahlberg","28":"uni_artist_tag-geir-holmsen","29":"uni_artist_tag-gjermund-larsen","30":"uni_artist_tag-gjermund-silset","31":"uni_artist_tag-gudmund-sevag","32":"uni_artist_tag-gunhild-hindar","33":"uni_artist_tag-gustav-nilsen","34":"uni_artist_tag-hakon-normann","35":"uni_artist_tag-hans-martin-stensland","36":"uni_artist_tag-henninge-landaas","37":"uni_artist_tag-ivar-anton-waagaard","38":"uni_artist_tag-johan-oian","39":"uni_artist_tag-jon-christensen","40":"uni_artist_tag-jon-krosby","41":"uni_artist_tag-kjell-arne-jorgensen","42":"uni_artist_tag-maj-britt-andersen","43":"uni_artist_tag-natasha-brofsky","44":"uni_artist_tag-neil-macdonald-berge","45":"uni_artist_tag-nora-sissel-skreien","46":"uni_artist_tag-noralf-glein","47":"uni_artist_tag-otto-nielsen","48":"uni_artist_tag-paolo-vinaccia","49":"uni_artist_tag-per-saemund-bjorkum","50":"uni_artist_tag-roger-olstad","51":"uni_artist_tag-runa-berg","52":"uni_artist_tag-steinerskolens-barnekor","53":"uni_artist_tag-stian-carstensen","54":"uni_artist_tag-tor-erik-langset","55":"uni_artist_tag-torstein-grythe","56":"uni_artist_tag-trad","57":"uni_artist_tag-truls-mork","58":"uni_artist_tag-ulf-peder-orlog","59":"uni_main_artist_tag-maj-britt-andersen","60":"uni_artist_genre-children","61":"uni_artist_genre-collection","62":"uni_artist_genre-folk","63":"uni_artist_genre-norwegian","64":"uni_artist_genre-pop","65":"uni_artist_genre-singersongwriter","66":"uni_artist_genre-traditional","68":"first","69":"instock","70":"taxable","71":"shipping-taxable","72":"purchasable","73":"product-type-simple"},"_links":{"self":[{"href":"https:\/\/grappa.no\/no\/wp-json\/wp\/v2\/product\/1029","targetHints":{"allow":["GET"]}}],"collection":[{"href":"https:\/\/grappa.no\/no\/wp-json\/wp\/v2\/product"}],"about":[{"href":"https:\/\/grappa.no\/no\/wp-json\/wp\/v2\/types\/product"}],"replies":[{"embeddable":true,"href":"https:\/\/grappa.no\/no\/wp-json\/wp\/v2\/comments?post=1029"}],"wp:featuredmedia":[{"embeddable":true,"href":"https:\/\/grappa.no\/no\/wp-json\/wp\/v2\/media\/27119"}],"wp:attachment":[{"href":"https:\/\/grappa.no\/no\/wp-json\/wp\/v2\/media?parent=1029"}],"wp:term":[{"taxonomy":"product_brand","embeddable":true,"href":"https:\/\/grappa.no\/no\/wp-json\/wp\/v2\/product_brand?post=1029"},{"taxonomy":"product_cat","embeddable":true,"href":"https:\/\/grappa.no\/no\/wp-json\/wp\/v2\/product_cat?post=1029"},{"taxonomy":"product_tag","embeddable":true,"href":"https:\/\/grappa.no\/no\/wp-json\/wp\/v2\/product_tag?post=1029"}],"curies":[{"name":"wp","href":"https:\/\/api.w.org\/{rel}","templated":true}]}}