{"id":1027,"date":"2015-03-20T00:00:00","date_gmt":"2015-03-19T23:00:00","guid":{"rendered":"http:\/\/www.grappa.no\/albums\/uncategorized\/chopin-now-3\/"},"modified":"2019-02-22T16:05:56","modified_gmt":"2019-02-22T15:05:56","slug":"chopin-now","status":"publish","type":"product","link":"https:\/\/grappa.no\/no\/albums\/simax-classics\/chopin-now\/","title":{"rendered":"Chopin Now"},"content":{"rendered":"<p><\/p>\n<p>H\u00e5kon Austb\u00f8 tolker Chopin<\/p>\n<p>La oss sl\u00e5 det fast: Fr\u00e9d\u00e9ric Chopin var i sv\u00e6rt liten grad en dr\u00f8mmer.\u00a0 Tvert om gikk han hver dag m\u00e5lbevisst til sitt musikalske laboratorium.\u00a0V\u00e5r mesterpianist H\u00e5kon Austb\u00f8 tar for seg sentrale verker fra Chopins sene fase p\u00e5 denne utgivelsen \u2013 og gir tilbeste medrivende fremf\u00f8relser som viser komponistens intoleranse for alt overfl\u00f8dig. Fr\u00e9d\u00e9ric Chopin hadde en vitenskapelig m\u00e5te \u00e5 arbeide med sin kunst p\u00e5, og stykkene som H\u00e5kon Austb\u00f8 har samlet p\u00e5 &#8216;Chopin Now&#8217; er flotte eksempler p\u00e5 Chopins rensk\u00e5rne stil. De komponistene han selv satte h\u00f8yest var Bach og Mozart, og en moderne lesning av Chopin understreker nettopp hans polyfone skrivestil. I 50 \u00e5r har H\u00e5kon Austb\u00f8 n\u00e5 v\u00e6rt aktiv som pianist. Hans f\u00f8rste opptredener var som solist med Harmoniens Orkester i 1963 og debutkonsert i Universitetets Aula i 1964. Han var da bare 15 \u00e5r gammel, og debuten vakte stor oppsikt. Etter 40 \u00e5r i utlandet vendte han for 10 \u00e5r siden tilbake til Norge.\u00a0Austb\u00f8 er meget anerkjent for sine innspillinger av Messiaen, Skryabin, Brahms, Grieg og Debussy.<\/p>\n<p><!--more--><\/p>\n<p>La oss sl\u00e5 det fast: Fr\u00e9d\u00e9ric Chopin var i sv\u00e6rt liten grad en dr\u00f8mmer.\u00a0Tvert om gikk han hver dag m\u00e5lbevisst til sitt musikalske laboratorium.\u00a0V\u00e5r mesterpianist H\u00e5kon Austb\u00f8 tar for seg sentrale verker fra Chopins sene fase p\u00e5 denne utgivelsen \u2013 og gir tilbeste praktfulle fremf\u00f8relser som viser komponistens intoleranse for alt overfl\u00f8dig.<\/p>\n<h4>Videreutvikling<\/h4>\n<p>Chopin var en kunster som i liten grad lot seg p\u00e5virke utenfra, men gnagde p\u00e5 sitt bein og arbeidet isolert.\u00a0Han var den f\u00f8rste til \u00e5 bruke ballade-betegnelsen om et musikkstykke uten tekst. Og stykkene representerer ogs\u00e5 noe helt nytt i hans produksjon, med hensyn til b\u00e5de form og teknikk. Han arbeidet med balladene over en periode p\u00e5 11 \u00e5r. I arbeidet med denne sjangeren blir\u00a0forsiringer og ornamenter nesten borte,\u00a0og han lot seg inspirere av Bach p\u00e5 ny\u00a0i \u00e5rene etter 1840.\u00a0Barcarollen er nok et flott eksempel p\u00e5 hvordan Chopin kunne bruke sin uut\u00f8mmelige fantasi innenfor en streng ramme.<\/p>\n<h4>Visjon\u00e6r dr\u00f8m og hudl\u00f8s tanke<\/h4>\n<p>H\u00e5kon Austb\u00f8 s\u00f8ker i sitt prosjekt inn mot kjernen i Chopins sene komposisjoner, der vi ser hvordan komponisten utvider og forlenger ustabile forl\u00f8p, etablerer forventninger\u00a0 som ikke innfris, ja rent ut dyrker det fragmentariske, slik som i Polonaise-Fantasien. Musikkviteren Olaf Eggestad understreker i sitt essay til utgivelsen hvordan komponistens sene stil st\u00e5r seg godt i v\u00e5r egen tid \u2013 hvor empiri og poesi ikke n\u00f8dvendigvis st\u00e5r i motsetning til hverandre.<\/p>\n<h4>Visjon\u00e6r dr\u00f8m og hudl\u00f8s tanke<\/h4>\n<p>I 50 \u00e5r har H\u00e5kon Austb\u00f8 n\u00e5 v\u00e6rt aktiv som pianist. Hans f\u00f8rste opptredener var som solist med Harmoniens Orkester i 1963 og debutkonsert i Universitetets Aula i 1964. Han var da bare 15 \u00e5r gammel, og debuten vakte stor oppsikt. Etter 40 \u00e5r i utlandet vendte han for 10 \u00e5r siden tilbake til Norge.\u00a0Utgivelsen av &#8216;Chopin Now&#8217; faller sammen med avslutningen av det store forskningsprosjektet &#8216;Den Tenkende Musiker&#8217; som H\u00e5kon Austb\u00f8 har ledet ved Norges musikkh\u00f8gskole de siste \u00e5rene; et prosjekt som s\u00f8ker etter drivkreftene bak genuint personlige tolkninger av klassikerne, frigjort fra tradisjonens ballast.<\/p>\n<p><\/p>","protected":false},"excerpt":{"rendered":"<p>\u2013 Og han tr\u00e5r til s\u00e5 aldeles p\u00e5 topp i de fire Balladene, der Austb\u00f8s evner i retning det subtile omfavner Chopins sans for det samme.[St\u00e5le Wiksh\u00e5land \/ Dagbladet]<\/p>\n","protected":false},"featured_media":27818,"comment_status":"closed","ping_status":"open","template":"","meta":[],"product_brand":[],"product_cat":[180],"product_tag":[],"class_list":{"0":"post-1027","1":"product","2":"type-product","3":"status-publish","4":"has-post-thumbnail","6":"product_cat-simax-classics","7":"product_shipping_class-cddvd-shipping","8":"uni_artist_tag-frederic-chopin","9":"uni_artist_tag-hakon-austbo","10":"uni_main_artist_tag-hakon-austbo","11":"uni_artist_genre-nominated-for-norwegian-grammy-nominert-til-spellemannprisen","12":"uni_artist_genre-piano","13":"uni_artist_genre-solo","15":"first","16":"instock","17":"taxable","18":"shipping-taxable","19":"purchasable","20":"product-type-simple"},"_links":{"self":[{"href":"https:\/\/grappa.no\/no\/wp-json\/wp\/v2\/product\/1027","targetHints":{"allow":["GET"]}}],"collection":[{"href":"https:\/\/grappa.no\/no\/wp-json\/wp\/v2\/product"}],"about":[{"href":"https:\/\/grappa.no\/no\/wp-json\/wp\/v2\/types\/product"}],"replies":[{"embeddable":true,"href":"https:\/\/grappa.no\/no\/wp-json\/wp\/v2\/comments?post=1027"}],"wp:featuredmedia":[{"embeddable":true,"href":"https:\/\/grappa.no\/no\/wp-json\/wp\/v2\/media\/27818"}],"wp:attachment":[{"href":"https:\/\/grappa.no\/no\/wp-json\/wp\/v2\/media?parent=1027"}],"wp:term":[{"taxonomy":"product_brand","embeddable":true,"href":"https:\/\/grappa.no\/no\/wp-json\/wp\/v2\/product_brand?post=1027"},{"taxonomy":"product_cat","embeddable":true,"href":"https:\/\/grappa.no\/no\/wp-json\/wp\/v2\/product_cat?post=1027"},{"taxonomy":"product_tag","embeddable":true,"href":"https:\/\/grappa.no\/no\/wp-json\/wp\/v2\/product_tag?post=1027"}],"curies":[{"name":"wp","href":"https:\/\/api.w.org\/{rel}","templated":true}]}}