{"id":1024,"date":"2014-08-08T00:00:00","date_gmt":"2014-08-07T23:00:00","guid":{"rendered":"http:\/\/www.grappa.no\/albums\/uncategorized\/rameau-complete-works-for-harpsichord-solo\/"},"modified":"2019-12-16T09:54:06","modified_gmt":"2019-12-16T08:54:06","slug":"rameau-complete-works-for-harpsichord-solo","status":"publish","type":"product","link":"https:\/\/grappa.no\/no\/albums\/simax-classics\/rameau-complete-works-for-harpsichord-solo\/","title":{"rendered":"Rameau complete works for harpsichord solo"},"content":{"rendered":"<p><\/p>\n<p>Ketil Haugsand feirer Rameau!<\/p>\n<p>I 2014 er 250 \u00e5r siden den store franske komponisten Jean-Philippe Rameau d\u00f8de. Den internasjonalt anerkjente cemabalisten og tidligmusikk-personligheten Ketil Haugsand markerer jubileet med \u00e5 gi ut Rameaus samlede verker for cembalo.<\/p>\n<p>Rameau skrev det meste av sine klaververker i en periode da han selv var l\u00e6rer og ut\u00f8vende musiker \u2013 med en voksende interesse for teater. N\u00e5r man ser hele cembalo-musikken under ett inneholder den en utrolig rikdom av tiltalende melodier, smarte formmessige grep og uttrykksfulle og oppfinnsomme referanser \u2013 noe som samlet gj\u00f8re ham til en av Frankrikes st\u00f8rste klaver-komponister noensinne.<\/p>\n<p>Ketil Haugsand, professor ved Hochschule f\u00fcr Musik i K\u00f6ln, regnes blant v\u00e5r tids betydelige cembalister og tidligmusikk-personligheter. I 2013 ga han ut Bachs Engelske Suiter til stor begeistring hos kritikerne.<\/p>\n<p><!--more--><\/p>\n<p>I 2014 er 250 \u00e5r siden den store franske komponisten Jean-Philippe Rameau d\u00f8de. Den internasjonalt anerkjente cembalisten og tidligmusikk-personligheten Ketil Haugsand markerer jubileet med \u00e5 gi ut Rameaus samlede verker for cembalo.<\/p>\n<h4>Tidlige verker<\/h4>\n<p>Den unge Rameau m\u00e5 selv ha v\u00e6rt en fremragende cembalist. Rameau ga ut sin  Premier Livre de Pi\u00e8ces de clavecin i 1706 og han viser en aldri feilende sans for harmonisk retning og sofistikert rytmikk i denne suiten av dansesatser, innledet med et preludium.<\/p>\n<h4>Senere verker<\/h4>\n<p>Det skulle g\u00e5 nesten 20 \u00e5r f\u00f8r Rameau kom med sin andre bok med cembalostykker. I  Pi\u00e8ces de Clavecin fra 1724 viser han stor stilistisk utvikling. Han har ogs\u00e5 skrevet en rekke kantater og blitt ytterligere interessert i teater. Rameaus siste samling  Pi\u00e8ces de Clavecin en concerts  kom i 1741 og var skrevet som et kammerverk for cembalo og to melodiske instrumenter. Komponisten understreket selv at hvert stykke ogs\u00e5 kunne spilles av bare cembalo \u2013 uten at musikken ville miste sin ekspressivitet av den grunn.<\/p>\n<h4>Ketil Haugsand<\/h4>\n<p>Ketil Haugsand, professor ved Hochschule f\u00fcr Musik i K\u00f6ln, regnes blant v\u00e5r tids betydelige cembalister og tidligmusikk-personligheter. Han studerte med Gustav Leonhardt ved konservatoriet i Amsterdam og ble i 1975 tildelt den h\u00f8ythengende \u00abprix d&#8217;exellence\u00bb. Han ble ogs\u00e5 prisbel\u00f8nt ved internasjonale konkurranser for cembalister i Paris og Brugge. Haugsand har opptr\u00e5dt ved prestisjetunge festivaler i Europa, U.S.A. og Israel, b\u00e5de som solist, i kammermusikalsk sammenheng og som leder av Norsk Barokkorkester. Hans innspillinger med verker av Bach, Rameau, Marchand, Forqueray, Seixas, Sousa Carvalho for Simax Classics, Virgin, Linn o.a. har f\u00e5tt stor internasjonal oppmerksomhet. Haugsand er jurymedlem ved den internasjonale Bachwettbewerb i Leipzig og underviser ved sommerkurs i Norge og Italia.<\/p>\n<p><\/p>","protected":false},"excerpt":{"rendered":"<p>Den internasjonalt anerkjente cembalisten og tidligmusikk-personligheten Ketil Haugsand markerer jubileet med \u00e5 gi ut Rameaus samlede verker for cembalo.<\/p>\n","protected":false},"featured_media":27810,"comment_status":"closed","ping_status":"open","template":"","meta":[],"product_brand":[],"product_cat":[180],"product_tag":[],"class_list":{"0":"post-1024","1":"product","2":"type-product","3":"status-publish","4":"has-post-thumbnail","6":"product_cat-simax-classics","7":"product_shipping_class-cddvd-shipping","8":"uni_artist_tag-francois-eckert","9":"uni_artist_tag-jean-philippe-rameau","10":"uni_artist_tag-ketil-haugsand","11":"uni_main_artist_tag-ketil-haugsand","12":"uni_artist_genre-complete","13":"uni_artist_genre-early-music","14":"uni_artist_genre-solo","16":"first","17":"instock","18":"taxable","19":"shipping-taxable","20":"purchasable","21":"product-type-simple"},"_links":{"self":[{"href":"https:\/\/grappa.no\/no\/wp-json\/wp\/v2\/product\/1024","targetHints":{"allow":["GET"]}}],"collection":[{"href":"https:\/\/grappa.no\/no\/wp-json\/wp\/v2\/product"}],"about":[{"href":"https:\/\/grappa.no\/no\/wp-json\/wp\/v2\/types\/product"}],"replies":[{"embeddable":true,"href":"https:\/\/grappa.no\/no\/wp-json\/wp\/v2\/comments?post=1024"}],"wp:featuredmedia":[{"embeddable":true,"href":"https:\/\/grappa.no\/no\/wp-json\/wp\/v2\/media\/27810"}],"wp:attachment":[{"href":"https:\/\/grappa.no\/no\/wp-json\/wp\/v2\/media?parent=1024"}],"wp:term":[{"taxonomy":"product_brand","embeddable":true,"href":"https:\/\/grappa.no\/no\/wp-json\/wp\/v2\/product_brand?post=1024"},{"taxonomy":"product_cat","embeddable":true,"href":"https:\/\/grappa.no\/no\/wp-json\/wp\/v2\/product_cat?post=1024"},{"taxonomy":"product_tag","embeddable":true,"href":"https:\/\/grappa.no\/no\/wp-json\/wp\/v2\/product_tag?post=1024"}],"curies":[{"name":"wp","href":"https:\/\/api.w.org\/{rel}","templated":true}]}}