{"id":1023,"date":"1995-09-04T00:00:00","date_gmt":"1995-09-03T23:00:00","guid":{"rendered":"http:\/\/www.grappa.no\/albums\/uncategorized\/draumkvedet\/"},"modified":"2016-08-16T09:37:50","modified_gmt":"2016-08-16T08:37:50","slug":"draumkvedet","status":"publish","type":"product","link":"https:\/\/grappa.no\/no\/albums\/heilo\/draumkvedet\/","title":{"rendered":"DRAUMKVEDET"},"content":{"rendered":"<p><\/p>\n<p>Draumkvedet<\/p>\n<p>Olav \u00c5steson fell i svevn joleaften og vakna ikkje f\u00f8r trettandagen. I denne tida har han vore i den andre heimen og gjennomlevd voldsomme p\u00e5kjenningar. &quot;Eg hev sett \u00e5t heite helvete og ein del av himmerike&quot;. Han har sett straffedomane for syndige gjerningar i denne verdi og han har m\u00f8tt l\u00f8na for det gode som vart gjort. <\/p>\n<p>\u00c5steson har sett og opplevd d\u00e9t dei fleste av oss har vage f\u00f8restillingar om. Me kan einast spekulere om livet p\u00e5 den andre sida; Olav he vore der. Det er sterke bilete han gjev oss og han er streng i si refsing av v\u00e5re overgrep og unnlatingssynder. Men ingen blir ford\u00f8mde. Det er dette som er spennet i forteljinga hans; han m\u00e5lar for manglande kj\u00e6rleiksevne med tornar som stikk oss i sjela, men seier samstundes at smerten er til for at me skal vekse og forst\u00e5 kva som er rett og gale, viktig og unyttig i tilveret.<\/p>\n<p><!--more--><\/p>\n<h4><\/h4>\n<\/p>\n<h4><\/h4>\n<p><h4><\/h4>\n<\/p>\n<p><\/p>","protected":false},"excerpt":{"rendered":"<p>Draumkvedet, selv i den mest ufullstendige form hvori det vel er n\u00e5dd ned til oss, eier en velde som er uten sidestykke.<\/p>\n","protected":false},"featured_media":27226,"comment_status":"closed","ping_status":"open","template":"","meta":[],"product_brand":[],"product_cat":[35],"product_tag":[],"class_list":{"0":"post-1023","1":"product","2":"type-product","3":"status-publish","4":"has-post-thumbnail","6":"product_cat-heilo","7":"product_shipping_class-cddvd-shipping","8":"uni_artist_tag-alf-tveit","9":"uni_artist_tag-ellen-nordstoga","10":"uni_artist_tag-halvor-hakanes","11":"uni_artist_tag-kare-nordstoga","12":"uni_artist_tag-knut-brotnow","13":"uni_artist_tag-per-egil-hovland","14":"uni_artist_tag-trad","15":"uni_main_artist_tag-kare-nordstoga","16":"uni_artist_genre-folk-music","18":"first","19":"instock","20":"taxable","21":"shipping-taxable","22":"product-type-simple"},"_links":{"self":[{"href":"https:\/\/grappa.no\/no\/wp-json\/wp\/v2\/product\/1023","targetHints":{"allow":["GET"]}}],"collection":[{"href":"https:\/\/grappa.no\/no\/wp-json\/wp\/v2\/product"}],"about":[{"href":"https:\/\/grappa.no\/no\/wp-json\/wp\/v2\/types\/product"}],"replies":[{"embeddable":true,"href":"https:\/\/grappa.no\/no\/wp-json\/wp\/v2\/comments?post=1023"}],"wp:featuredmedia":[{"embeddable":true,"href":"https:\/\/grappa.no\/no\/wp-json\/wp\/v2\/media\/27226"}],"wp:attachment":[{"href":"https:\/\/grappa.no\/no\/wp-json\/wp\/v2\/media?parent=1023"}],"wp:term":[{"taxonomy":"product_brand","embeddable":true,"href":"https:\/\/grappa.no\/no\/wp-json\/wp\/v2\/product_brand?post=1023"},{"taxonomy":"product_cat","embeddable":true,"href":"https:\/\/grappa.no\/no\/wp-json\/wp\/v2\/product_cat?post=1023"},{"taxonomy":"product_tag","embeddable":true,"href":"https:\/\/grappa.no\/no\/wp-json\/wp\/v2\/product_tag?post=1023"}],"curies":[{"name":"wp","href":"https:\/\/api.w.org\/{rel}","templated":true}]}}