{"id":1021,"date":"1986-10-13T00:00:00","date_gmt":"1986-10-12T23:00:00","guid":{"rendered":"http:\/\/www.grappa.no\/albums\/uncategorized\/sjofloyta\/"},"modified":"2018-08-21T10:32:23","modified_gmt":"2018-08-21T09:32:23","slug":"sjofloyta","status":"publish","type":"product","link":"https:\/\/grappa.no\/no\/albums\/heilo\/sjofloyta\/","title":{"rendered":"Sj\u00f8fl\u00f8yta"},"content":{"rendered":"<p><\/p>\n<p>Sj\u00f8fl\u00f8ytespelet f\u00f8rt videre<\/p>\n<p>Instrumentet og spillestilen er ikke desto mindre heilnorsk, og har hatt sin st\u00f8rste utbredelse i store deler av Telemark og Agder-fylkene, og ikke minst i Numedal, som har v\u00e6rt verdens sentrum for sj\u00f8fl\u00f8ytespilling de siste 100 \u00e5ra. Det var p\u00e5 hengende h\u00e5ret at tradisjonen med \u00e5 spille sl\u00e5tter p\u00e5 sj\u00f8fl\u00f8yteble brutt, men takket v\u00e6re &quot;yngre&quot; ut\u00f8vere, som Per Midtstien og Steinar Ofsdal, er sj\u00f8fl\u00f8ytespelet f\u00f8rt videre som levende tradisjon, ved at de tok kontakt med de siste fl\u00f8ytespillerne av &quot;forrige generasjon&quot;.<\/p>\n<p><!--more--><\/p>\n<h4><\/h4>\n<\/p>\n<h4><\/h4>\n<p><h4><\/h4>\n<\/p>\n<p><\/p>","protected":false},"excerpt":{"rendered":"<p>For \u00e5 sitere den legendariske sj\u00f8fl\u00f8ytespelemannen Knut N. Juveli, om fl\u00f8ytespillet, &#8211; &quot;Det kan da komma att ei gong, detta, ser&#8217;u!&quot;. Han hadde rett i sin sp\u00e5dom &#8211; og takk for det!<\/p>\n","protected":false},"featured_media":27234,"comment_status":"closed","ping_status":"open","template":"","meta":[],"product_brand":[],"product_cat":[35],"product_tag":[],"class_list":{"0":"post-1021","1":"product","2":"type-product","3":"status-publish","4":"has-post-thumbnail","6":"product_cat-heilo","7":"product_shipping_class-cddvd-shipping","8":"uni_artist_tag-per-midtstigen","9":"uni_artist_tag-steinar-ofsdal","10":"uni_artist_tag-trad","11":"uni_main_artist_tag-steinar-ofsdal","12":"uni_artist_genre-folk-music","13":"uni_artist_genre-instrumental","14":"uni_artist_genre-traditional","16":"first","17":"instock","18":"taxable","19":"shipping-taxable","20":"purchasable","21":"product-type-simple"},"_links":{"self":[{"href":"https:\/\/grappa.no\/no\/wp-json\/wp\/v2\/product\/1021","targetHints":{"allow":["GET"]}}],"collection":[{"href":"https:\/\/grappa.no\/no\/wp-json\/wp\/v2\/product"}],"about":[{"href":"https:\/\/grappa.no\/no\/wp-json\/wp\/v2\/types\/product"}],"replies":[{"embeddable":true,"href":"https:\/\/grappa.no\/no\/wp-json\/wp\/v2\/comments?post=1021"}],"wp:featuredmedia":[{"embeddable":true,"href":"https:\/\/grappa.no\/no\/wp-json\/wp\/v2\/media\/27234"}],"wp:attachment":[{"href":"https:\/\/grappa.no\/no\/wp-json\/wp\/v2\/media?parent=1021"}],"wp:term":[{"taxonomy":"product_brand","embeddable":true,"href":"https:\/\/grappa.no\/no\/wp-json\/wp\/v2\/product_brand?post=1021"},{"taxonomy":"product_cat","embeddable":true,"href":"https:\/\/grappa.no\/no\/wp-json\/wp\/v2\/product_cat?post=1021"},{"taxonomy":"product_tag","embeddable":true,"href":"https:\/\/grappa.no\/no\/wp-json\/wp\/v2\/product_tag?post=1021"}],"curies":[{"name":"wp","href":"https:\/\/api.w.org\/{rel}","templated":true}]}}