{"id":1019,"date":"2014-03-21T00:00:00","date_gmt":"2014-03-20T23:00:00","guid":{"rendered":"http:\/\/www.grappa.no\/albums\/uncategorized\/hakon-stene-lush-laments-for-lazy-mammal\/"},"modified":"2018-10-12T06:39:45","modified_gmt":"2018-10-12T05:39:45","slug":"hakon-stene-lush-laments-for-lazy-mammal","status":"publish","type":"product","link":"https:\/\/grappa.no\/no\/albums\/hubro\/hakon-stene-lush-laments-for-lazy-mammal\/","title":{"rendered":"H\u00e5kon Stene: Lush Laments for Lazy Mammal"},"content":{"rendered":"<p><\/p>\n<p>Meditativ askese<\/p>\n<p>P\u00e5 sitt nye soloalbum har H\u00e5kon M\u00f8rch Stene satt sammen musikk av britene Laurence Crane og Gavin Bryars med et nytt verk av den s\u00e6regne norske improvisat\u00f8ren og komponisten Christian Wallumr\u00f8d.  Man trenger ikke ta mer enn et kjapt blikk p\u00e5 den norske perkusjonisten H\u00e5kon Stenes CV f\u00f8r man forst\u00e5r at man har \u00e5 gj\u00f8re med en musiker med bred horisont og med et uredd holdning til nye instrumenter og sjangere.  Stene har spilt folkemusikk med Nils \u00d8kland og Benedicte Maurseth, elektronika med Pantha de Prince and the Bell Laboratory, barokkmusikk med Rolf Lislevand og samtidsmusikk med Spellemannvinnerne asamisimasa.  Etter mange \u00e5r med fokus p\u00e5 st\u00f8ybasert og kompleks samtidsmusikk var det viktig for Stene \u00e5 f\u00e5 jobbe med rene, enkle og harmoniske uttrykk igjen. P\u00e5 albumet spiller han, i tillegg til melodiske perkusjonsinstrumenter, b\u00e5de piano og gitar \u2013 et instrument han ikke hadde r\u00f8rt p\u00e5 nesten 20 \u00e5r. Britiske komposisjoner dominerer &quot;Lush Laments for Lazy Mammal&quot;. B\u00e5de Gavin Bryars (f. 1943 i Yorkshire) og Laurence Crane (f. 1961 i Oxford) tilh\u00f8rer den klassiske, eksperimentelle scenen i England, en scene som vokste frem i kj\u00f8lvannet av den konseptuelle New York School-musikken p\u00e5 60-tallet, men som skiller seg fra denne ved at hverdags-st\u00f8y, atonal harmonikk og ekstreme varigheter er byttet ut med et redusert, tonalt materiale som behandles som abstrakte lydobjekt.<br \/>\nStykket Low Genths skrev Christian Wallumr\u00f8d p\u00e5 bestilling fra Stene i 2009, og Wallumr\u00f8d spiller ogs\u00e5 med p\u00e5 albumet. P\u00e5 leting etter et siste stykke til plata, oppdaget han Bryars&#8217; Hi Tremolo, som kledde det melankolske, men ogs\u00e5 frodige lydbildet p\u00e5 Lush Laments for Lazy Mammal.<\/p>\n<p>Til innspillingen inviterte Stene med seg, foruten Wallumr\u00f8d, pianisten Heloisa Amaral, cellisten Tanja Orning i tillegg til Hans Kristian Kjos S\u00f8rensen p\u00e5 cimbalom. <\/p>\n<p>Noen vil definitivt putte denne musikken i den store skuffa merket \u201csamtid\u201d, men dette er like mye musikk som kan finne en naturlig plass i platehyllene til et post rock-, ambient- eller droneelskende publikum.<\/p>\n<p><!--more--><\/p>\n<p>Meditativ askese: P\u00e5 sitt nye soloalbum har H\u00e5kon M\u00f8rch Stene satt sammen musikk av britene Laurence Crane og Gavin Bryars med et nytt verk av den s\u00e6regne norske improvisat\u00f8ren og komponisten Christian Wallumr\u00f8d.<\/p>\n<h4>Rent, enkelt og harmonisk<\/h4>\n<p>Etter mange \u00e5r med fokus p\u00e5 st\u00f8ybasert og kompleks samtidsmusikk var det viktig for Stene \u00e5 f\u00e5 jobbe med rene, enkle og harmoniske uttrykk igjen. P\u00e5 albumet spiller han, i tillegg til melodiske perkusjonsinstrumenter, b\u00e5de piano og gitar \u2013 et instrument han ikke hadde r\u00f8rt p\u00e5 nesten 20 \u00e5r. <\/p>\n<p>\u201cJeg er slett ikke \u00e5 betrakte som noen gitarist lengre (og absolutt ikke pianist!), men alle erfaringene som samtidslagverker, hvor man hele tiden m\u00e5 tilpasse seg nye spillesituasjoner og instrumenter, gj\u00f8r det p\u00e5 en eller annen m\u00e5te overkommelig. Jeg n\u00e6rmer meg ikke disse instrumentene, for eksempel klaveret, som et alter, men som et verkt\u00f8y til \u00e5 spille disse relativt enkle stykkene. Det er en slik holdning en ofte har som slagverker; instrumenter er verkt\u00f8y en tar i bruk for \u00e5 frembringe en bestemt lyd.\u201d<\/p>\n<h4>Britiske komponister<\/h4>\n<p>Britiske komposisjoner dominerer Lush Laments for Lazy Mammal. B\u00e5de Gavin Bryars (f. 1943 i Yorkshire) og Laurence Crane (f. 1961 i Oxford) tilh\u00f8rer den klassiske, eksperimentelle scenen i England, en scene som vokste frem i kj\u00f8lvannet av den konseptuelle New York School-musikken p\u00e5 60-tallet, men som skiller seg fra denne ved at hverdags-st\u00f8y, atonal harmonikk og ekstreme varigheter er byttet ut med et redusert, tonalt materiale som behandles som abstrakte lydobjekt. <\/p>\n<p>Stene har gjennom sitt arbeid med ensemblet asamisimasa v\u00e6rt i tett kontakt med dette milj\u00f8et de siste 10 \u00e5rene, og ensemblet fremf\u00f8rte f\u00f8rste gang Cranes John White in Berlin under Ultimafestivalen i 2008. Stene ble fascinert av denne asketiske, dvelende og nedtonede musikken. Den roper ikke etter oppmerksomhet. Den er avm\u00e5lt, lavm\u00e6lt og saklig. Notebildene er helt rensk\u00e5rne, kun med de n\u00f8dvendigste instruksjoner, og enhver forandring i musikken oppleves som essensiell, siden den er s\u00e5 transparent.<br \/>\n\t\u201cJeg beundrer denne musikkens evne til \u00e5 \u2013 for \u00e5 bruke pretensi\u00f8se ord \u2013\u00a0pl\u00f8ye dypt emosjonelt enda den i sin natur er upretensi\u00f8s, objektiv og uj\u00e5lete, fullstendig fri for den ofte p\u00e5tatte affekt som kan prege musikere og musikk som skal v\u00e6re uttrykksfull\u201d, sier Stene. \u201cDisse karaktertrekkene er noe jeg finner igjen hos folk som Nils \u00d8kland og Christian Wallumr\u00f8d, begge musikere og komponister jeg setter sv\u00e6rt, sv\u00e6rt h\u00f8yt. Det har derfor v\u00e6rt interessant \u00e5 koble Laurences musikk med Christians p\u00e5 denne platen. De to har mye til felles, uten at de har visst om hverandre.\u201d <\/p>\n<p>Stykket Low Genths skrev Christian Wallumr\u00f8d p\u00e5 bestilling fra Stene i 2009, og Wallumr\u00f8d spiller ogs\u00e5 med p\u00e5 albumet.<\/p>\n<p>P\u00e5 leting etter et siste stykke til plata, oppdaget han Bryars&#8217; Hi Tremolo, som kledde det melankolske, men ogs\u00e5 frodige lydbildet p\u00e5 Lush Laments for Lazy Mammal.<\/p>\n<p>Til innspillingen inviterte Stene med seg, foruten Wallumr\u00f8d, pianisten Heloisa Amaral, cellisten Tanja Orning i tillegg til Hans Kristian Kjos S\u00f8rensen p\u00e5 cimbalom.<\/p>\n<h4>\u00c5penhet<\/h4>\n<p>Noen vil definitivt putte denne musikken i den store skuffa merket \u201csamtid\u201d, men dette er like mye musikk som kan finne en naturlig plass i platehyllene til et post rock-, ambient- eller droneelskende publikum.<\/p>\n<p><\/p>","protected":false},"excerpt":{"rendered":"<p>P\u00e5 sitt nye soloalbum har H\u00e5kon M\u00f8rch Stene satt sammen musikk av britene Laurence Crane og Gavin Bryars med et nytt verk av den s\u00e6regne norske improvisat\u00f8ren og komponisten Christian Wallumr\u00f8d.<\/p>\n","protected":false},"featured_media":27414,"comment_status":"closed","ping_status":"open","template":"","meta":[],"product_brand":[],"product_cat":[36],"product_tag":[],"class_list":{"0":"post-1019","1":"product","2":"type-product","3":"status-publish","4":"has-post-thumbnail","6":"product_cat-hubro","7":"product_shipping_class-cddvd-shipping","8":"uni_artist_tag-christian-wallumrod","9":"uni_artist_tag-gavin-bryars","10":"uni_artist_tag-hakon-stene","11":"uni_artist_tag-hans-kristian-kjos-sorensen","12":"uni_artist_tag-heloisa-amaral","13":"uni_artist_tag-laurence-crane","14":"uni_artist_tag-tanja-orning","15":"uni_main_artist_tag-hakon-stene","16":"uni_artist_genre-contemporary-music","17":"uni_artist_genre-instrumental","19":"first","20":"instock","21":"taxable","22":"shipping-taxable","23":"purchasable","24":"product-type-simple"},"_links":{"self":[{"href":"https:\/\/grappa.no\/no\/wp-json\/wp\/v2\/product\/1019","targetHints":{"allow":["GET"]}}],"collection":[{"href":"https:\/\/grappa.no\/no\/wp-json\/wp\/v2\/product"}],"about":[{"href":"https:\/\/grappa.no\/no\/wp-json\/wp\/v2\/types\/product"}],"replies":[{"embeddable":true,"href":"https:\/\/grappa.no\/no\/wp-json\/wp\/v2\/comments?post=1019"}],"wp:featuredmedia":[{"embeddable":true,"href":"https:\/\/grappa.no\/no\/wp-json\/wp\/v2\/media\/27414"}],"wp:attachment":[{"href":"https:\/\/grappa.no\/no\/wp-json\/wp\/v2\/media?parent=1019"}],"wp:term":[{"taxonomy":"product_brand","embeddable":true,"href":"https:\/\/grappa.no\/no\/wp-json\/wp\/v2\/product_brand?post=1019"},{"taxonomy":"product_cat","embeddable":true,"href":"https:\/\/grappa.no\/no\/wp-json\/wp\/v2\/product_cat?post=1019"},{"taxonomy":"product_tag","embeddable":true,"href":"https:\/\/grappa.no\/no\/wp-json\/wp\/v2\/product_tag?post=1019"}],"curies":[{"name":"wp","href":"https:\/\/api.w.org\/{rel}","templated":true}]}}