{"id":1000,"date":"2013-11-22T00:00:00","date_gmt":"2013-11-21T23:00:00","guid":{"rendered":"http:\/\/www.grappa.no\/albums\/uncategorized\/god-jul-og-fagott-nyttar\/"},"modified":"2020-04-20T14:34:08","modified_gmt":"2020-04-20T13:34:08","slug":"god-jul-og-fagott-nyttar","status":"publish","type":"product","link":"https:\/\/grappa.no\/no\/albums\/grappa\/god-jul-og-fagott-nyttar\/","title":{"rendered":"God Jul og Fagott Nytt\u00e5r"},"content":{"rendered":"<p><\/p>\n<p>Ekte homoeventyr p\u00e5 plate<\/p>\n<p>Oslo fagottkor har dratt tusenvis av publikummere til sine sommer- og julekonserter siden 2004. I \u00e5r har fagottenes romjulsdr\u00f8m blitt virkelighet med juleplata God jul og fagott nytt\u00e5r.<br \/>\nPlata er en samling av Fagottkorets st\u00f8rste julehits, fremf\u00f8rt i kjent stil med humor, instendighet og passe stort orkester. <\/p>\n<p>Men det er ikke bare tant og fjas. Vakre verker som Glade jul og Mitt hjerte alltid vanker fremf\u00f8res i dypeste alvor, men i s\u00e6regne arrangementer som nok er ukjente for mange. S\u00e6regent m\u00e5 ogs\u00e5 l\u00e5ta Jorden rundt om en eneb\u00e6rbusk kalles, der fagottene reiser verden rundt for \u00e5 feire lokal jul, i et arrangement av Torbj\u00f8rn Dyrud og Stian Carstensen. Barbra Streisands versjon av Jingle Bells er gjort til korets egen, og jammen har ikke Crystal Carrington ogs\u00e5 f\u00e5tt plass p\u00e5 plata.<\/p>\n<p>Sammen med plata f\u00e5r lytterne oppskriften p\u00e5 hvordan de kan lage sin egen homojul. Det tror fagottene at folk vil sette pris p\u00e5, selv om det er noe krevende. Du trenger blant annet to tonn glitter og et halvt dusin \u00f8strogenfylte musikere. Tilgjengeld trengs bare en knivsodd sensur.<\/p>\n<p><!--more--><\/p>\n<p>Oslo Fagottkor gir ut juleplate<\/p>\n<h4>Fagottkorets st\u00f8rste julehits<\/h4>\n<p>Plata er en samling av Fagottkorets st\u00f8rste julehits, fremf\u00f8rt i kjent stil med humor, inderlighet og passe stort orkester. Men det er ikke bare tant og fjas. Vakre verker som Glade jul og Mitt hjerte alltid vanker fremf\u00f8res i dypeste alvor, men i s\u00e6regne arrangementer som nok er ukjente for mange. S\u00e6regent m\u00e5 ogs\u00e5 l\u00e5ta Jorden rundt om en eneb\u00e6rbusk kalles, der fagottene reiser verden rundt for \u00e5 feire lokal jul, i et arrangement av Torbj\u00f8rn Dyrud og Stian Carstensen. Barbra Streisands versjon av Jingle Bells er gjort til korets egen, og jammen har ikke Crystal Carrington ogs\u00e5 f\u00e5tt plass p\u00e5 plata.<\/p>\n<h4>Knivsodd sensur<\/h4>\n<p>Sammen med plata f\u00e5r lytterne oppskriften p\u00e5 hvordan de kan lage sin egen homojul. Det tror Fagottene at folk vil sette pris p\u00e5, selv om det er noe krevende. Du trenger blant annet to tonn glitter og et halvt dusin \u00f8strogenfylte musikere. Tilgjengjeld trengs bare en knivsodd sensur.<\/p>\n<h4>Plateslipp og juleverksted<\/h4>\n<p>Oslo fagottkor lanserer sitt debutalbum God jul og fagott nytt\u00e5r p\u00e5 Kulturhuset, Youngstorget 3, torsdag 21. november kl 19.30. Julaften kommer tidlig n\u00e5r Norges lekreste homsekor inviterer til plateslipp, minikonsert og juleverksted.<br \/>\nMannemannen Geir Schau skulle p\u00e5 mange vis \u00f8nske han sang i Oslo fagottkor, men blir nok aldri noen fagott. Denne kvelden f\u00e5r Schau likevel titte inn i det forjettede land som konferansier for det fagottale f\u00f8rjulssamv\u00e6ret.<br \/>\nOslo fagottkor innehar allerede tittelen Verdens beste homokor, men vil n\u00e5 fors\u00f8ke seg p\u00e5 rekorden Verdens lengste homojuletrelenke &#8211; samtidig som gjestene kan f\u00e5 klippe glitrende julekurver eller f\u00e5 sine nyervervede juleplater innpakket p\u00e5 minst mulig beskjedent vis fra fagottkorets pakkedisk.<\/p>\n<p><\/p>","protected":false},"excerpt":{"rendered":"<p>I \u00e5r har fagottenes romjulsdr\u00f8m blitt virkelighet med juleplata God jul og fagott nytt\u00e5r.<\/p>\n","protected":false},"featured_media":27117,"comment_status":"closed","ping_status":"open","template":"","meta":[],"product_brand":[],"product_cat":[6],"product_tag":[],"class_list":{"0":"post-1000","1":"product","2":"type-product","3":"status-publish","4":"has-post-thumbnail","6":"product_cat-grappa","7":"product_shipping_class-cddvd-shipping","8":"uni_artist_tag-a-lango","9":"uni_artist_tag-anders-kregenes-hansen","10":"uni_artist_tag-anita-fogge","11":"uni_artist_tag-bill-conti","12":"uni_artist_tag-billy-butt","13":"uni_artist_tag-bjorn-ivar-skansen","14":"uni_artist_tag-caroline-eidsten-dahl","15":"uni_artist_tag-david-strunck","16":"uni_artist_tag-edvin-ostvik","17":"uni_artist_tag-emilio-borghesan","18":"uni_artist_tag-franz-gruber","19":"uni_artist_tag-geir-johansen","20":"uni_artist_tag-german-trad","21":"uni_artist_tag-hans-adolph-brorson","22":"uni_artist_tag-ingvild-graesvold","23":"uni_artist_tag-italian-trad","24":"uni_artist_tag-james-lord-pierpont","25":"uni_artist_tag-joakim-nordin","26":"uni_artist_tag-johanna-nousiainen","27":"uni_artist_tag-john-williams","28":"uni_artist_tag-karel-svoboda","29":"uni_artist_tag-katherine-kennicott","30":"uni_artist_tag-kristoffer-kampen","31":"uni_artist_tag-lalo-schifrin","32":"uni_artist_tag-leigh-harline","33":"uni_artist_tag-leonard-bernstein","34":"uni_artist_tag-leroy-anderson","35":"uni_artist_tag-maurice-ravel","36":"uni_artist_tag-mykola-leontovytsj","37":"uni_artist_tag-nikolai-matthews","38":"uni_artist_tag-nikolai-walderhaug","39":"uni_artist_tag-nina-hansen","40":"uni_artist_tag-oslo-fagottkor","41":"uni_artist_tag-oyvind-havik","42":"uni_artist_tag-paulin-skoglund-voss","43":"uni_artist_tag-ragnhild-lien","44":"uni_artist_tag-ralph-blane","45":"uni_artist_tag-sean-lewis","46":"uni_artist_tag-sergei-rachmaninov","47":"uni_artist_tag-sigurd-jansen","48":"uni_artist_tag-siv-overli","49":"uni_artist_tag-steinar-granmo-nilsen","50":"uni_artist_tag-therese-kinzler-eriksen","51":"uni_artist_tag-torbjorn-dyrud","52":"uni_artist_tag-trad","53":"uni_artist_tag-trond-magne-brekka","54":"uni_main_artist_tag-oslo-fagottkor","55":"uni_artist_genre-christmas-music","57":"first","58":"instock","59":"taxable","60":"shipping-taxable","61":"purchasable","62":"product-type-simple"},"_links":{"self":[{"href":"https:\/\/grappa.no\/no\/wp-json\/wp\/v2\/product\/1000","targetHints":{"allow":["GET"]}}],"collection":[{"href":"https:\/\/grappa.no\/no\/wp-json\/wp\/v2\/product"}],"about":[{"href":"https:\/\/grappa.no\/no\/wp-json\/wp\/v2\/types\/product"}],"replies":[{"embeddable":true,"href":"https:\/\/grappa.no\/no\/wp-json\/wp\/v2\/comments?post=1000"}],"wp:featuredmedia":[{"embeddable":true,"href":"https:\/\/grappa.no\/no\/wp-json\/wp\/v2\/media\/27117"}],"wp:attachment":[{"href":"https:\/\/grappa.no\/no\/wp-json\/wp\/v2\/media?parent=1000"}],"wp:term":[{"taxonomy":"product_brand","embeddable":true,"href":"https:\/\/grappa.no\/no\/wp-json\/wp\/v2\/product_brand?post=1000"},{"taxonomy":"product_cat","embeddable":true,"href":"https:\/\/grappa.no\/no\/wp-json\/wp\/v2\/product_cat?post=1000"},{"taxonomy":"product_tag","embeddable":true,"href":"https:\/\/grappa.no\/no\/wp-json\/wp\/v2\/product_tag?post=1000"}],"curies":[{"name":"wp","href":"https:\/\/api.w.org\/{rel}","templated":true}]}}