{"id":989,"date":"2013-08-23T00:00:00","date_gmt":"2013-08-22T23:00:00","guid":{"rendered":"http:\/\/www.grappa.no\/albums\/uncategorized\/portrett-vinyl\/"},"modified":"2024-01-29T13:26:33","modified_gmt":"2024-01-29T12:26:33","slug":"portrett-vinyl","status":"publish","type":"product","link":"https:\/\/grappa.no\/en\/albums\/grappa\/portrett-vinyl\/","title":{"rendered":"Portrett (vinyl)"},"content":{"rendered":"<p>Lillebj\u00f8rn Nilsens gjennombrudd<\/p>\n<p>Portrett regnes som Lillebj\u00f8rn Nilsens store gjennombrudd som artist. Dette skyldes i stor grad gigantslagere som \u201dBarn av regnbuen\u201d, \u201dGategutt\u201d, \u201dAlle duene\u201d og \u201dRegnet er en venn\u201d. Nilsen har hentet inspirasjon fra norsk folkesang og amerikansk bluesgrass, og tematisk fremst\u00e5r platen som en av hans mest politiske. Et av ekstrasporene er en konsertversjon av \u201dAlle duene\u201d der Nilsen dedikerer sangen til okkupantene av R\u00f8nneberghuset i \u00c5lesund, 1973. Nilsen var sv\u00e6rt engasjert i saken og sendte blant annet et telegram til okkupantene. Telegrammet finnes avbildet i CD-boken. Gjenutgivelsen av Portrett skjedde samme \u00e5r som to av Nilsens andre plater ble gjenutgitt p\u00e5 CD: Tilbake (1971) og Byen med det store hjertet (1975). Alle platene ble digitalt behandlet og sterkt forbedret , og n\u00e5 i 2013 blir disse tre utgivelsene reutgitt p\u00e5 vinyl.<\/p>\n<p><!--more--><\/p>\n<h4><\/h4>\n<h4><\/h4>\n<h4><\/h4>\n","protected":false},"excerpt":{"rendered":"<p>Et av ekstrasporene er en konsertversjon av \u201dAlle duene\u201d der Nilsen dedikerer sangen til okkupantene av R\u00f8nneberghuset i \u00c5lesund, 1973.<\/p>\n","protected":false},"featured_media":27207,"comment_status":"closed","ping_status":"closed","template":"","meta":[],"product_brand":[],"product_cat":[6],"product_tag":[],"class_list":{"0":"post-989","1":"product","2":"type-product","3":"status-publish","4":"has-post-thumbnail","6":"product_cat-grappa","7":"product_shipping_class-vinyl-shipping","8":"uni_artist_tag-anne-marie-siebke","9":"uni_artist_tag-annette-borsum","10":"uni_artist_tag-bjorn-jacobsen","11":"uni_artist_tag-carl-morten-iversen","12":"uni_artist_tag-eivind-boksle","13":"uni_artist_tag-elisabeth-siebke","14":"uni_artist_tag-espen-rud","15":"uni_artist_tag-finn-kalvik","16":"uni_artist_tag-fredrik-wibe","17":"uni_artist_tag-frode-thingnaes","18":"uni_artist_tag-hege-tunaal","19":"uni_artist_tag-johann-sebastian-bach","20":"uni_artist_tag-kari-svendsen","21":"uni_artist_tag-kristin-hexeberg","22":"uni_artist_tag-lars-klevstrand","23":"uni_artist_tag-lillebjorn-nilsen","24":"uni_artist_tag-oystein-sunde","25":"uni_artist_tag-pete-seeger","26":"uni_artist_tag-pete-steele","27":"uni_artist_tag-steinar-ofsdal","28":"uni_artist_tag-trad","29":"uni_artist_tag-trond-villa","30":"uni_artist_tag-willy-kraus","31":"uni_main_artist_tag-lillebjorn-nilsen","32":"uni_artist_genre-folk-music","33":"uni_artist_genre-singersongwriter","35":"first","36":"outofstock","37":"taxable","38":"shipping-taxable","39":"purchasable","40":"product-type-simple"},"_links":{"self":[{"href":"https:\/\/grappa.no\/en\/wp-json\/wp\/v2\/product\/989","targetHints":{"allow":["GET"]}}],"collection":[{"href":"https:\/\/grappa.no\/en\/wp-json\/wp\/v2\/product"}],"about":[{"href":"https:\/\/grappa.no\/en\/wp-json\/wp\/v2\/types\/product"}],"replies":[{"embeddable":true,"href":"https:\/\/grappa.no\/en\/wp-json\/wp\/v2\/comments?post=989"}],"wp:featuredmedia":[{"embeddable":true,"href":"https:\/\/grappa.no\/en\/wp-json\/wp\/v2\/media\/27207"}],"wp:attachment":[{"href":"https:\/\/grappa.no\/en\/wp-json\/wp\/v2\/media?parent=989"}],"wp:term":[{"taxonomy":"product_brand","embeddable":true,"href":"https:\/\/grappa.no\/en\/wp-json\/wp\/v2\/product_brand?post=989"},{"taxonomy":"product_cat","embeddable":true,"href":"https:\/\/grappa.no\/en\/wp-json\/wp\/v2\/product_cat?post=989"},{"taxonomy":"product_tag","embeddable":true,"href":"https:\/\/grappa.no\/en\/wp-json\/wp\/v2\/product_tag?post=989"}],"curies":[{"name":"wp","href":"https:\/\/api.w.org\/{rel}","templated":true}]}}