{"id":866,"date":"2012-11-23T00:00:00","date_gmt":"2012-11-22T23:00:00","guid":{"rendered":"http:\/\/www.grappa.no\/albums\/uncategorized\/diverse-artister-w-musikk-av-hans-w-brimi\/"},"modified":"2016-08-16T09:05:50","modified_gmt":"2016-08-16T08:05:50","slug":"diverse-artister-w-musikk-av-hans-w-brimi","status":"publish","type":"product","link":"https:\/\/grappa.no\/en\/albums\/heilo\/diverse-artister-w-musikk-av-hans-w-brimi\/","title":{"rendered":"Diverse artister: W. Musikk av Hans W. Brimi"},"content":{"rendered":"<p><\/p>\n<p>The Music of Hans W. Brimi<\/p>\n<p>The double album W \u2013 Music by Hans W. Brimi pays tribute to the well-known fiddler from Garmo in Lom. Hans W. Brimi\u2019s grandson, fiddler Aslak O. Brimi, instigated the project and produced the album.  Hans W. Brimi was for a generation an ambassador for the traditional music of Lom and Ottadal. He is considered one of the foremost Norwegian folk musicians of the twentieth century, and was also an outstanding performer on the fiddle. In addition to his activities as a leading presenter of traditional music, Brimi was also a productive composer. He wrote nearly 60 fiddle tunes, many of which were inspired by myths and superstitions as well as the everyday life and events that took place at the Brimi farmstead and summer mountain farm in the northeastern part of Jotunheimen. On W \u2013 Music by Hans W. Brimi some of his finest tunes are presented in new interpretations by several of the most prominent folk music performers in Norway today: the Gjermund Larsen Trio, Sigbj\u00f8rn Apeland and Nils \u00d8kland, Astrid Sulheim, Leif Ingvar Ran\u00f8ien, Per Anders Buen Garn\u00e5s, the trio H\u00e5tt, the duo Erlend Viken\/Aslak O. Brimi, and Gudbrandsd\u00f8lenes Spelemanslag. This CD also includes a new, remastered version of Hans W. Brimi\u2019s solo album Hyljarhildring, originally released in 1987. He celebrated his 70th birthday that year, and the record marked a musical high point of his life as a fiddler. The album consists of 19 of Brimi\u2019s own compositions that were recorded at Rainbow Studio with technicians Jan Erik Kongshaug and Rune Lindquist. It was previously available only as an LP. These two albums together offer a comprehensive picture of Hans W. Brimi\u2019s great musical legacy.<\/p>\n<p><!--more--><\/p>\n<p>The double album W \u2013 Music by Hans W. Brimi pays tribute to the well-known fiddler from Garmo in Lom. Hans W. Brimi\u2019s grandson, fiddler Aslak O. Brimi, instigated the project and produced the album.<\/p>\n<h4>New interpretations<\/h4>\n<p>On W \u2013 Music by Hans W. Brimi some of his finest tunes are presented in new interpretations by several of the most prominent folk music performers in Norway today: the Gjermund Larsen Trio, Sigbj\u00f8rn Apeland and Nils \u00d8kland, Astrid Sulheim, Leif Ingvar Ran\u00f8ien, Per Anders Buen Garn\u00e5s, the trio H\u00e5tt, the duo Erlend Viken\/Aslak O. Brimi, and Gudbrandsd\u00f8lenes Spelemanslag.<\/p>\n<p>The musicians have been given free rein to explore and challenge the music in their own ways. Hans W. Brimi was famous for taking a broad view of what was right and wrong in folk music. He himself said, in Arvid M\u00f8ller\u2019s biography Den vare tonen (The Sensitive Tone): \u201cEach individual fiddler must interpret a tune from his own point of departure. (\u2026) The fiddler should identify with the tune, and must give of himself. This is what folk music is all about.\u201d<\/p>\n<h4>Hyljarhildring<\/h4>\n<p>This CD also includes a new, remastered version of Hans W. Brimi\u2019s solo album Hyljarhildring, originally released in 1987. He celebrated his 70th birthday that year, and the record marked a musical high point of his life as a fiddler. The album consists of 19 of Brimi\u2019s own compositions that were recorded at Rainbow Studio with technicians Jan Erik Kongshaug and Rune Lindquist. It was previously available only as an LP. These two albums together offer a comprehensive picture of Hans W. Brimi\u2019s great musical legacy.<\/p>\n<h4><\/h4>\n<\/p>\n<p><\/p>","protected":false},"excerpt":{"rendered":"<p>These two albums together offer a comprehensive picture of Hans W. Brimi\u2019s great musical legacy.<\/p>\n","protected":false},"featured_media":27308,"comment_status":"closed","ping_status":"open","template":"","meta":[],"product_brand":[],"product_cat":[35],"product_tag":[],"class_list":{"0":"post-866","1":"product","2":"type-product","3":"status-publish","4":"has-post-thumbnail","6":"product_cat-heilo","7":"product_shipping_class-cddvd-shipping","8":"uni_artist_tag-anders-erik-roine","9":"uni_artist_tag-andreas-utnem","10":"uni_artist_tag-aslak-opsahl-brimi","11":"uni_artist_tag-astrid-sulheim","12":"uni_artist_tag-erlend-viken","13":"uni_artist_tag-gjermund-larsen","14":"uni_artist_tag-gjermund-larsen-trio","15":"uni_artist_tag-hans-w-brimi","16":"uni_artist_tag-leif-ingvar-ranoien","17":"uni_artist_tag-nils-okland","18":"uni_artist_tag-nils-oyvind-bergset","19":"uni_artist_tag-per-anders-buen-garnas","20":"uni_artist_tag-sigbjorn-apeland","21":"uni_artist_tag-sondre-meisfjord","22":"uni_main_artist_tag-hans-w-brimi","23":"uni_artist_genre-folk-music","25":"first","26":"instock","27":"taxable","28":"shipping-taxable","29":"purchasable","30":"product-type-simple"},"_links":{"self":[{"href":"https:\/\/grappa.no\/en\/wp-json\/wp\/v2\/product\/866","targetHints":{"allow":["GET"]}}],"collection":[{"href":"https:\/\/grappa.no\/en\/wp-json\/wp\/v2\/product"}],"about":[{"href":"https:\/\/grappa.no\/en\/wp-json\/wp\/v2\/types\/product"}],"replies":[{"embeddable":true,"href":"https:\/\/grappa.no\/en\/wp-json\/wp\/v2\/comments?post=866"}],"wp:featuredmedia":[{"embeddable":true,"href":"https:\/\/grappa.no\/en\/wp-json\/wp\/v2\/media\/27308"}],"wp:attachment":[{"href":"https:\/\/grappa.no\/en\/wp-json\/wp\/v2\/media?parent=866"}],"wp:term":[{"taxonomy":"product_brand","embeddable":true,"href":"https:\/\/grappa.no\/en\/wp-json\/wp\/v2\/product_brand?post=866"},{"taxonomy":"product_cat","embeddable":true,"href":"https:\/\/grappa.no\/en\/wp-json\/wp\/v2\/product_cat?post=866"},{"taxonomy":"product_tag","embeddable":true,"href":"https:\/\/grappa.no\/en\/wp-json\/wp\/v2\/product_tag?post=866"}],"curies":[{"name":"wp","href":"https:\/\/api.w.org\/{rel}","templated":true}]}}