{"id":864,"date":"2015-10-16T00:00:00","date_gmt":"2015-10-15T23:00:00","guid":{"rendered":"http:\/\/www.grappa.no\/albums\/uncategorized\/host-autumn-fall\/"},"modified":"2016-04-19T19:17:37","modified_gmt":"2016-04-19T18:17:37","slug":"host-autumn-fall","status":"publish","type":"product","link":"https:\/\/grappa.no\/en\/albums\/grappa\/host-autumn-fall\/","title":{"rendered":"H\u00f8st Autumn Fall"},"content":{"rendered":"<p><\/p>\n<p>Original Soundtrack by Jan Vard\u00f8en<\/p>\n<p>Jan Vard\u00f8en premiere his new movie &quot;H\u00f8st Autumn Fall&quot; the 16th of October. He has composed the music himself , and Nils Petter Molv\u00e6r contributes as soloist. <\/p>\n<p>In the movie &quot;H\u00f8st Autumn Fall&quot;, Ingeborg Sundrehagen Raust\u00f8l debuts as the main character, while Helge Jordal and Sverre Anker Ousdal reunite on film , 30 years after &quot;Orions Belte&quot;. The most important thing for Vard\u00f8en is to use the right ingredients in everything he does, and in &quot;H\u00f8st&quot; he combines Oslo in its finest season with some of Norway&#8217;s best actors.<\/p>\n<p><!--more--><\/p>\n<h4><\/h4>\n<\/p>\n<h4><\/h4>\n<\/p>\n<h4><\/h4>\n<\/p>\n<p><\/p>","protected":false},"excerpt":{"rendered":"<p>He has composed the music himself , and Nils Petter Molv\u00e6r contribute as sollist. Here&#8217;s the original soundtrack.<\/p>\n","protected":false},"featured_media":27202,"comment_status":"closed","ping_status":"open","template":"","meta":[],"product_brand":[],"product_cat":[6],"product_tag":[],"class_list":{"0":"post-864","1":"product","2":"type-product","3":"status-publish","4":"has-post-thumbnail","6":"product_cat-grappa","7":"product_shipping_class-cddvd-shipping","8":"uni_artist_tag-jan-vardoen","9":"uni_main_artist_tag-jan-vardoen","10":"uni_artist_genre-soundtrack","12":"first","13":"instock","14":"taxable","15":"shipping-taxable","16":"purchasable","17":"product-type-simple"},"_links":{"self":[{"href":"https:\/\/grappa.no\/en\/wp-json\/wp\/v2\/product\/864","targetHints":{"allow":["GET"]}}],"collection":[{"href":"https:\/\/grappa.no\/en\/wp-json\/wp\/v2\/product"}],"about":[{"href":"https:\/\/grappa.no\/en\/wp-json\/wp\/v2\/types\/product"}],"replies":[{"embeddable":true,"href":"https:\/\/grappa.no\/en\/wp-json\/wp\/v2\/comments?post=864"}],"wp:featuredmedia":[{"embeddable":true,"href":"https:\/\/grappa.no\/en\/wp-json\/wp\/v2\/media\/27202"}],"wp:attachment":[{"href":"https:\/\/grappa.no\/en\/wp-json\/wp\/v2\/media?parent=864"}],"wp:term":[{"taxonomy":"product_brand","embeddable":true,"href":"https:\/\/grappa.no\/en\/wp-json\/wp\/v2\/product_brand?post=864"},{"taxonomy":"product_cat","embeddable":true,"href":"https:\/\/grappa.no\/en\/wp-json\/wp\/v2\/product_cat?post=864"},{"taxonomy":"product_tag","embeddable":true,"href":"https:\/\/grappa.no\/en\/wp-json\/wp\/v2\/product_tag?post=864"}],"curies":[{"name":"wp","href":"https:\/\/api.w.org\/{rel}","templated":true}]}}