{"id":860,"date":"2012-11-23T00:00:00","date_gmt":"2012-11-22T23:00:00","guid":{"rendered":"http:\/\/www.grappa.no\/albums\/uncategorized\/julestemning-i-nidarosdomen\/"},"modified":"2016-04-19T19:17:33","modified_gmt":"2016-04-19T18:17:33","slug":"julestemning-i-nidarosdomen","status":"publish","type":"product","link":"https:\/\/grappa.no\/en\/albums\/grappa\/julestemning-i-nidarosdomen\/","title":{"rendered":"Julestemning i Nidarosdomen"},"content":{"rendered":"<p><\/p>\n<p>New Christmas album from The Nidaros Cathedral Boys&#8217; Choir <\/p>\n<p>The Nidaros Cathedral Boys&#8217; Choir and director Bj\u00f8rn Moe invite us to listen, as well as sing along, to their new Christmas album, \u201cJulestemning i Nidarosdomen\u201d. The choir\u2019s Christmas concerts are a long and fine tradition, and on this year\u2019s Christmas album they are accompanied by some of Norway\u2019s leading artists, all from the district of Tr\u00f8nderlag: \u00c5ge Alexandersen, Bjarne Br\u00f8ndbo, Harald Bj\u00f8rk\u00f8y, and Henning Sommerro. Arve Tellefsen, who has performed with the choir for many years, is also featured on this release. With musicians from Trondheim Symphony Orchestra, this is a Christmas album consisting of a wonderfully rich repertoire. The Nidaros Cathedral Boys&#8217; Choir wishes to sing familiar Christmas songs anew, giving them a renewed sound and meaning.<\/p>\n<p><!--more--><\/p>\n<h4><\/h4>\n<\/p>\n<h4><\/h4>\n<\/p>\n<h4><\/h4>\n<\/p>\n<p><\/p>","protected":false},"excerpt":{"rendered":"<p>The Nidaros Cathedral Boys&#8217; Choir wishes to sing familiar Christmas songs anew, giving them a renewed sound and meaning.<\/p>\n","protected":false},"featured_media":27064,"comment_status":"closed","ping_status":"open","template":"","meta":[],"product_brand":[],"product_cat":[6],"product_tag":[],"class_list":{"0":"post-860","1":"product","2":"type-product","3":"status-publish","4":"has-post-thumbnail","6":"product_cat-grappa","7":"product_shipping_class-cddvd-shipping","8":"uni_artist_tag-adolphe-c-adam","9":"uni_artist_tag-age-aleksandersen","10":"uni_artist_tag-arnulf-johansen","11":"uni_artist_tag-arve-tellefsen","12":"uni_artist_tag-bjarne-brondbo","13":"uni_artist_tag-bjorn-moe","14":"uni_artist_tag-camille-saint-saens","15":"uni_artist_tag-carl-andreas-naess","16":"uni_artist_tag-emmy-kohler","17":"uni_artist_tag-erling-with-aasgard","18":"uni_artist_tag-frode-alnaes","19":"uni_artist_tag-frode-hoff","20":"uni_artist_tag-gard-wedo","21":"uni_artist_tag-gordon-thornett","22":"uni_artist_tag-gunnar-pedersen","23":"uni_artist_tag-gustav-holst","24":"uni_artist_tag-harald-bjorkoy","25":"uni_artist_tag-henning-sommerro","26":"uni_artist_tag-isak-demelash-brenne","27":"uni_artist_tag-l-m-lindeman","28":"uni_artist_tag-nidaros-symfoniorkester","29":"uni_artist_tag-the-nidaros-catherdral-boys-choir","30":"uni_artist_tag-trad","31":"uni_artist_tag-trygve-hoff","32":"uni_artist_tag-vegard-landaas","33":"uni_main_artist_tag-arve-tellefsen","34":"uni_artist_genre-choir","35":"uni_artist_genre-christmas-music","36":"uni_artist_genre-easy-listening","37":"uni_artist_genre-religious","39":"first","40":"instock","41":"taxable","42":"shipping-taxable","43":"purchasable","44":"product-type-simple"},"_links":{"self":[{"href":"https:\/\/grappa.no\/en\/wp-json\/wp\/v2\/product\/860","targetHints":{"allow":["GET"]}}],"collection":[{"href":"https:\/\/grappa.no\/en\/wp-json\/wp\/v2\/product"}],"about":[{"href":"https:\/\/grappa.no\/en\/wp-json\/wp\/v2\/types\/product"}],"replies":[{"embeddable":true,"href":"https:\/\/grappa.no\/en\/wp-json\/wp\/v2\/comments?post=860"}],"wp:featuredmedia":[{"embeddable":true,"href":"https:\/\/grappa.no\/en\/wp-json\/wp\/v2\/media\/27064"}],"wp:attachment":[{"href":"https:\/\/grappa.no\/en\/wp-json\/wp\/v2\/media?parent=860"}],"wp:term":[{"taxonomy":"product_brand","embeddable":true,"href":"https:\/\/grappa.no\/en\/wp-json\/wp\/v2\/product_brand?post=860"},{"taxonomy":"product_cat","embeddable":true,"href":"https:\/\/grappa.no\/en\/wp-json\/wp\/v2\/product_cat?post=860"},{"taxonomy":"product_tag","embeddable":true,"href":"https:\/\/grappa.no\/en\/wp-json\/wp\/v2\/product_tag?post=860"}],"curies":[{"name":"wp","href":"https:\/\/api.w.org\/{rel}","templated":true}]}}