{"id":810,"date":"2012-05-11T00:00:00","date_gmt":"2012-05-10T23:00:00","guid":{"rendered":"http:\/\/www.grappa.no\/albums\/uncategorized\/stjerner-lyser-hvite\/"},"modified":"2023-10-04T13:48:02","modified_gmt":"2023-10-04T12:48:02","slug":"stjerner-lyser-hvite","status":"publish","type":"product","link":"https:\/\/grappa.no\/en\/albums\/grappa\/stjerner-lyser-hvite\/","title":{"rendered":"Stjerner Lyser Hvite"},"content":{"rendered":"<p><\/p>\n<p>100 years since the birth of Jens Gunderssen<\/p>\n<p>This double CD release marks the 100 years since the actor, director, theater manager, composer, singer and poet Jens Gunderssen was born. Jens Gunderssen became nationally known through radio, phonograph, view events and tours. His soft-spoken, warm and melodic folk songs, often to his own guitar or lute accompaniment represented almost a separate genre when he came on the phonograph market in the 1940s. Jens Gunderssens great-nephew, Karl-Henrik Gunderssen has collected a bunch of Norwegian singers to celebrate this. Among the participants, we find, Lars Bremnes, Jan Erik Vold, Helene B\u00f8ksle, Lars Lillo-Stenberg, Alf Cranner, Aasmund Nordstoga, Ola Bremnes, Finn Coren, Ivar B\u00f8ksle, Eivind B\u00f8ksle, Lars Klevstrand, Kari Iveland, Geirr Lystrup, J\u00f8rn Simen \u00d8verli. It also contains interesting constellations with Lars Fredrik Beck Power (The Lillos), Espen Beranek Holm, Trygve Mathiesen (YM Stammen), Arvid Skancke-Knutsen (White Lord Jesus), Chris Erichsen (The Aller V\u00e6rste), Paul Angelsk\u00e5r (Minor Majority) and Harald Are Lund (NRK). Musicians are Stian Carstensen, Tone Hulb\u00e6kmo, \u00c5smund Reistad, Helge Lien, Tom Lund, Kristine Asmundsen, Geir Jenssen (Biosphere), etc.<\/p>\n<p><!--more--><\/p>\n<p>This double CD release marks the 100 years since the actor, director, theater manager, composer, singer and poet Jens Gunderssen was born.<\/p>\n<h4>Norwegian artists<\/h4>\n<p>Jens Gunderssens great-nephew, Karl-Henrik Gunderssen has collected a bunch of Norwegian singers to celebrate this. Among the participants, we find, Lars Bremnes, Jan Erik Vold, Helene B\u00f8ksle, Lars Lillo-Stenberg, Alf Cranner, Aasmund Nordstoga, Ola Bremnes, Finn Coren, Ivar B\u00f8ksle, Eivind B\u00f8ksle, Lars Klevstrand, Kari Iveland, Geirr Lystrup, J\u00f8rn Simen \u00d8verli. It also contains interesting constellations with Lars Fredrik Beck Power (The Lillos), Espen Beranek Holm, Trygve Mathiesen (YM Stammen), Arvid Skancke-Knutsen (White Lord Jesus), Chris Erichsen (The Aller V\u00e6rste), Paul Angelsk\u00e5r (Minor Majority) and Harald Are Lund (NRK). Musicians are Stian Carstensen, Tone Hulb\u00e6kmo, \u00c5smund Reistad, Helge Lien, Tom Lund, Kristine Asmundsen, Geir Jenssen (Biosphere), etc.<\/p>\n<h4>Stars light up white<\/h4>\n<p>The title was based on Gunderssens most famous song, Vuggevise &#8211; some come, some go, some die in our life. Stars light up white. Jens Gunderssens texts circuits roughly about two main topics: Life on the rocks down on the South Coast, and the great urgency about the human life&#8217;s journey towards death.<br \/>\nThis double CD release comes with a 32-page booklet about the life of Jens Gunderssens, and a 32-page booklet with all lyrics. In the book there are drawings of Thorbj\u00f8rn Egner, Odd B\u00f8rretszen, Ulf Aas, Ivar Mauritz-Hansen and unpublished drawings by Magne Soone. In addition, there are photographs by master photographer Kjell Sten Tollefsen.<\/p>\n<h4><\/h4>\n<p><\/p>","protected":false},"excerpt":{"rendered":"<p>This double CD release comes with a 32-page booklet about the life of Jens Gunderssens, and a 32-page booklet with all lyrics.<\/p>\n","protected":false},"featured_media":27078,"comment_status":"closed","ping_status":"closed","template":"","meta":[],"product_brand":[],"product_cat":[6],"product_tag":[],"class_list":{"0":"post-810","1":"product","2":"type-product","3":"status-publish","4":"has-post-thumbnail","6":"product_cat-grappa","7":"product_shipping_class-cddvd-shipping","8":"uni_artist_tag-aasmund-nordstoga","9":"uni_artist_tag-alf-cranner","10":"uni_artist_tag-arvid-skancke-knutsen","11":"uni_artist_tag-asmund-reistad","12":"uni_artist_tag-chris-erichsen","13":"uni_artist_tag-eivind-boksle","14":"uni_artist_tag-eivind-lorentzen","15":"uni_artist_tag-espen-beranek-holm","16":"uni_artist_tag-finn-coren","17":"uni_artist_tag-geir-jenssen","18":"uni_artist_tag-geirr-lystrup","19":"uni_artist_tag-harald-are-lund","20":"uni_artist_tag-hector-novas","21":"uni_artist_tag-helene-boksle","22":"uni_artist_tag-helge-lien","23":"uni_artist_tag-ivar-boksle","24":"uni_artist_tag-jan-erik-vold","25":"uni_artist_tag-jens-gunderssen","26":"uni_artist_tag-jorn-raknes","27":"uni_artist_tag-jorn-simen-overli","28":"uni_artist_tag-kare-siem","29":"uni_artist_tag-kari-iveland","30":"uni_artist_tag-karl-henrik-gunderssen","31":"uni_artist_tag-lars-bremnes","32":"uni_artist_tag-lars-fredrik-beckstrom","33":"uni_artist_tag-lars-klevestrand","34":"uni_artist_tag-lars-lillo-stenberg","35":"uni_artist_tag-ola-bremnes","36":"uni_artist_tag-ole-bendik-eilertsen","37":"uni_artist_tag-oivind-hanes","38":"uni_artist_tag-oystein-vesaas","39":"uni_artist_tag-pal-angleskar","40":"uni_artist_tag-petter-waldemar-nohr-unstad","41":"uni_artist_tag-steinar-refsdal","42":"uni_artist_tag-stian-carstensen","43":"uni_artist_tag-terje-nohr","44":"uni_artist_tag-tine-asmundsen","45":"uni_artist_tag-tom-s-lund","46":"uni_artist_tag-tone-hulbaekmo","47":"uni_artist_tag-trygve-mathiesen","48":"uni_main_artist_tag-lars-bremnes","49":"uni_artist_genre-folk-music","50":"uni_artist_genre-pop","52":"first","53":"outofstock","54":"taxable","55":"shipping-taxable","56":"purchasable","57":"product-type-simple"},"_links":{"self":[{"href":"https:\/\/grappa.no\/en\/wp-json\/wp\/v2\/product\/810","targetHints":{"allow":["GET"]}}],"collection":[{"href":"https:\/\/grappa.no\/en\/wp-json\/wp\/v2\/product"}],"about":[{"href":"https:\/\/grappa.no\/en\/wp-json\/wp\/v2\/types\/product"}],"replies":[{"embeddable":true,"href":"https:\/\/grappa.no\/en\/wp-json\/wp\/v2\/comments?post=810"}],"wp:featuredmedia":[{"embeddable":true,"href":"https:\/\/grappa.no\/en\/wp-json\/wp\/v2\/media\/27078"}],"wp:attachment":[{"href":"https:\/\/grappa.no\/en\/wp-json\/wp\/v2\/media?parent=810"}],"wp:term":[{"taxonomy":"product_brand","embeddable":true,"href":"https:\/\/grappa.no\/en\/wp-json\/wp\/v2\/product_brand?post=810"},{"taxonomy":"product_cat","embeddable":true,"href":"https:\/\/grappa.no\/en\/wp-json\/wp\/v2\/product_cat?post=810"},{"taxonomy":"product_tag","embeddable":true,"href":"https:\/\/grappa.no\/en\/wp-json\/wp\/v2\/product_tag?post=810"}],"curies":[{"name":"wp","href":"https:\/\/api.w.org\/{rel}","templated":true}]}}