{"id":806,"date":"2012-02-10T00:00:00","date_gmt":"2012-02-09T23:00:00","guid":{"rendered":"http:\/\/www.grappa.no\/albums\/uncategorized\/khoom-loy\/"},"modified":"2016-08-16T08:35:53","modified_gmt":"2016-08-16T07:35:53","slug":"khoom-loy","status":"publish","type":"product","link":"https:\/\/grappa.no\/en\/albums\/heilo\/khoom-loy\/","title":{"rendered":"Khoom Loy"},"content":{"rendered":"<p><\/p>\n<p>New Solo Album from Annbj\u00f8rg Lien<\/p>\n<p>Khoom Loy is a world music-production she has not done since the releases Prisme and Baba Yaga. Annbj\u00f8rg Lien draws inspiration from a variety of traditions, with creativity, professionalism and intensity. With basis in Norwegian traditional music, she invites us to a sensitive and thrilling journey through different moods and styles. Annbj\u00f8rg demonstrates again that she is one of our most innovative artists. She has a broad musical expression including the Hardanger fiddle, fiddle, key harp and vocals, and connects traditional instruments and melodies with the modern. Norwegian, Irish and Eastern folk music salute jazz, rock and other contemporary sounds. It is as natural to use Nepalese guest musicians as it is to set music to poems by Jakob Sande and Andr\u00e9 Bjerke or to self-written texts. The music alternates between the intense and heartfelt, the local moods and magnificent views, between instrumental music and songs. The album is produced by Bj\u00f8rn Ole Rasch and recorded in Kongshavn Studios in Kristiansand.<\/p>\n<p><!--more--><\/p>\n<p>Building bridges<\/p>\n<h4>Musical Odyssey<\/h4>\n<p>Annbj\u00f8rg Lien explores a broad range of traditions with true professionalism and playfulness. From her roots in Northern music she invites us on a sensitive and sparkling odyssey through a wide set of moods and styles. Annbj\u00f8rg once again shows that she is one of Norway\u2019s most innovative artists, combining new and traditional instruments and soundscapes.<\/p>\n<h4>Khoom Loy<\/h4>\n<p>Also the album title evokes many themes. Khoom Loy is Thai for the airborne paper lanterns of Asian tradition, symbolizing wisdom, guidance and conveying wishes to heaven. Red lanterns are used for celebrations, green means growth, purple is for opportunity, pink for love and white is for health. Such a specter of colors and good wishes signifies The East meeting The West, not to forget The North, building bridges between traditions and temperatures, looking forward as well as backward. Traditional Norwegian, Irish and Asian music interact with jazz, rock and other contemporary styles. It feels just as natural with Nepalese musicians as tunes based on poems by Norwegian writers Jakob Sande and Andr\u00e9 Bjerke. The music moves from the intense to the evocative, from local moods to vast visions, from instrumentals to songs.<\/p>\n<h4>Eight solo album<\/h4>\n<p>This is Annbj\u00f8rg\u2019s eight solo album. She has also released albums with others, such as Bukkene Bruse who played during the closing ceremony at the 1994 Winter Olympics at Lillehammer. Bj\u00f8rn Ole Rasch is producer and keyboard player. All music is by Annbj\u00f8rg Lien and Bj\u00f8rn Ole Rasch, and the album is recorded at Kongshavn Studio in Kristiansand, with the North Sea the closest neighbor.<\/p>\n<p><\/p>","protected":false},"excerpt":{"rendered":"<p>Hear Annbj\u00f8rg Lien on vocals for the first time! A sensitive and thrilling journey through different moods and styles.<\/p>\n","protected":false},"featured_media":27285,"comment_status":"closed","ping_status":"open","template":"","meta":[],"product_brand":[],"product_cat":[35],"product_tag":[],"class_list":{"0":"post-806","1":"product","2":"type-product","3":"status-publish","4":"has-post-thumbnail","6":"product_cat-heilo","7":"product_shipping_class-cddvd-shipping","8":"uni_artist_tag-annbjorg-lien","9":"uni_artist_tag-bjorn-charles-dreyer","10":"uni_artist_tag-bjorn-ole-rasch","11":"uni_artist_tag-durga-prasad-khatiwada","12":"uni_artist_tag-fredrik-sahlander","13":"uni_artist_tag-hans-fredrik-jacobsen","14":"uni_artist_tag-jiwan-rai","15":"uni_artist_tag-kjell-age-stoveland","16":"uni_artist_tag-kristiansand-string-quartet","17":"uni_artist_tag-mannskoret-gaasehud","18":"uni_artist_tag-orsa-spelman","19":"uni_artist_tag-pat-broaders","20":"uni_artist_tag-per-elias-drablos","21":"uni_artist_tag-per-hillestad","22":"uni_artist_tag-petter-wettre","23":"uni_artist_tag-prabhu-raj-dhakal","24":"uni_artist_tag-rabin-lal-shrestha","25":"uni_artist_tag-rolf-kristensen","26":"uni_artist_tag-rune-arnesen","27":"uni_artist_tag-suman-sachin","28":"uni_artist_tag-suresh-raj-bajracharya","29":"uni_artist_tag-tareq-abboushi","30":"uni_artist_tag-trad","31":"uni_artist_tag-ytre-randesund-studiokor","32":"uni_main_artist_tag-annbjorg-lien","33":"uni_artist_genre-folk-music","34":"uni_artist_genre-traditional","35":"uni_artist_genre-world-music","37":"first","38":"instock","39":"taxable","40":"shipping-taxable","41":"purchasable","42":"product-type-simple"},"_links":{"self":[{"href":"https:\/\/grappa.no\/en\/wp-json\/wp\/v2\/product\/806","targetHints":{"allow":["GET"]}}],"collection":[{"href":"https:\/\/grappa.no\/en\/wp-json\/wp\/v2\/product"}],"about":[{"href":"https:\/\/grappa.no\/en\/wp-json\/wp\/v2\/types\/product"}],"replies":[{"embeddable":true,"href":"https:\/\/grappa.no\/en\/wp-json\/wp\/v2\/comments?post=806"}],"wp:featuredmedia":[{"embeddable":true,"href":"https:\/\/grappa.no\/en\/wp-json\/wp\/v2\/media\/27285"}],"wp:attachment":[{"href":"https:\/\/grappa.no\/en\/wp-json\/wp\/v2\/media?parent=806"}],"wp:term":[{"taxonomy":"product_brand","embeddable":true,"href":"https:\/\/grappa.no\/en\/wp-json\/wp\/v2\/product_brand?post=806"},{"taxonomy":"product_cat","embeddable":true,"href":"https:\/\/grappa.no\/en\/wp-json\/wp\/v2\/product_cat?post=806"},{"taxonomy":"product_tag","embeddable":true,"href":"https:\/\/grappa.no\/en\/wp-json\/wp\/v2\/product_tag?post=806"}],"curies":[{"name":"wp","href":"https:\/\/api.w.org\/{rel}","templated":true}]}}