{"id":777,"date":"2011-06-17T00:00:00","date_gmt":"2011-06-16T23:00:00","guid":{"rendered":"http:\/\/www.grappa.no\/albums\/uncategorized\/visa-vid-vindens-angar\/"},"modified":"2016-08-16T08:35:41","modified_gmt":"2016-08-16T07:35:41","slug":"visa-vid-vindens-angar","status":"publish","type":"product","link":"https:\/\/grappa.no\/en\/albums\/grappa\/visa-vid-vindens-angar\/","title":{"rendered":"Visa vid Vindens \u00c4ngar"},"content":{"rendered":"<p><\/p>\n<p><!--more--><\/p>\n<h4><\/h4>\n<\/p>\n<h4><\/h4>\n<\/p>\n<h4><\/h4>\n<\/p>\n<p><\/p>","protected":false},"excerpt":{"rendered":"<p class=\"qtranxs-available-languages-message qtranxs-available-languages-message-en\">Sorry, this entry is only available in <a href=\"https:\/\/grappa.no\/no\/wp-json\/wp\/v2\/product\/777\" class=\"qtranxs-available-language-link qtranxs-available-language-link-no\" title=\"Norsk\">Norsk<\/a>.<\/p>\n<p>\u2013 Mats sine tekster handler om \u00e5 glede seg over sm\u00e5 og store ting i livet, og det h\u00e5per jeg dere vil gj\u00f8re etter \u00e5 ha h\u00f8rt gjennom albumet. Jeg synger p\u00e5 svensk, forresten. [Alex]<\/p>\n","protected":false},"featured_media":27055,"comment_status":"closed","ping_status":"open","template":"","meta":[],"product_brand":[],"product_cat":[6],"product_tag":[],"class_list":{"0":"post-777","1":"product","2":"type-product","3":"status-publish","4":"has-post-thumbnail","6":"product_cat-grappa","7":"product_shipping_class-cddvd-shipping","8":"uni_artist_tag-alexander-rybak","9":"uni_artist_tag-amalie-kvaksrud","10":"uni_artist_tag-borge-are-halvorsen","11":"uni_artist_tag-christine-kolstad-balk","12":"uni_artist_tag-gunnar-flagstad","13":"uni_artist_tag-knut-bjornar-asphol","14":"uni_artist_tag-magnus-westgaard","15":"uni_artist_tag-mats-paulson","16":"uni_artist_tag-monica-kilvaer","17":"uni_artist_tag-stian-carstensen","18":"uni_artist_tag-tone-lise-ramstad-asphol","19":"uni_artist_tag-torstein-lofthus","20":"uni_main_artist_tag-alexander-rybak","21":"uni_artist_genre-folk-music","22":"uni_artist_genre-singersongwriter","24":"first","25":"instock","26":"taxable","27":"shipping-taxable","28":"purchasable","29":"product-type-simple"},"_links":{"self":[{"href":"https:\/\/grappa.no\/en\/wp-json\/wp\/v2\/product\/777","targetHints":{"allow":["GET"]}}],"collection":[{"href":"https:\/\/grappa.no\/en\/wp-json\/wp\/v2\/product"}],"about":[{"href":"https:\/\/grappa.no\/en\/wp-json\/wp\/v2\/types\/product"}],"replies":[{"embeddable":true,"href":"https:\/\/grappa.no\/en\/wp-json\/wp\/v2\/comments?post=777"}],"wp:featuredmedia":[{"embeddable":true,"href":"https:\/\/grappa.no\/en\/wp-json\/wp\/v2\/media\/27055"}],"wp:attachment":[{"href":"https:\/\/grappa.no\/en\/wp-json\/wp\/v2\/media?parent=777"}],"wp:term":[{"taxonomy":"product_brand","embeddable":true,"href":"https:\/\/grappa.no\/en\/wp-json\/wp\/v2\/product_brand?post=777"},{"taxonomy":"product_cat","embeddable":true,"href":"https:\/\/grappa.no\/en\/wp-json\/wp\/v2\/product_cat?post=777"},{"taxonomy":"product_tag","embeddable":true,"href":"https:\/\/grappa.no\/en\/wp-json\/wp\/v2\/product_tag?post=777"}],"curies":[{"name":"wp","href":"https:\/\/api.w.org\/{rel}","templated":true}]}}